{"id":91,"date":"2023-02-13T20:08:22","date_gmt":"2023-02-13T19:08:22","guid":{"rendered":"https:\/\/sigma-shooting.pl\/?page_id=91"},"modified":"2023-02-14T20:23:36","modified_gmt":"2023-02-14T19:23:36","slug":"kontakt","status":"publish","type":"page","link":"https:\/\/sigma-shooting.pl\/?page_id=91","title":{"rendered":"KONTAKT"},"content":{"rendered":"\n<p>TOWARZYSTWO STRZELECKIE SIGMA SHOOTING <\/p>\n\n\n\n<p>UL. ROMANOWSKA 45<\/p>\n\n\n\n<p>91-174 \u0141\u00d3D\u0179<\/p>\n\n\n\n<p>REGON: 366121355<\/p>\n\n\n\n<p>NIP: 9471988441<\/p>\n\n\n\n<p><a href=\"KRS: 0000652508\">KRS: <\/a><a href=\"https:\/\/sigma-shooting.pl\/wp-content\/uploads\/2023\/02\/odpis_aktualny_652508_1676233571970.pdf\">0000652508<\/a><\/p>\n\n\n\n<p>Nr konta bankowego: mBank 88114020040000390276608679<\/p>\n\n\n\n<p>TEL. + 48 600 319 307<\/p>\n\n\n\n<script async src=\"https:\/\/pagead2.googlesyndication.com\/pagead\/js\/adsbygoogle.js?client=ca-pub-7218641471018334\"\n     crossorigin=\"anonymous\"><\/script>\n","protected":false},"excerpt":{"rendered":"<p>TOWARZYSTWO STRZELECKIE SIGMA SHOOTING UL. ROMANOWSKA 45 91-174 \u0141\u00d3D\u0179 REGON: 366121355 NIP: 9471988441 KRS: 0000652508 Nr konta bankowego: mBank 88114020040000390276608679 TEL. + 48 600 319 307<\/p>\n","protected":false},"author":2,"featured_media":0,"parent":0,"menu_order":0,"comment_status":"closed","ping_status":"closed","template":"","meta":{"footnotes":""},"class_list":["post-91","page","type-page","status-publish","hentry"],"yoast_head":"<!-- This site is optimized with the Yoast SEO plugin v24.3 - https:\/\/yoast.com\/wordpress\/plugins\/seo\/ -->\n<title>KONTAKT - TOWARZYSTWO STRZELECKIE SIGMA SHOOTING<\/title>\n<meta name=\"description\" content=\"Tutaj znajdziesz dane teleadresowe naszego stowarzyszenia: Towarzystwo Strzeleckie SIGMA SHOOTING, 91-174 \u0141\u00f3d\u017a, ul. Romanowska 45,\" \/>\n<meta name=\"robots\" content=\"index, follow, max-snippet:-1, max-image-preview:large, max-video-preview:-1\" \/>\n<link rel=\"canonical\" href=\"https:\/\/sigma-shooting.pl\/?page_id=91\" \/>\n<meta property=\"og:locale\" content=\"pl_PL\" \/>\n<meta property=\"og:type\" content=\"article\" \/>\n<meta property=\"og:title\" content=\"KONTAKT - TOWARZYSTWO STRZELECKIE SIGMA SHOOTING\" \/>\n<meta property=\"og:description\" content=\"Tutaj znajdziesz dane teleadresowe naszego stowarzyszenia: Towarzystwo Strzeleckie SIGMA SHOOTING, 91-174 \u0141\u00f3d\u017a, ul. Romanowska 45,\" \/>\n<meta property=\"og:url\" content=\"https:\/\/sigma-shooting.pl\/?page_id=91\" \/>\n<meta property=\"og:site_name\" content=\"TOWARZYSTWO STRZELECKIE SIGMA SHOOTING\" \/>\n<meta property=\"article:publisher\" content=\"https:\/\/www.facebook.com\/sigmashooting\" \/>\n<meta property=\"article:modified_time\" content=\"2023-02-14T19:23:36+00:00\" \/>\n<meta name=\"twitter:card\" content=\"summary_large_image\" \/>\n<meta name=\"twitter:label1\" content=\"Szacowany czas czytania\" \/>\n\t<meta name=\"twitter:data1\" content=\"1 minuta\" \/>\n<script type=\"application\/ld+json\" class=\"yoast-schema-graph\">{\"@context\":\"https:\/\/schema.org\",\"@graph\":[{\"@type\":\"WebPage\",\"@id\":\"https:\/\/sigma-shooting.pl\/?page_id=91\",\"url\":\"https:\/\/sigma-shooting.pl\/?page_id=91\",\"name\":\"KONTAKT - TOWARZYSTWO STRZELECKIE SIGMA SHOOTING\",\"isPartOf\":{\"@id\":\"https:\/\/sigma-shooting.pl\/#website\"},\"datePublished\":\"2023-02-13T19:08:22+00:00\",\"dateModified\":\"2023-02-14T19:23:36+00:00\",\"description\":\"Tutaj znajdziesz dane teleadresowe naszego stowarzyszenia: Towarzystwo Strzeleckie SIGMA SHOOTING, 91-174 \u0141\u00f3d\u017a, ul. Romanowska 45,\",\"breadcrumb\":{\"@id\":\"https:\/\/sigma-shooting.pl\/?page_id=91#breadcrumb\"},\"inLanguage\":\"pl-PL\",\"potentialAction\":[{\"@type\":\"ReadAction\",\"target\":[\"https:\/\/sigma-shooting.pl\/?page_id=91\"]}]},{\"@type\":\"BreadcrumbList\",\"@id\":\"https:\/\/sigma-shooting.pl\/?page_id=91#breadcrumb\",\"itemListElement\":[{\"@type\":\"ListItem\",\"position\":1,\"name\":\"Home\",\"item\":\"https:\/\/sigma-shooting.pl\/\"},{\"@type\":\"ListItem\",\"position\":2,\"name\":\"KONTAKT\"}]},{\"@type\":\"WebSite\",\"@id\":\"https:\/\/sigma-shooting.pl\/#website\",\"url\":\"https:\/\/sigma-shooting.pl\/\",\"name\":\"TOWARZYSTWO STRZELECKIE SIGMA SHOOTING\",\"description\":\"Wszystko na bie\u017c\u0105co co dzieje si\u0119 w naszym Klubie, jak r\u00f3wnie\u017c o planach przysz\u0142ych, r\u00f3wnie\u017c o naszej historii.\",\"publisher\":{\"@id\":\"https:\/\/sigma-shooting.pl\/#organization\"},\"potentialAction\":[{\"@type\":\"SearchAction\",\"target\":{\"@type\":\"EntryPoint\",\"urlTemplate\":\"https:\/\/sigma-shooting.pl\/?s={search_term_string}\"},\"query-input\":{\"@type\":\"PropertyValueSpecification\",\"valueRequired\":true,\"valueName\":\"search_term_string\"}}],\"inLanguage\":\"pl-PL\"},{\"@type\":\"Organization\",\"@id\":\"https:\/\/sigma-shooting.pl\/#organization\",\"name\":\"TOWARZYSTWO STRZELECKIE SIGMA SHOOTING\",\"url\":\"https:\/\/sigma-shooting.pl\/\",\"logo\":{\"@type\":\"ImageObject\",\"inLanguage\":\"pl-PL\",\"@id\":\"https:\/\/sigma-shooting.pl\/#\/schema\/logo\/image\/\",\"url\":\"https:\/\/sigma-shooting.pl\/wp-content\/uploads\/2023\/02\/cropped-ss_stopka.jpg\",\"contentUrl\":\"https:\/\/sigma-shooting.pl\/wp-content\/uploads\/2023\/02\/cropped-ss_stopka.jpg\",\"width\":269,\"height\":211,\"caption\":\"TOWARZYSTWO STRZELECKIE SIGMA SHOOTING\"},\"image\":{\"@id\":\"https:\/\/sigma-shooting.pl\/#\/schema\/logo\/image\/\"},\"sameAs\":[\"https:\/\/www.facebook.com\/sigmashooting\"]}]}<\/script>\n<!-- \/ Yoast SEO plugin. -->","yoast_head_json":{"title":"KONTAKT - TOWARZYSTWO STRZELECKIE SIGMA SHOOTING","description":"Tutaj znajdziesz dane teleadresowe naszego stowarzyszenia: Towarzystwo Strzeleckie SIGMA SHOOTING, 91-174 \u0141\u00f3d\u017a, ul. Romanowska 45,","robots":{"index":"index","follow":"follow","max-snippet":"max-snippet:-1","max-image-preview":"max-image-preview:large","max-video-preview":"max-video-preview:-1"},"canonical":"https:\/\/sigma-shooting.pl\/?page_id=91","og_locale":"pl_PL","og_type":"article","og_title":"KONTAKT - TOWARZYSTWO STRZELECKIE SIGMA SHOOTING","og_description":"Tutaj znajdziesz dane teleadresowe naszego stowarzyszenia: Towarzystwo Strzeleckie SIGMA SHOOTING, 91-174 \u0141\u00f3d\u017a, ul. Romanowska 45,","og_url":"https:\/\/sigma-shooting.pl\/?page_id=91","og_site_name":"TOWARZYSTWO STRZELECKIE SIGMA SHOOTING","article_publisher":"https:\/\/www.facebook.com\/sigmashooting","article_modified_time":"2023-02-14T19:23:36+00:00","twitter_card":"summary_large_image","twitter_misc":{"Szacowany czas czytania":"1 minuta"},"schema":{"@context":"https:\/\/schema.org","@graph":[{"@type":"WebPage","@id":"https:\/\/sigma-shooting.pl\/?page_id=91","url":"https:\/\/sigma-shooting.pl\/?page_id=91","name":"KONTAKT - TOWARZYSTWO STRZELECKIE SIGMA SHOOTING","isPartOf":{"@id":"https:\/\/sigma-shooting.pl\/#website"},"datePublished":"2023-02-13T19:08:22+00:00","dateModified":"2023-02-14T19:23:36+00:00","description":"Tutaj znajdziesz dane teleadresowe naszego stowarzyszenia: Towarzystwo Strzeleckie SIGMA SHOOTING, 91-174 \u0141\u00f3d\u017a, ul. Romanowska 45,","breadcrumb":{"@id":"https:\/\/sigma-shooting.pl\/?page_id=91#breadcrumb"},"inLanguage":"pl-PL","potentialAction":[{"@type":"ReadAction","target":["https:\/\/sigma-shooting.pl\/?page_id=91"]}]},{"@type":"BreadcrumbList","@id":"https:\/\/sigma-shooting.pl\/?page_id=91#breadcrumb","itemListElement":[{"@type":"ListItem","position":1,"name":"Home","item":"https:\/\/sigma-shooting.pl\/"},{"@type":"ListItem","position":2,"name":"KONTAKT"}]},{"@type":"WebSite","@id":"https:\/\/sigma-shooting.pl\/#website","url":"https:\/\/sigma-shooting.pl\/","name":"TOWARZYSTWO STRZELECKIE SIGMA SHOOTING","description":"Wszystko na bie\u017c\u0105co co dzieje si\u0119 w naszym Klubie, jak r\u00f3wnie\u017c o planach przysz\u0142ych, r\u00f3wnie\u017c o naszej historii.","publisher":{"@id":"https:\/\/sigma-shooting.pl\/#organization"},"potentialAction":[{"@type":"SearchAction","target":{"@type":"EntryPoint","urlTemplate":"https:\/\/sigma-shooting.pl\/?s={search_term_string}"},"query-input":{"@type":"PropertyValueSpecification","valueRequired":true,"valueName":"search_term_string"}}],"inLanguage":"pl-PL"},{"@type":"Organization","@id":"https:\/\/sigma-shooting.pl\/#organization","name":"TOWARZYSTWO STRZELECKIE SIGMA SHOOTING","url":"https:\/\/sigma-shooting.pl\/","logo":{"@type":"ImageObject","inLanguage":"pl-PL","@id":"https:\/\/sigma-shooting.pl\/#\/schema\/logo\/image\/","url":"https:\/\/sigma-shooting.pl\/wp-content\/uploads\/2023\/02\/cropped-ss_stopka.jpg","contentUrl":"https:\/\/sigma-shooting.pl\/wp-content\/uploads\/2023\/02\/cropped-ss_stopka.jpg","width":269,"height":211,"caption":"TOWARZYSTWO STRZELECKIE SIGMA SHOOTING"},"image":{"@id":"https:\/\/sigma-shooting.pl\/#\/schema\/logo\/image\/"},"sameAs":["https:\/\/www.facebook.com\/sigmashooting"]}]}},"_links":{"self":[{"href":"https:\/\/sigma-shooting.pl\/index.php?rest_route=\/wp\/v2\/pages\/91","targetHints":{"allow":["GET"]}}],"collection":[{"href":"https:\/\/sigma-shooting.pl\/index.php?rest_route=\/wp\/v2\/pages"}],"about":[{"href":"https:\/\/sigma-shooting.pl\/index.php?rest_route=\/wp\/v2\/types\/page"}],"author":[{"embeddable":true,"href":"https:\/\/sigma-shooting.pl\/index.php?rest_route=\/wp\/v2\/users\/2"}],"replies":[{"embeddable":true,"href":"https:\/\/sigma-shooting.pl\/index.php?rest_route=%2Fwp%2Fv2%2Fcomments&post=91"}],"version-history":[{"count":4,"href":"https:\/\/sigma-shooting.pl\/index.php?rest_route=\/wp\/v2\/pages\/91\/revisions"}],"predecessor-version":[{"id":218,"href":"https:\/\/sigma-shooting.pl\/index.php?rest_route=\/wp\/v2\/pages\/91\/revisions\/218"}],"wp:attachment":[{"href":"https:\/\/sigma-shooting.pl\/index.php?rest_route=%2Fwp%2Fv2%2Fmedia&parent=91"}],"curies":[{"name":"wp","href":"https:\/\/api.w.org\/{rel}","templated":true}]}}