{"id":741,"date":"2025-02-13T09:29:25","date_gmt":"2025-02-13T08:29:25","guid":{"rendered":"https:\/\/sigma-shooting.pl\/?page_id=741"},"modified":"2025-02-13T09:31:23","modified_gmt":"2025-02-13T08:31:23","slug":"ferie-zimowe-2025-z-sigma","status":"publish","type":"page","link":"https:\/\/sigma-shooting.pl\/?page_id=741","title":{"rendered":"FERIE ZIMOWE 2025 Z SIGM\u0104"},"content":{"rendered":"\n<figure class=\"wp-block-gallery has-nested-images columns-default is-cropped wp-block-gallery-1 is-layout-flex wp-block-gallery-is-layout-flex\">\n<figure class=\"wp-block-image size-large\"><img fetchpriority=\"high\" decoding=\"async\" width=\"1024\" height=\"1024\" data-id=\"738\" src=\"https:\/\/sigma-shooting.pl\/wp-content\/uploads\/2025\/02\/ferie-w-zelowie-1024x1024.jpg\" alt=\"\" class=\"wp-image-738\" srcset=\"https:\/\/sigma-shooting.pl\/wp-content\/uploads\/2025\/02\/ferie-w-zelowie-1024x1024.jpg 1024w, https:\/\/sigma-shooting.pl\/wp-content\/uploads\/2025\/02\/ferie-w-zelowie-300x300.jpg 300w, https:\/\/sigma-shooting.pl\/wp-content\/uploads\/2025\/02\/ferie-w-zelowie-150x150.jpg 150w, https:\/\/sigma-shooting.pl\/wp-content\/uploads\/2025\/02\/ferie-w-zelowie-768x768.jpg 768w, https:\/\/sigma-shooting.pl\/wp-content\/uploads\/2025\/02\/ferie-w-zelowie-1536x1536.jpg 1536w, https:\/\/sigma-shooting.pl\/wp-content\/uploads\/2025\/02\/ferie-w-zelowie-1200x1200.jpg 1200w, https:\/\/sigma-shooting.pl\/wp-content\/uploads\/2025\/02\/ferie-w-zelowie.jpg 2048w\" sizes=\"(max-width: 709px) 85vw, (max-width: 909px) 67vw, (max-width: 1362px) 62vw, 840px\" \/><\/figure>\n<\/figure>\n\n\n\n<p>Opracowanie graficzne: Gmina Zel\u00f3w<\/p>\n\n\n\n<p>Przygotowali\u015bmy dla Was nast\u0119puj\u0105ce atrakcje:<\/p>\n\n\n\n<p><img decoding=\"async\" height=\"16\" width=\"16\" alt=\"\ud83d\udcc5\" src=\"https:\/\/static.xx.fbcdn.net\/images\/emoji.php\/v9\/t7e\/1\/16\/1f4c5.png\"> Harmonogram:<\/p>\n\n\n\n<p><img decoding=\"async\" height=\"16\" width=\"16\" alt=\"\ud83d\udd39\" src=\"https:\/\/static.xx.fbcdn.net\/images\/emoji.php\/v9\/tf3\/1\/16\/1f539.png\"><a><\/a>17-21 oraz 24-28 lutego \u2013 zaj\u0119cia na strzelnicy (rozgrzewka, strzelanie z broni pneumatycznej, gry i zabawy) <img loading=\"lazy\" decoding=\"async\" height=\"16\" width=\"16\" alt=\"\ud83c\udfc6\" src=\"https:\/\/static.xx.fbcdn.net\/images\/emoji.php\/v9\/tbe\/1\/16\/1f3c6.png\"><img loading=\"lazy\" decoding=\"async\" height=\"16\" width=\"16\" alt=\"\ud83d\udd2b\" src=\"https:\/\/static.xx.fbcdn.net\/images\/emoji.php\/v9\/tfd\/1\/16\/1f52b.png\"> codziennie od 9:00 do 15:30<\/p>\n\n\n\n<p>Dodatkowo w dniach:<\/p>\n\n\n\n<p><img decoding=\"async\" height=\"16\" width=\"16\" alt=\"\ud83d\udd39\" src=\"https:\/\/static.xx.fbcdn.net\/images\/emoji.php\/v9\/tf3\/1\/16\/1f539.png\"> 20 lutego \u2013 mini turniej strzelecki <img loading=\"lazy\" decoding=\"async\" height=\"16\" width=\"16\" alt=\"\ud83c\udfaf\" src=\"https:\/\/static.xx.fbcdn.net\/images\/emoji.php\/v9\/tb0\/1\/16\/1f3af.png\"><\/p>\n\n\n\n<p><img decoding=\"async\" height=\"16\" width=\"16\" alt=\"\ud83d\udd39\" src=\"https:\/\/static.xx.fbcdn.net\/images\/emoji.php\/v9\/tf3\/1\/16\/1f539.png\"> 21 lutego \u2013 wycieczka do \u0141odzi (ZOO, basen FALA, EC1 Centrum Nauki i Techniki) <img loading=\"lazy\" decoding=\"async\" height=\"16\" width=\"16\" alt=\"\ud83c\udfca\u200d\u2642\ufe0f\" src=\"https:\/\/static.xx.fbcdn.net\/images\/emoji.php\/v9\/t59\/1\/16\/1f3ca_200d_2642.png\"><img loading=\"lazy\" decoding=\"async\" height=\"16\" width=\"16\" alt=\"\ud83d\udc18\" src=\"https:\/\/static.xx.fbcdn.net\/images\/emoji.php\/v9\/tf3\/1\/16\/1f418.png\"><img loading=\"lazy\" decoding=\"async\" height=\"16\" width=\"16\" alt=\"\ud83d\udd2c\" src=\"https:\/\/static.xx.fbcdn.net\/images\/emoji.php\/v9\/t7e\/1\/16\/1f52c.png\"><\/p>\n\n\n\n<p><img decoding=\"async\" height=\"16\" width=\"16\" alt=\"\ud83d\udd39\" src=\"https:\/\/static.xx.fbcdn.net\/images\/emoji.php\/v9\/tf3\/1\/16\/1f539.png\"> 26 lutego \u2013 spacer po Zelowie \u201e\u015aladami Braci Czeskich\u201d, w\u0119dr\u00f3wka na \u201ePATYKI\u201d <img loading=\"lazy\" decoding=\"async\" height=\"16\" width=\"16\" alt=\"\ud83d\udeb6\u200d\u2642\ufe0f\" src=\"https:\/\/static.xx.fbcdn.net\/images\/emoji.php\/v9\/t92\/1\/16\/1f6b6_200d_2642.png\"><img loading=\"lazy\" decoding=\"async\" height=\"16\" width=\"16\" alt=\"\ud83c\udf33\" src=\"https:\/\/static.xx.fbcdn.net\/images\/emoji.php\/v9\/t6b\/1\/16\/1f333.png\"><\/p>\n\n\n\n<p><img decoding=\"async\" height=\"16\" width=\"16\" alt=\"\ud83d\udd39\" src=\"https:\/\/static.xx.fbcdn.net\/images\/emoji.php\/v9\/tf3\/1\/16\/1f539.png\"> 28 lutego \u2013 wyjazd do kina HELIOS w Be\u0142chatowie \u2013 Premiera filmu \u201e100 dni do matury\u201d <img loading=\"lazy\" decoding=\"async\" height=\"16\" width=\"16\" alt=\"\ud83c\udfac\" src=\"https:\/\/static.xx.fbcdn.net\/images\/emoji.php\/v9\/t2d\/1\/16\/1f3ac.png\"><\/p>\n\n\n\n<p><img loading=\"lazy\" decoding=\"async\" height=\"16\" width=\"16\" alt=\"\u2139\ufe0f\" src=\"https:\/\/static.xx.fbcdn.net\/images\/emoji.php\/v9\/t8e\/1\/16\/2139.png\"> Informacje:<\/p>\n\n\n\n<p><img loading=\"lazy\" decoding=\"async\" height=\"16\" width=\"16\" alt=\"\u2705\" src=\"https:\/\/static.xx.fbcdn.net\/images\/emoji.php\/v9\/t33\/1\/16\/2705.png\"> Zaj\u0119cia jednodniowe<\/p>\n\n\n\n<p><img loading=\"lazy\" decoding=\"async\" height=\"16\" width=\"16\" alt=\"\u2705\" src=\"https:\/\/static.xx.fbcdn.net\/images\/emoji.php\/v9\/t33\/1\/16\/2705.png\"> Ograniczona liczba miejsc<\/p>\n\n\n\n<p><img loading=\"lazy\" decoding=\"async\" height=\"16\" width=\"16\" alt=\"\u2705\" src=\"https:\/\/static.xx.fbcdn.net\/images\/emoji.php\/v9\/t33\/1\/16\/2705.png\"> Ubezpieczenie NNW<\/p>\n\n\n\n<p><img loading=\"lazy\" decoding=\"async\" height=\"16\" width=\"16\" alt=\"\u2705\" src=\"https:\/\/static.xx.fbcdn.net\/images\/emoji.php\/v9\/t33\/1\/16\/2705.png\"> Odp\u0142atno\u015b\u0107: zaj\u0119cia na strzelnicy 40 z\u0142\/dzie\u0144, spacer 30 z\u0142, wycieczka do \u0141odzi 200 z\u0142, wyjazd do kina do ustalenia (cena zawiera ubezpieczenie NNW)<\/p>\n\n\n\n<p><img loading=\"lazy\" decoding=\"async\" height=\"16\" width=\"16\" alt=\"\u2705\" src=\"https:\/\/static.xx.fbcdn.net\/images\/emoji.php\/v9\/t33\/1\/16\/2705.png\"> Obiad w <a href=\"https:\/\/www.facebook.com\/pyszny.zakatek?__cft__[0]=AZUi3UWhIIkZKR-mvI4nu-_GMtIyqxHtjPvjPHveNLxG2541yv54LYkjWTImDYhrLNkVN_SG5SEGaUaahXpx--nm12D-KEWLFkiZpOtAOnVPHzP8iT4FMerwCUM9_Fm63dlFPeevv6RSZ84iW7ybg6VnuVgHlNXgQQnAFPZUfx-Z8lyq8QmSgnq7VfJdyLEtmP8&amp;__tn__=-]K-R\">Pyszny Zak\u0105tek<\/a> (-10% rabatu dla uczestnik\u00f3w) <img loading=\"lazy\" decoding=\"async\" height=\"16\" width=\"16\" alt=\"\ud83c\udf7d\ufe0f\" src=\"https:\/\/static.xx.fbcdn.net\/images\/emoji.php\/v9\/t98\/1\/16\/1f37d.png\"><\/p>\n\n\n\n<p><img loading=\"lazy\" decoding=\"async\" height=\"16\" width=\"16\" alt=\"\u2705\" src=\"https:\/\/static.xx.fbcdn.net\/images\/emoji.php\/v9\/t33\/1\/16\/2705.png\"> Deklaracje dost\u0119pne na strzelnicy w dniach 13-15 lutego (15:00-20:00)<\/p>\n\n\n\n<p><img loading=\"lazy\" decoding=\"async\" height=\"16\" width=\"16\" alt=\"\ud83d\udd17\" src=\"https:\/\/static.xx.fbcdn.net\/images\/emoji.php\/v9\/tb3\/1\/16\/1f517.png\"> Nie czekaj \u2013 liczba miejsc ograniczona! Szczeg\u00f3\u0142y na Strzelnicy SIGMA Zel\u00f3w, ul. Pileckiego 2.<\/p>\n\n\n\n<p>lub tel. 505 591 083 lub <a href=\"https:\/\/api.whatsapp.com\/send?phone=48600319307&amp;text=Link%3A%0Ahttps%3A%2F%2Ffb.me%2F5QrV0f1e2%0A%0AZobaczy%C5%82em(am)%20to%20na%20Facebooku...&amp;app=facebook&amp;fbclid=IwZXh0bgNhZW0CMTAAAR3qhGggDvNTE0me7riZdb47ZpBAp92mm0u21aj76q2qm4ZHGuTPvdRzsDg_aem_4ZPVuIHUoPLgv6ONOzezQA\" rel=\"noreferrer noopener\" target=\"_blank\">600 319 307<\/a><\/p>\n","protected":false},"excerpt":{"rendered":"<p>Opracowanie graficzne: Gmina Zel\u00f3w Przygotowali\u015bmy dla Was nast\u0119puj\u0105ce atrakcje: Harmonogram: 17-21 oraz 24-28 lutego \u2013 zaj\u0119cia na strzelnicy (rozgrzewka, strzelanie z broni pneumatycznej, gry i zabawy) codziennie od 9:00 do 15:30 Dodatkowo w dniach: 20 lutego \u2013 mini turniej strzelecki 21 lutego \u2013 wycieczka do \u0141odzi (ZOO, basen FALA, EC1 Centrum Nauki i Techniki) 26 &hellip; <a href=\"https:\/\/sigma-shooting.pl\/?page_id=741\" class=\"more-link\">Czytaj dalej<span class=\"screen-reader-text\"> \u201eFERIE ZIMOWE 2025 Z SIGM\u0104\u201d<\/span><\/a><\/p>\n","protected":false},"author":2,"featured_media":0,"parent":0,"menu_order":0,"comment_status":"closed","ping_status":"closed","template":"","meta":{"footnotes":""},"class_list":["post-741","page","type-page","status-publish","hentry"],"yoast_head":"<!-- This site is optimized with the Yoast SEO plugin v24.3 - https:\/\/yoast.com\/wordpress\/plugins\/seo\/ -->\n<title>FERIE ZIMOWE 2025 Z SIGM\u0104 - TOWARZYSTWO STRZELECKIE SIGMA SHOOTING<\/title>\n<meta name=\"robots\" content=\"index, follow, max-snippet:-1, max-image-preview:large, max-video-preview:-1\" \/>\n<link rel=\"canonical\" href=\"https:\/\/sigma-shooting.pl\/?page_id=741\" \/>\n<meta property=\"og:locale\" content=\"pl_PL\" \/>\n<meta property=\"og:type\" content=\"article\" \/>\n<meta property=\"og:title\" content=\"FERIE ZIMOWE 2025 Z SIGM\u0104 - TOWARZYSTWO STRZELECKIE SIGMA SHOOTING\" \/>\n<meta property=\"og:description\" content=\"Opracowanie graficzne: Gmina Zel\u00f3w Przygotowali\u015bmy dla Was nast\u0119puj\u0105ce atrakcje: Harmonogram: 17-21 oraz 24-28 lutego \u2013 zaj\u0119cia na strzelnicy (rozgrzewka, strzelanie z broni pneumatycznej, gry i zabawy) codziennie od 9:00 do 15:30 Dodatkowo w dniach: 20 lutego \u2013 mini turniej strzelecki 21 lutego \u2013 wycieczka do \u0141odzi (ZOO, basen FALA, EC1 Centrum Nauki i Techniki) 26 &hellip; Czytaj dalej \u201eFERIE ZIMOWE 2025 Z SIGM\u0104\u201d\" \/>\n<meta property=\"og:url\" content=\"https:\/\/sigma-shooting.pl\/?page_id=741\" \/>\n<meta property=\"og:site_name\" content=\"TOWARZYSTWO STRZELECKIE SIGMA SHOOTING\" \/>\n<meta property=\"article:publisher\" content=\"https:\/\/www.facebook.com\/sigmashooting\" \/>\n<meta property=\"article:modified_time\" content=\"2025-02-13T08:31:23+00:00\" \/>\n<meta property=\"og:image\" content=\"https:\/\/sigma-shooting.pl\/wp-content\/uploads\/2025\/02\/ferie-w-zelowie.jpg\" \/>\n\t<meta property=\"og:image:width\" content=\"2048\" \/>\n\t<meta property=\"og:image:height\" content=\"2048\" \/>\n\t<meta property=\"og:image:type\" content=\"image\/jpeg\" \/>\n<meta name=\"twitter:card\" content=\"summary_large_image\" \/>\n<meta name=\"twitter:label1\" content=\"Szacowany czas czytania\" \/>\n\t<meta name=\"twitter:data1\" content=\"6 minut\" \/>\n<script type=\"application\/ld+json\" class=\"yoast-schema-graph\">{\"@context\":\"https:\/\/schema.org\",\"@graph\":[{\"@type\":\"WebPage\",\"@id\":\"https:\/\/sigma-shooting.pl\/?page_id=741\",\"url\":\"https:\/\/sigma-shooting.pl\/?page_id=741\",\"name\":\"FERIE ZIMOWE 2025 Z SIGM\u0104 - TOWARZYSTWO STRZELECKIE SIGMA SHOOTING\",\"isPartOf\":{\"@id\":\"https:\/\/sigma-shooting.pl\/#website\"},\"primaryImageOfPage\":{\"@id\":\"https:\/\/sigma-shooting.pl\/?page_id=741#primaryimage\"},\"image\":{\"@id\":\"https:\/\/sigma-shooting.pl\/?page_id=741#primaryimage\"},\"thumbnailUrl\":\"https:\/\/sigma-shooting.pl\/wp-content\/uploads\/2025\/02\/ferie-w-zelowie-1024x1024.jpg\",\"datePublished\":\"2025-02-13T08:29:25+00:00\",\"dateModified\":\"2025-02-13T08:31:23+00:00\",\"breadcrumb\":{\"@id\":\"https:\/\/sigma-shooting.pl\/?page_id=741#breadcrumb\"},\"inLanguage\":\"pl-PL\",\"potentialAction\":[{\"@type\":\"ReadAction\",\"target\":[\"https:\/\/sigma-shooting.pl\/?page_id=741\"]}]},{\"@type\":\"ImageObject\",\"inLanguage\":\"pl-PL\",\"@id\":\"https:\/\/sigma-shooting.pl\/?page_id=741#primaryimage\",\"url\":\"https:\/\/sigma-shooting.pl\/wp-content\/uploads\/2025\/02\/ferie-w-zelowie.jpg\",\"contentUrl\":\"https:\/\/sigma-shooting.pl\/wp-content\/uploads\/2025\/02\/ferie-w-zelowie.jpg\",\"width\":2048,\"height\":2048},{\"@type\":\"BreadcrumbList\",\"@id\":\"https:\/\/sigma-shooting.pl\/?page_id=741#breadcrumb\",\"itemListElement\":[{\"@type\":\"ListItem\",\"position\":1,\"name\":\"Home\",\"item\":\"https:\/\/sigma-shooting.pl\/\"},{\"@type\":\"ListItem\",\"position\":2,\"name\":\"FERIE ZIMOWE 2025 Z SIGM\u0104\"}]},{\"@type\":\"WebSite\",\"@id\":\"https:\/\/sigma-shooting.pl\/#website\",\"url\":\"https:\/\/sigma-shooting.pl\/\",\"name\":\"TOWARZYSTWO STRZELECKIE SIGMA SHOOTING\",\"description\":\"Wszystko na bie\u017c\u0105co co dzieje si\u0119 w naszym Klubie, jak r\u00f3wnie\u017c o planach przysz\u0142ych, r\u00f3wnie\u017c o naszej historii.\",\"publisher\":{\"@id\":\"https:\/\/sigma-shooting.pl\/#organization\"},\"potentialAction\":[{\"@type\":\"SearchAction\",\"target\":{\"@type\":\"EntryPoint\",\"urlTemplate\":\"https:\/\/sigma-shooting.pl\/?s={search_term_string}\"},\"query-input\":{\"@type\":\"PropertyValueSpecification\",\"valueRequired\":true,\"valueName\":\"search_term_string\"}}],\"inLanguage\":\"pl-PL\"},{\"@type\":\"Organization\",\"@id\":\"https:\/\/sigma-shooting.pl\/#organization\",\"name\":\"TOWARZYSTWO STRZELECKIE SIGMA SHOOTING\",\"url\":\"https:\/\/sigma-shooting.pl\/\",\"logo\":{\"@type\":\"ImageObject\",\"inLanguage\":\"pl-PL\",\"@id\":\"https:\/\/sigma-shooting.pl\/#\/schema\/logo\/image\/\",\"url\":\"https:\/\/sigma-shooting.pl\/wp-content\/uploads\/2023\/02\/cropped-ss_stopka.jpg\",\"contentUrl\":\"https:\/\/sigma-shooting.pl\/wp-content\/uploads\/2023\/02\/cropped-ss_stopka.jpg\",\"width\":269,\"height\":211,\"caption\":\"TOWARZYSTWO STRZELECKIE SIGMA SHOOTING\"},\"image\":{\"@id\":\"https:\/\/sigma-shooting.pl\/#\/schema\/logo\/image\/\"},\"sameAs\":[\"https:\/\/www.facebook.com\/sigmashooting\"]}]}<\/script>\n<!-- \/ Yoast SEO plugin. -->","yoast_head_json":{"title":"FERIE ZIMOWE 2025 Z SIGM\u0104 - TOWARZYSTWO STRZELECKIE SIGMA SHOOTING","robots":{"index":"index","follow":"follow","max-snippet":"max-snippet:-1","max-image-preview":"max-image-preview:large","max-video-preview":"max-video-preview:-1"},"canonical":"https:\/\/sigma-shooting.pl\/?page_id=741","og_locale":"pl_PL","og_type":"article","og_title":"FERIE ZIMOWE 2025 Z SIGM\u0104 - TOWARZYSTWO STRZELECKIE SIGMA SHOOTING","og_description":"Opracowanie graficzne: Gmina Zel\u00f3w Przygotowali\u015bmy dla Was nast\u0119puj\u0105ce atrakcje: Harmonogram: 17-21 oraz 24-28 lutego \u2013 zaj\u0119cia na strzelnicy (rozgrzewka, strzelanie z broni pneumatycznej, gry i zabawy) codziennie od 9:00 do 15:30 Dodatkowo w dniach: 20 lutego \u2013 mini turniej strzelecki 21 lutego \u2013 wycieczka do \u0141odzi (ZOO, basen FALA, EC1 Centrum Nauki i Techniki) 26 &hellip; Czytaj dalej \u201eFERIE ZIMOWE 2025 Z SIGM\u0104\u201d","og_url":"https:\/\/sigma-shooting.pl\/?page_id=741","og_site_name":"TOWARZYSTWO STRZELECKIE SIGMA SHOOTING","article_publisher":"https:\/\/www.facebook.com\/sigmashooting","article_modified_time":"2025-02-13T08:31:23+00:00","og_image":[{"width":2048,"height":2048,"url":"https:\/\/sigma-shooting.pl\/wp-content\/uploads\/2025\/02\/ferie-w-zelowie.jpg","type":"image\/jpeg"}],"twitter_card":"summary_large_image","twitter_misc":{"Szacowany czas czytania":"6 minut"},"schema":{"@context":"https:\/\/schema.org","@graph":[{"@type":"WebPage","@id":"https:\/\/sigma-shooting.pl\/?page_id=741","url":"https:\/\/sigma-shooting.pl\/?page_id=741","name":"FERIE ZIMOWE 2025 Z SIGM\u0104 - TOWARZYSTWO STRZELECKIE SIGMA SHOOTING","isPartOf":{"@id":"https:\/\/sigma-shooting.pl\/#website"},"primaryImageOfPage":{"@id":"https:\/\/sigma-shooting.pl\/?page_id=741#primaryimage"},"image":{"@id":"https:\/\/sigma-shooting.pl\/?page_id=741#primaryimage"},"thumbnailUrl":"https:\/\/sigma-shooting.pl\/wp-content\/uploads\/2025\/02\/ferie-w-zelowie-1024x1024.jpg","datePublished":"2025-02-13T08:29:25+00:00","dateModified":"2025-02-13T08:31:23+00:00","breadcrumb":{"@id":"https:\/\/sigma-shooting.pl\/?page_id=741#breadcrumb"},"inLanguage":"pl-PL","potentialAction":[{"@type":"ReadAction","target":["https:\/\/sigma-shooting.pl\/?page_id=741"]}]},{"@type":"ImageObject","inLanguage":"pl-PL","@id":"https:\/\/sigma-shooting.pl\/?page_id=741#primaryimage","url":"https:\/\/sigma-shooting.pl\/wp-content\/uploads\/2025\/02\/ferie-w-zelowie.jpg","contentUrl":"https:\/\/sigma-shooting.pl\/wp-content\/uploads\/2025\/02\/ferie-w-zelowie.jpg","width":2048,"height":2048},{"@type":"BreadcrumbList","@id":"https:\/\/sigma-shooting.pl\/?page_id=741#breadcrumb","itemListElement":[{"@type":"ListItem","position":1,"name":"Home","item":"https:\/\/sigma-shooting.pl\/"},{"@type":"ListItem","position":2,"name":"FERIE ZIMOWE 2025 Z SIGM\u0104"}]},{"@type":"WebSite","@id":"https:\/\/sigma-shooting.pl\/#website","url":"https:\/\/sigma-shooting.pl\/","name":"TOWARZYSTWO STRZELECKIE SIGMA SHOOTING","description":"Wszystko na bie\u017c\u0105co co dzieje si\u0119 w naszym Klubie, jak r\u00f3wnie\u017c o planach przysz\u0142ych, r\u00f3wnie\u017c o naszej historii.","publisher":{"@id":"https:\/\/sigma-shooting.pl\/#organization"},"potentialAction":[{"@type":"SearchAction","target":{"@type":"EntryPoint","urlTemplate":"https:\/\/sigma-shooting.pl\/?s={search_term_string}"},"query-input":{"@type":"PropertyValueSpecification","valueRequired":true,"valueName":"search_term_string"}}],"inLanguage":"pl-PL"},{"@type":"Organization","@id":"https:\/\/sigma-shooting.pl\/#organization","name":"TOWARZYSTWO STRZELECKIE SIGMA SHOOTING","url":"https:\/\/sigma-shooting.pl\/","logo":{"@type":"ImageObject","inLanguage":"pl-PL","@id":"https:\/\/sigma-shooting.pl\/#\/schema\/logo\/image\/","url":"https:\/\/sigma-shooting.pl\/wp-content\/uploads\/2023\/02\/cropped-ss_stopka.jpg","contentUrl":"https:\/\/sigma-shooting.pl\/wp-content\/uploads\/2023\/02\/cropped-ss_stopka.jpg","width":269,"height":211,"caption":"TOWARZYSTWO STRZELECKIE SIGMA SHOOTING"},"image":{"@id":"https:\/\/sigma-shooting.pl\/#\/schema\/logo\/image\/"},"sameAs":["https:\/\/www.facebook.com\/sigmashooting"]}]}},"_links":{"self":[{"href":"https:\/\/sigma-shooting.pl\/index.php?rest_route=\/wp\/v2\/pages\/741","targetHints":{"allow":["GET"]}}],"collection":[{"href":"https:\/\/sigma-shooting.pl\/index.php?rest_route=\/wp\/v2\/pages"}],"about":[{"href":"https:\/\/sigma-shooting.pl\/index.php?rest_route=\/wp\/v2\/types\/page"}],"author":[{"embeddable":true,"href":"https:\/\/sigma-shooting.pl\/index.php?rest_route=\/wp\/v2\/users\/2"}],"replies":[{"embeddable":true,"href":"https:\/\/sigma-shooting.pl\/index.php?rest_route=%2Fwp%2Fv2%2Fcomments&post=741"}],"version-history":[{"count":1,"href":"https:\/\/sigma-shooting.pl\/index.php?rest_route=\/wp\/v2\/pages\/741\/revisions"}],"predecessor-version":[{"id":743,"href":"https:\/\/sigma-shooting.pl\/index.php?rest_route=\/wp\/v2\/pages\/741\/revisions\/743"}],"wp:attachment":[{"href":"https:\/\/sigma-shooting.pl\/index.php?rest_route=%2Fwp%2Fv2%2Fmedia&parent=741"}],"curies":[{"name":"wp","href":"https:\/\/api.w.org\/{rel}","templated":true}]}}