{"id":552,"date":"2024-05-29T16:47:43","date_gmt":"2024-05-29T14:47:43","guid":{"rendered":"https:\/\/sigma-shooting.pl\/?page_id=552"},"modified":"2024-05-29T19:59:55","modified_gmt":"2024-05-29T17:59:55","slug":"lista-startowa-vi-runda-pucharu-wojewodztwa","status":"publish","type":"page","link":"https:\/\/sigma-shooting.pl\/?page_id=552","title":{"rendered":"Lista startowa &#8222;VI RUNDA PUCHARU WOJEW\u00d3DZTWA&#8221;"},"content":{"rendered":"<p>\n\n\n<p><\/p>\n\n\n<\/p>\n<p>\n\n\n<figure class=\"wp-block-table\"><table><tbody><tr><td><\/td><td>1<\/td><td>2<\/td><td>3<\/td><td>4<\/td><td>5<\/td><td>6<\/td><td>7<\/td><td>8<\/td><\/tr><tr><td>12.00<\/td><td>LASOTA Dominik SOK\u00d3\u0141 Zdu\u0144ska Wola<\/td><td>MICHALSKA Hanna SOK\u00d3\u0141 Zdu\u0144ska Wola<\/td><td>PALMA Joanna SOK\u00d3\u0141 Zdu\u0144ska Wola<\/td><td>PALMA Stanis\u0142aw SOK\u00d3\u0141 Zdu\u0144ska Wola<\/td><td>MICHALSKA Alicja SOK\u00d3\u0141 Zdu\u0144ska Wola<\/td><td><\/td><td><\/td><td><\/td><\/tr><tr><td>12.45<\/td><td>Oskar PIETRZAK SIGMA SHOOTING \u0141\u00f3d\u017a<\/td><td>Agata BURESZ SIGMA SHOOTING \u0141\u00f3d\u017a<\/td><td><br>NOWICKA Martyna SIGMA SHOOTING \u0141\u00f3d\u017a<\/td><td>Karol R\u0104KOWSKI SIGMA SHOOTING \u0141\u00f3d\u017a<\/td><td>Jakub PAWE\u0141OSZEK SIGMA SHOOTING \u0141\u00f3d\u017a<\/td><td>Pawe\u0142 MARCZAK SIGMA SHOOTING \u0141\u00f3d\u017a<\/td><td>\u0141ukasz B\u0141ASIK SIGMA SHOOTING \u0141\u00f3d\u017a<\/td><td>Eliza B\u0141ASIK SIGMA SHOOTING \u0141\u00f3d\u017a<\/td><\/tr><tr><td>14.00<\/td><td>Wiktor ZAWIERUCHA SIGMA SHOOTING \u0141\u00f3d\u017a<\/td><td>Oskar SAKRAJDA SIGMA SHOOTING \u0141\u00f3d\u017a<\/td><td>Oliwier OLCZAK SIGMA SHOOTING \u0141\u00f3d\u017a<\/td><td>Iga KARASI\u0143SKA SIGMA SHOOTING \u0141\u00f3d\u017a<\/td><td>Oskar J\u0118DRZEJCZYK SIGMA SHOOTING \u0141\u00f3d\u017a<\/td><td>Lena BURESZ SIGMA SHOOTING \u0141\u00f3d\u017a<\/td><td>Adrianna GAPIK SIGMA SHOOTING \u0141\u00f3d\u017a<br><\/td><td>Boles\u0142aw W\u0141ODARCZYK SIGMA SHOOTING \u0141\u00f3d\u017a<\/td><\/tr><tr><td><\/td><td><\/td><td><\/td><td><\/td><td><\/td><td><\/td><td><\/td><td><\/td><td><\/td><\/tr><tr><td><\/td><td><\/td><td><\/td><td><\/td><td><\/td><td><\/td><td><\/td><td><\/td><td><\/td><\/tr><tr><td><\/td><td><\/td><td><\/td><td><\/td><td><\/td><td><\/td><td><\/td><td><\/td><td><\/td><\/tr><tr><td><\/td><td><\/td><td><\/td><td><\/td><td><\/td><td><\/td><td><\/td><td><\/td><td><\/td><\/tr><tr><td><\/td><td><\/td><td><\/td><td><\/td><td><\/td><td><\/td><td><\/td><td><\/td><td><\/td><\/tr><tr><td><\/td><td><\/td><td><\/td><td><\/td><td><\/td><td><\/td><td><\/td><td><\/td><td><\/td><\/tr><\/tbody><\/table><\/figure>\n\n\n<\/p>\n<p>\n\n\n<p><\/p>\n\n\n<\/p>\n<p>\n\n\n<\/p>\n<figure>\n<table>\n<tbody>\n<tr>\n<td><\/td>\n<td>1<\/td>\n<td>2<\/td>\n<td>3<\/td>\n<td>4<\/td>\n<td>5<\/td>\n<td>6<\/td>\n<td>7<\/td>\n<td>8<\/td>\n<\/tr>\n<tr>\n<td>8.30 P<\/td>\n<td><\/td>\n<td><\/td>\n<td><\/td>\n<td><\/td>\n<td><\/td>\n<td><\/td>\n<td><\/td>\n<td><\/td>\n<\/tr>\n<tr>\n<td>9.15<\/td>\n<td>GAWLIK Hanna KRUK \u0141ask<\/td>\n<td>BECHT Wiktoria KRUK \u0141ask<\/td>\n<td>BORKIEWICZ Maksymilian SOK\u00d3\u0141 Zdu\u0144ska Wola<\/td>\n<td>CYSEK Barbara SOK\u00d3\u0141 Zdu\u0144ska Wola<\/td>\n<td>REJNIAK Katarzyna SOK\u00d3\u0141 Zdu\u0144ska Wola<\/td>\n<td>EFENBERG Cezary SOK\u00d3\u0141 Zdu\u0144ska Wola<\/td>\n<td>MIKLASZEWSWKA Nikola SPO\u0141EM \u0141\u00f3d\u017a<\/td>\n<td>KR\u0118T Micha\u0142 SOK\u00d3\u0141 Zdu\u0144ska Wola<\/td>\n<\/tr>\n<tr>\n<td>10.30 P<\/td>\n<td>LANGOT Tymoteusz SPO\u0141EM \u0141\u00f3d\u017a<\/td>\n<td>CERE\u015a Mateusz SPO\u0141EM \u0141\u00f3d\u017a<\/td>\n<td>SOBIIERSKI Jan SPO\u0141EM \u0141\u00f3d\u017a<\/td>\n<td>WROCHNA Nikodem SPO\u0141EM \u0141\u00f3d\u017a<\/td>\n<td>PYTLOS Marcelina SPO\u0141EM \u0141\u00f3d\u017a<\/td>\n<td>BORZENCKI Norbert SPO\u0141EM \u0141\u00f3d\u017a<\/td>\n<td>KRZEWIAK Norbert SOK\u00d3\u0141 Zdu\u0144ska Wola<\/td>\n<td>KRZEWIAK Daniel SOK\u00d3\u0141 Zdu\u0144ska Wola<\/td>\n<\/tr>\n<tr>\n<td>11.15<\/td>\n<td>KOWALCZYK Oliwia SOK\u00d3\u0141 Zdu\u0144ska Wola<\/td>\n<td>W\u015aCIUBIAK Anna SOK\u00d3\u0141 Zdu\u0144skaWola<\/td>\n<td>LIUDVYTSKA Zorianna SPO\u0141EM \u0141\u00f3d\u017a<\/td>\n<td>NIEWIADOMSKI Igor SOK\u00d3\u0141 Zdu\u0144ska Wola<\/td>\n<td>STARO\u0143 Oliwiia SPO\u0141EM \u0141\u00f3d\u017a<\/td>\n<td>SOBIERSKA Lilianna SPO\u0141EM \u0141\u00f3d\u017a<\/td>\n<td>\u0141UKOWSKI Stanis\u0142aw SPO\u0141EM \u0141\u00f3d\u017a<\/td>\n<td>BARTOSIK Szymon SOK\u00d3\u0141 Zdu\u0144ska Wola<\/td>\n<\/tr>\n<tr>\n<td>12.30 P<\/td>\n<td>BOCI\u0104GA Jakub SPO\u0141EM \u0141\u00f3d\u017a<\/td>\n<td>ZWOLI\u0143SKA Maja COLT \u0141\u00f3d\u017a<\/td>\n<td>BULMA\u0143SKI Kajetan COLT \u0141\u00f3d\u017a<\/td>\n<td>PAWLIK Bartosz COLT \u0141\u00f3d\u017a<\/td>\n<td>W\u00d3JCIK Wojciech COLT \u0141\u00f3d\u017a<\/td>\n<td>SMOLE\u0143 Karolina SIGMA SHOOTING \u0141\u00f3d\u017a<\/td>\n<td>KRZEWIAK Tomasz SOK\u00d3\u0141 Zdu\u0144ska Wola<\/td>\n<td>RESTERNY Stefan SOK\u00d3\u0141 Zdu\u0144ska Wola<\/td>\n<\/tr>\n<tr>\n<td>13.15<\/td>\n<td>BRAND Michalina COLT \u0141\u00f3d\u017a<\/td>\n<td>Maksymilian G\u0141OGOWSKI COLT \u0141\u00f3d\u017a<\/td>\n<td>CHRZANOWSKI Mateusz COLT \u0141\u00f3d\u017a<\/td>\n<td>PIEKARSKI Piotr COLT \u0141\u00f3d\u017a<\/td>\n<td>ADAMIUK Szymon COLT \u0141\u00f3d\u017a<\/td>\n<td>ZIELI\u0143SKA Antonina 10-ka Sulmierzyce<\/td>\n<td>SMOLE\u0143 Robert SIGMA SHOOTING \u0141\u00f3d\u017a<\/td>\n<td>&nbsp;WALENCZYK Maja 10-ka Sulmierzyce<\/td>\n<\/tr>\n<tr>\n<td>14.30<\/td>\n<td>CHRZONSZCZYK Alicja 10-ka Sulmierzyce<\/td>\n<td>&nbsp;SIEWIER Nikodem 10-ka Sulmierzyce<\/td>\n<td>KOPE\u0106 Mateusz 10-ka Sulmierzyce<\/td>\n<td>STOLAREK Oliwier 10-ka Sulmierzyce<\/td>\n<td>SK\u00d3RA Dominika 10-ka Sulmierzyce<\/td>\n<td>MAS\u0141OWSKI Kamil 10-ka Sulmierzyce<\/td>\n<td>POBORCZYK Zuzanna 10-ka Sulmierzyce<\/td>\n<td>\u015aWIERCZ Jakub 10-ka Sulmierzyce<br><\/td>\n<\/tr>\n<tr>\n<td>15.45 P<\/td>\n<td>BERGER Natalia COLT \u0141\u00f3d\u017a<\/td>\n<td>SK\u00d3RA Martyna 10-ka Sulmierzyce<\/td>\n<td>KUBICKA Maja 10-ka Sulmierzyce<\/td>\n<td>KOTECKI Miko\u0142aj 10-ka Sulmierzyce<\/td>\n<td>&nbsp;KIJAK Szymon 10-ka Sulmierzyce<\/td>\n<td>&nbsp;GAIK Micha\u0142 10-ka Sulmierzyce<\/td>\n<td>&nbsp;BUGAJCZYK Oskar 10-ka Sulmierzyce<\/td>\n<td>ZDZIEBKO Zuzanna 10-ka Sulmierzyce<\/td>\n<\/tr>\n<tr>\n<td><\/td>\n<td><\/td>\n<td><\/td>\n<td><\/td>\n<td><\/td>\n<td><\/td>\n<td><\/td>\n<td><\/td>\n<td><\/td>\n<\/tr>\n<\/tbody>\n<\/table>\n<\/figure>\n<p>\n\n\n<\/p>","protected":false},"excerpt":{"rendered":"<p>1 2 3 4 5 6 7 8 12.00 LASOTA Dominik SOK\u00d3\u0141 Zdu\u0144ska Wola MICHALSKA Hanna SOK\u00d3\u0141 Zdu\u0144ska Wola PALMA Joanna SOK\u00d3\u0141 Zdu\u0144ska Wola PALMA Stanis\u0142aw SOK\u00d3\u0141 Zdu\u0144ska Wola MICHALSKA Alicja SOK\u00d3\u0141 Zdu\u0144ska Wola 12.45 Oskar PIETRZAK SIGMA SHOOTING \u0141\u00f3d\u017a Agata BURESZ SIGMA SHOOTING \u0141\u00f3d\u017a NOWICKA Martyna SIGMA SHOOTING \u0141\u00f3d\u017a Karol R\u0104KOWSKI SIGMA SHOOTING \u0141\u00f3d\u017a &hellip; <a href=\"https:\/\/sigma-shooting.pl\/?page_id=552\" class=\"more-link\">Czytaj dalej<span class=\"screen-reader-text\"> \u201eLista startowa &#8222;VI RUNDA PUCHARU WOJEW\u00d3DZTWA&#8221;\u201d<\/span><\/a><\/p>\n","protected":false},"author":2,"featured_media":0,"parent":0,"menu_order":0,"comment_status":"closed","ping_status":"closed","template":"","meta":{"footnotes":""},"class_list":["post-552","page","type-page","status-publish","hentry"],"yoast_head":"<!-- This site is optimized with the Yoast SEO plugin v24.3 - https:\/\/yoast.com\/wordpress\/plugins\/seo\/ -->\n<title>Lista startowa &quot;VI RUNDA PUCHARU WOJEW\u00d3DZTWA&quot; - TOWARZYSTWO STRZELECKIE SIGMA SHOOTING<\/title>\n<meta name=\"robots\" content=\"index, follow, max-snippet:-1, max-image-preview:large, max-video-preview:-1\" \/>\n<link rel=\"canonical\" href=\"https:\/\/sigma-shooting.pl\/?page_id=552\" \/>\n<meta property=\"og:locale\" content=\"pl_PL\" \/>\n<meta property=\"og:type\" content=\"article\" \/>\n<meta property=\"og:title\" content=\"Lista startowa &quot;VI RUNDA PUCHARU WOJEW\u00d3DZTWA&quot; - TOWARZYSTWO STRZELECKIE SIGMA SHOOTING\" \/>\n<meta property=\"og:description\" content=\"1 2 3 4 5 6 7 8 12.00 LASOTA Dominik SOK\u00d3\u0141 Zdu\u0144ska Wola MICHALSKA Hanna SOK\u00d3\u0141 Zdu\u0144ska Wola PALMA Joanna SOK\u00d3\u0141 Zdu\u0144ska Wola PALMA Stanis\u0142aw SOK\u00d3\u0141 Zdu\u0144ska Wola MICHALSKA Alicja SOK\u00d3\u0141 Zdu\u0144ska Wola 12.45 Oskar PIETRZAK SIGMA SHOOTING \u0141\u00f3d\u017a Agata BURESZ SIGMA SHOOTING \u0141\u00f3d\u017a NOWICKA Martyna SIGMA SHOOTING \u0141\u00f3d\u017a Karol R\u0104KOWSKI SIGMA SHOOTING \u0141\u00f3d\u017a &hellip; Czytaj dalej \u201eLista startowa &#8222;VI RUNDA PUCHARU WOJEW\u00d3DZTWA&#8221;\u201d\" \/>\n<meta property=\"og:url\" content=\"https:\/\/sigma-shooting.pl\/?page_id=552\" \/>\n<meta property=\"og:site_name\" content=\"TOWARZYSTWO STRZELECKIE SIGMA SHOOTING\" \/>\n<meta property=\"article:publisher\" content=\"https:\/\/www.facebook.com\/sigmashooting\" \/>\n<meta property=\"article:modified_time\" content=\"2024-05-29T17:59:55+00:00\" \/>\n<meta name=\"twitter:card\" content=\"summary_large_image\" \/>\n<meta name=\"twitter:label1\" content=\"Szacowany czas czytania\" \/>\n\t<meta name=\"twitter:data1\" content=\"3 minuty\" \/>\n<script type=\"application\/ld+json\" class=\"yoast-schema-graph\">{\"@context\":\"https:\/\/schema.org\",\"@graph\":[{\"@type\":\"WebPage\",\"@id\":\"https:\/\/sigma-shooting.pl\/?page_id=552\",\"url\":\"https:\/\/sigma-shooting.pl\/?page_id=552\",\"name\":\"Lista startowa \\\"VI RUNDA PUCHARU WOJEW\u00d3DZTWA\\\" - TOWARZYSTWO STRZELECKIE SIGMA SHOOTING\",\"isPartOf\":{\"@id\":\"https:\/\/sigma-shooting.pl\/#website\"},\"datePublished\":\"2024-05-29T14:47:43+00:00\",\"dateModified\":\"2024-05-29T17:59:55+00:00\",\"breadcrumb\":{\"@id\":\"https:\/\/sigma-shooting.pl\/?page_id=552#breadcrumb\"},\"inLanguage\":\"pl-PL\",\"potentialAction\":[{\"@type\":\"ReadAction\",\"target\":[\"https:\/\/sigma-shooting.pl\/?page_id=552\"]}]},{\"@type\":\"BreadcrumbList\",\"@id\":\"https:\/\/sigma-shooting.pl\/?page_id=552#breadcrumb\",\"itemListElement\":[{\"@type\":\"ListItem\",\"position\":1,\"name\":\"Home\",\"item\":\"https:\/\/sigma-shooting.pl\/\"},{\"@type\":\"ListItem\",\"position\":2,\"name\":\"Lista startowa &#8222;VI RUNDA PUCHARU WOJEW\u00d3DZTWA&#8221;\"}]},{\"@type\":\"WebSite\",\"@id\":\"https:\/\/sigma-shooting.pl\/#website\",\"url\":\"https:\/\/sigma-shooting.pl\/\",\"name\":\"TOWARZYSTWO STRZELECKIE SIGMA SHOOTING\",\"description\":\"Wszystko na bie\u017c\u0105co co dzieje si\u0119 w naszym Klubie, jak r\u00f3wnie\u017c o planach przysz\u0142ych, r\u00f3wnie\u017c o naszej historii.\",\"publisher\":{\"@id\":\"https:\/\/sigma-shooting.pl\/#organization\"},\"potentialAction\":[{\"@type\":\"SearchAction\",\"target\":{\"@type\":\"EntryPoint\",\"urlTemplate\":\"https:\/\/sigma-shooting.pl\/?s={search_term_string}\"},\"query-input\":{\"@type\":\"PropertyValueSpecification\",\"valueRequired\":true,\"valueName\":\"search_term_string\"}}],\"inLanguage\":\"pl-PL\"},{\"@type\":\"Organization\",\"@id\":\"https:\/\/sigma-shooting.pl\/#organization\",\"name\":\"TOWARZYSTWO STRZELECKIE SIGMA SHOOTING\",\"url\":\"https:\/\/sigma-shooting.pl\/\",\"logo\":{\"@type\":\"ImageObject\",\"inLanguage\":\"pl-PL\",\"@id\":\"https:\/\/sigma-shooting.pl\/#\/schema\/logo\/image\/\",\"url\":\"https:\/\/sigma-shooting.pl\/wp-content\/uploads\/2023\/02\/cropped-ss_stopka.jpg\",\"contentUrl\":\"https:\/\/sigma-shooting.pl\/wp-content\/uploads\/2023\/02\/cropped-ss_stopka.jpg\",\"width\":269,\"height\":211,\"caption\":\"TOWARZYSTWO STRZELECKIE SIGMA SHOOTING\"},\"image\":{\"@id\":\"https:\/\/sigma-shooting.pl\/#\/schema\/logo\/image\/\"},\"sameAs\":[\"https:\/\/www.facebook.com\/sigmashooting\"]}]}<\/script>\n<!-- \/ Yoast SEO plugin. -->","yoast_head_json":{"title":"Lista startowa \"VI RUNDA PUCHARU WOJEW\u00d3DZTWA\" - TOWARZYSTWO STRZELECKIE SIGMA SHOOTING","robots":{"index":"index","follow":"follow","max-snippet":"max-snippet:-1","max-image-preview":"max-image-preview:large","max-video-preview":"max-video-preview:-1"},"canonical":"https:\/\/sigma-shooting.pl\/?page_id=552","og_locale":"pl_PL","og_type":"article","og_title":"Lista startowa \"VI RUNDA PUCHARU WOJEW\u00d3DZTWA\" - TOWARZYSTWO STRZELECKIE SIGMA SHOOTING","og_description":"1 2 3 4 5 6 7 8 12.00 LASOTA Dominik SOK\u00d3\u0141 Zdu\u0144ska Wola MICHALSKA Hanna SOK\u00d3\u0141 Zdu\u0144ska Wola PALMA Joanna SOK\u00d3\u0141 Zdu\u0144ska Wola PALMA Stanis\u0142aw SOK\u00d3\u0141 Zdu\u0144ska Wola MICHALSKA Alicja SOK\u00d3\u0141 Zdu\u0144ska Wola 12.45 Oskar PIETRZAK SIGMA SHOOTING \u0141\u00f3d\u017a Agata BURESZ SIGMA SHOOTING \u0141\u00f3d\u017a NOWICKA Martyna SIGMA SHOOTING \u0141\u00f3d\u017a Karol R\u0104KOWSKI SIGMA SHOOTING \u0141\u00f3d\u017a &hellip; Czytaj dalej \u201eLista startowa &#8222;VI RUNDA PUCHARU WOJEW\u00d3DZTWA&#8221;\u201d","og_url":"https:\/\/sigma-shooting.pl\/?page_id=552","og_site_name":"TOWARZYSTWO STRZELECKIE SIGMA SHOOTING","article_publisher":"https:\/\/www.facebook.com\/sigmashooting","article_modified_time":"2024-05-29T17:59:55+00:00","twitter_card":"summary_large_image","twitter_misc":{"Szacowany czas czytania":"3 minuty"},"schema":{"@context":"https:\/\/schema.org","@graph":[{"@type":"WebPage","@id":"https:\/\/sigma-shooting.pl\/?page_id=552","url":"https:\/\/sigma-shooting.pl\/?page_id=552","name":"Lista startowa \"VI RUNDA PUCHARU WOJEW\u00d3DZTWA\" - TOWARZYSTWO STRZELECKIE SIGMA SHOOTING","isPartOf":{"@id":"https:\/\/sigma-shooting.pl\/#website"},"datePublished":"2024-05-29T14:47:43+00:00","dateModified":"2024-05-29T17:59:55+00:00","breadcrumb":{"@id":"https:\/\/sigma-shooting.pl\/?page_id=552#breadcrumb"},"inLanguage":"pl-PL","potentialAction":[{"@type":"ReadAction","target":["https:\/\/sigma-shooting.pl\/?page_id=552"]}]},{"@type":"BreadcrumbList","@id":"https:\/\/sigma-shooting.pl\/?page_id=552#breadcrumb","itemListElement":[{"@type":"ListItem","position":1,"name":"Home","item":"https:\/\/sigma-shooting.pl\/"},{"@type":"ListItem","position":2,"name":"Lista startowa &#8222;VI RUNDA PUCHARU WOJEW\u00d3DZTWA&#8221;"}]},{"@type":"WebSite","@id":"https:\/\/sigma-shooting.pl\/#website","url":"https:\/\/sigma-shooting.pl\/","name":"TOWARZYSTWO STRZELECKIE SIGMA SHOOTING","description":"Wszystko na bie\u017c\u0105co co dzieje si\u0119 w naszym Klubie, jak r\u00f3wnie\u017c o planach przysz\u0142ych, r\u00f3wnie\u017c o naszej historii.","publisher":{"@id":"https:\/\/sigma-shooting.pl\/#organization"},"potentialAction":[{"@type":"SearchAction","target":{"@type":"EntryPoint","urlTemplate":"https:\/\/sigma-shooting.pl\/?s={search_term_string}"},"query-input":{"@type":"PropertyValueSpecification","valueRequired":true,"valueName":"search_term_string"}}],"inLanguage":"pl-PL"},{"@type":"Organization","@id":"https:\/\/sigma-shooting.pl\/#organization","name":"TOWARZYSTWO STRZELECKIE SIGMA SHOOTING","url":"https:\/\/sigma-shooting.pl\/","logo":{"@type":"ImageObject","inLanguage":"pl-PL","@id":"https:\/\/sigma-shooting.pl\/#\/schema\/logo\/image\/","url":"https:\/\/sigma-shooting.pl\/wp-content\/uploads\/2023\/02\/cropped-ss_stopka.jpg","contentUrl":"https:\/\/sigma-shooting.pl\/wp-content\/uploads\/2023\/02\/cropped-ss_stopka.jpg","width":269,"height":211,"caption":"TOWARZYSTWO STRZELECKIE SIGMA SHOOTING"},"image":{"@id":"https:\/\/sigma-shooting.pl\/#\/schema\/logo\/image\/"},"sameAs":["https:\/\/www.facebook.com\/sigmashooting"]}]}},"_links":{"self":[{"href":"https:\/\/sigma-shooting.pl\/index.php?rest_route=\/wp\/v2\/pages\/552","targetHints":{"allow":["GET"]}}],"collection":[{"href":"https:\/\/sigma-shooting.pl\/index.php?rest_route=\/wp\/v2\/pages"}],"about":[{"href":"https:\/\/sigma-shooting.pl\/index.php?rest_route=\/wp\/v2\/types\/page"}],"author":[{"embeddable":true,"href":"https:\/\/sigma-shooting.pl\/index.php?rest_route=\/wp\/v2\/users\/2"}],"replies":[{"embeddable":true,"href":"https:\/\/sigma-shooting.pl\/index.php?rest_route=%2Fwp%2Fv2%2Fcomments&post=552"}],"version-history":[{"count":20,"href":"https:\/\/sigma-shooting.pl\/index.php?rest_route=\/wp\/v2\/pages\/552\/revisions"}],"predecessor-version":[{"id":593,"href":"https:\/\/sigma-shooting.pl\/index.php?rest_route=\/wp\/v2\/pages\/552\/revisions\/593"}],"wp:attachment":[{"href":"https:\/\/sigma-shooting.pl\/index.php?rest_route=%2Fwp%2Fv2%2Fmedia&parent=552"}],"curies":[{"name":"wp","href":"https:\/\/api.w.org\/{rel}","templated":true}]}}