{"id":534,"date":"2024-05-29T07:52:56","date_gmt":"2024-05-29T05:52:56","guid":{"rendered":"https:\/\/sigma-shooting.pl\/?page_id=534"},"modified":"2024-05-31T17:30:09","modified_gmt":"2024-05-31T15:30:09","slug":"lista-startowa-dzien-dziecka-open-02-06-2024","status":"publish","type":"page","link":"https:\/\/sigma-shooting.pl\/?page_id=534","title":{"rendered":"LISTA STARTOWA DZIE\u0143 DZIECKA OPEN 02 06 2024"},"content":{"rendered":"\n<figure class=\"wp-block-table\"><table><tbody><tr><td><\/td><td>1<\/td><td>2<\/td><td>3<\/td><td>4<\/td><td>5<\/td><td>6<\/td><td>7<\/td><td>8<\/td><\/tr><tr><td>9.00<\/td><td>SOBOLEWSKA Anna AMATOR Wroc\u0142aw<\/td><td>SOBOLEWSKI Mariusz AMATOR Wroc\u0142aw<\/td><td>TUMANYAN Ernest AMATOR Wroc\u0142aw<\/td><td>MICHALSKI Mariusz SIGMA SHOOTING \u0141\u00f3d\u017a<\/td><td>PA\u0141CZY\u0143SKI Mariusz 10-ka Sulmierzyce<\/td><td>\u015aWIERCZ Ernest 10-ka Sulmierzyce<\/td><td>ZAWIERUCHA Bart\u0142omiej SIGMA SHOOTING \u0141\u00f3d\u017a<\/td><td>ADAMCZYK Dawid SIGMA SHOOTING \u0141\u00f3d\u017a<\/td><\/tr><tr><td>11.00<\/td><td>ZAWIERUCHA Wiktor SIGMA SHOOTING \u0141\u00f3d\u017a<\/td><td>KARASI\u0143SKI Piotr SIGMA SHOOTING \u0141\u00f3d\u017a<\/td><td>B\u0141ASIK Ewelina SIGMA SHOOTING \u0141\u00f3d\u017a<\/td><td>S\u0141OMCZY\u0143SKA Kamila SIGMA SHOOTING \u0141\u00f3d\u017a<\/td><td>ZGOLAK Krystian SIGMA SHOOTING \u0141\u00f3d\u017a<\/td><td>R\u0104KOWSKI Dominik SIGMA SHOOTING \u0141\u00f3d\u017a<\/td><td><\/td><td><\/td><\/tr><tr><td>13.00<\/td><td>BO\u0106KIEWICZ Jakub SIGMA SHOOTING \u0141\u00f3d\u017a<\/td><td>BURESZ Aleksandra SIGMA SHOOTING \u0141\u00f3d\u017a<\/td><td>GAPIK Adrianna SIGMA SHOOTING \u0141\u00f3d\u017a<\/td><td>SMOLE\u0143 Piotr SIGMA SHOOTING \u0141\u00f3d\u017a<\/td><td>DYBA\u0141A Micha\u0142 SIGMA SHOOTING \u0141\u00f3d\u017a<\/td><td><\/td><td><\/td><td><\/td><\/tr><tr><td>15.00<\/td><td>BLADA Wiktor 10-ka Sulmierzyce<\/td><td>KUCHARSKI Artur 10-ka Sulmierzyce<\/td><td>WIECZOREK Adam 10-ka Sulmierzyce<\/td><td>WILCZEK Zofia 10-ka Sulmierzyce<\/td><td>NOWAK \u0141ukasz 10-ka Sulmierzyce <\/td><td><\/td><td><\/td><td><\/td><\/tr><tr><td>17.00<\/td><td><\/td><td><\/td><td><\/td><td><\/td><td><\/td><td><\/td><td><\/td><td><\/td><\/tr><tr><td><\/td><td><\/td><td><\/td><td><\/td><td><\/td><td><\/td><td><\/td><td><\/td><td><\/td><\/tr><\/tbody><\/table><\/figure>\n","protected":false},"excerpt":{"rendered":"<p>1 2 3 4 5 6 7 8 9.00 SOBOLEWSKA Anna AMATOR Wroc\u0142aw SOBOLEWSKI Mariusz AMATOR Wroc\u0142aw TUMANYAN Ernest AMATOR Wroc\u0142aw MICHALSKI Mariusz SIGMA SHOOTING \u0141\u00f3d\u017a PA\u0141CZY\u0143SKI Mariusz 10-ka Sulmierzyce \u015aWIERCZ Ernest 10-ka Sulmierzyce ZAWIERUCHA Bart\u0142omiej SIGMA SHOOTING \u0141\u00f3d\u017a ADAMCZYK Dawid SIGMA SHOOTING \u0141\u00f3d\u017a 11.00 ZAWIERUCHA Wiktor SIGMA SHOOTING \u0141\u00f3d\u017a KARASI\u0143SKI Piotr SIGMA SHOOTING \u0141\u00f3d\u017a &hellip; <a href=\"https:\/\/sigma-shooting.pl\/?page_id=534\" class=\"more-link\">Czytaj dalej<span class=\"screen-reader-text\"> \u201eLISTA STARTOWA DZIE\u0143 DZIECKA OPEN 02 06 2024\u201d<\/span><\/a><\/p>\n","protected":false},"author":2,"featured_media":0,"parent":0,"menu_order":0,"comment_status":"closed","ping_status":"closed","template":"","meta":{"footnotes":""},"class_list":["post-534","page","type-page","status-publish","hentry"],"yoast_head":"<!-- This site is optimized with the Yoast SEO plugin v24.3 - https:\/\/yoast.com\/wordpress\/plugins\/seo\/ -->\n<title>LISTA STARTOWA DZIE\u0143 DZIECKA OPEN 02 06 2024 - TOWARZYSTWO STRZELECKIE SIGMA SHOOTING<\/title>\n<meta name=\"robots\" content=\"index, follow, max-snippet:-1, max-image-preview:large, max-video-preview:-1\" \/>\n<link rel=\"canonical\" href=\"https:\/\/sigma-shooting.pl\/?page_id=534\" \/>\n<meta property=\"og:locale\" content=\"pl_PL\" \/>\n<meta property=\"og:type\" content=\"article\" \/>\n<meta property=\"og:title\" content=\"LISTA STARTOWA DZIE\u0143 DZIECKA OPEN 02 06 2024 - TOWARZYSTWO STRZELECKIE SIGMA SHOOTING\" \/>\n<meta property=\"og:description\" content=\"1 2 3 4 5 6 7 8 9.00 SOBOLEWSKA Anna AMATOR Wroc\u0142aw SOBOLEWSKI Mariusz AMATOR Wroc\u0142aw TUMANYAN Ernest AMATOR Wroc\u0142aw MICHALSKI Mariusz SIGMA SHOOTING \u0141\u00f3d\u017a PA\u0141CZY\u0143SKI Mariusz 10-ka Sulmierzyce \u015aWIERCZ Ernest 10-ka Sulmierzyce ZAWIERUCHA Bart\u0142omiej SIGMA SHOOTING \u0141\u00f3d\u017a ADAMCZYK Dawid SIGMA SHOOTING \u0141\u00f3d\u017a 11.00 ZAWIERUCHA Wiktor SIGMA SHOOTING \u0141\u00f3d\u017a KARASI\u0143SKI Piotr SIGMA SHOOTING \u0141\u00f3d\u017a &hellip; Czytaj dalej \u201eLISTA STARTOWA DZIE\u0143 DZIECKA OPEN 02 06 2024\u201d\" \/>\n<meta property=\"og:url\" content=\"https:\/\/sigma-shooting.pl\/?page_id=534\" \/>\n<meta property=\"og:site_name\" content=\"TOWARZYSTWO STRZELECKIE SIGMA SHOOTING\" \/>\n<meta property=\"article:publisher\" content=\"https:\/\/www.facebook.com\/sigmashooting\" \/>\n<meta property=\"article:modified_time\" content=\"2024-05-31T15:30:09+00:00\" \/>\n<meta name=\"twitter:card\" content=\"summary_large_image\" \/>\n<meta name=\"twitter:label1\" content=\"Szacowany czas czytania\" \/>\n\t<meta name=\"twitter:data1\" content=\"1 minuta\" \/>\n<script type=\"application\/ld+json\" class=\"yoast-schema-graph\">{\"@context\":\"https:\/\/schema.org\",\"@graph\":[{\"@type\":\"WebPage\",\"@id\":\"https:\/\/sigma-shooting.pl\/?page_id=534\",\"url\":\"https:\/\/sigma-shooting.pl\/?page_id=534\",\"name\":\"LISTA STARTOWA DZIE\u0143 DZIECKA OPEN 02 06 2024 - TOWARZYSTWO STRZELECKIE SIGMA SHOOTING\",\"isPartOf\":{\"@id\":\"https:\/\/sigma-shooting.pl\/#website\"},\"datePublished\":\"2024-05-29T05:52:56+00:00\",\"dateModified\":\"2024-05-31T15:30:09+00:00\",\"breadcrumb\":{\"@id\":\"https:\/\/sigma-shooting.pl\/?page_id=534#breadcrumb\"},\"inLanguage\":\"pl-PL\",\"potentialAction\":[{\"@type\":\"ReadAction\",\"target\":[\"https:\/\/sigma-shooting.pl\/?page_id=534\"]}]},{\"@type\":\"BreadcrumbList\",\"@id\":\"https:\/\/sigma-shooting.pl\/?page_id=534#breadcrumb\",\"itemListElement\":[{\"@type\":\"ListItem\",\"position\":1,\"name\":\"Home\",\"item\":\"https:\/\/sigma-shooting.pl\/\"},{\"@type\":\"ListItem\",\"position\":2,\"name\":\"LISTA STARTOWA DZIE\u0143 DZIECKA OPEN 02 06 2024\"}]},{\"@type\":\"WebSite\",\"@id\":\"https:\/\/sigma-shooting.pl\/#website\",\"url\":\"https:\/\/sigma-shooting.pl\/\",\"name\":\"TOWARZYSTWO STRZELECKIE SIGMA SHOOTING\",\"description\":\"Wszystko na bie\u017c\u0105co co dzieje si\u0119 w naszym Klubie, jak r\u00f3wnie\u017c o planach przysz\u0142ych, r\u00f3wnie\u017c o naszej historii.\",\"publisher\":{\"@id\":\"https:\/\/sigma-shooting.pl\/#organization\"},\"potentialAction\":[{\"@type\":\"SearchAction\",\"target\":{\"@type\":\"EntryPoint\",\"urlTemplate\":\"https:\/\/sigma-shooting.pl\/?s={search_term_string}\"},\"query-input\":{\"@type\":\"PropertyValueSpecification\",\"valueRequired\":true,\"valueName\":\"search_term_string\"}}],\"inLanguage\":\"pl-PL\"},{\"@type\":\"Organization\",\"@id\":\"https:\/\/sigma-shooting.pl\/#organization\",\"name\":\"TOWARZYSTWO STRZELECKIE SIGMA SHOOTING\",\"url\":\"https:\/\/sigma-shooting.pl\/\",\"logo\":{\"@type\":\"ImageObject\",\"inLanguage\":\"pl-PL\",\"@id\":\"https:\/\/sigma-shooting.pl\/#\/schema\/logo\/image\/\",\"url\":\"https:\/\/sigma-shooting.pl\/wp-content\/uploads\/2023\/02\/cropped-ss_stopka.jpg\",\"contentUrl\":\"https:\/\/sigma-shooting.pl\/wp-content\/uploads\/2023\/02\/cropped-ss_stopka.jpg\",\"width\":269,\"height\":211,\"caption\":\"TOWARZYSTWO STRZELECKIE SIGMA SHOOTING\"},\"image\":{\"@id\":\"https:\/\/sigma-shooting.pl\/#\/schema\/logo\/image\/\"},\"sameAs\":[\"https:\/\/www.facebook.com\/sigmashooting\"]}]}<\/script>\n<!-- \/ Yoast SEO plugin. -->","yoast_head_json":{"title":"LISTA STARTOWA DZIE\u0143 DZIECKA OPEN 02 06 2024 - TOWARZYSTWO STRZELECKIE SIGMA SHOOTING","robots":{"index":"index","follow":"follow","max-snippet":"max-snippet:-1","max-image-preview":"max-image-preview:large","max-video-preview":"max-video-preview:-1"},"canonical":"https:\/\/sigma-shooting.pl\/?page_id=534","og_locale":"pl_PL","og_type":"article","og_title":"LISTA STARTOWA DZIE\u0143 DZIECKA OPEN 02 06 2024 - TOWARZYSTWO STRZELECKIE SIGMA SHOOTING","og_description":"1 2 3 4 5 6 7 8 9.00 SOBOLEWSKA Anna AMATOR Wroc\u0142aw SOBOLEWSKI Mariusz AMATOR Wroc\u0142aw TUMANYAN Ernest AMATOR Wroc\u0142aw MICHALSKI Mariusz SIGMA SHOOTING \u0141\u00f3d\u017a PA\u0141CZY\u0143SKI Mariusz 10-ka Sulmierzyce \u015aWIERCZ Ernest 10-ka Sulmierzyce ZAWIERUCHA Bart\u0142omiej SIGMA SHOOTING \u0141\u00f3d\u017a ADAMCZYK Dawid SIGMA SHOOTING \u0141\u00f3d\u017a 11.00 ZAWIERUCHA Wiktor SIGMA SHOOTING \u0141\u00f3d\u017a KARASI\u0143SKI Piotr SIGMA SHOOTING \u0141\u00f3d\u017a &hellip; Czytaj dalej \u201eLISTA STARTOWA DZIE\u0143 DZIECKA OPEN 02 06 2024\u201d","og_url":"https:\/\/sigma-shooting.pl\/?page_id=534","og_site_name":"TOWARZYSTWO STRZELECKIE SIGMA SHOOTING","article_publisher":"https:\/\/www.facebook.com\/sigmashooting","article_modified_time":"2024-05-31T15:30:09+00:00","twitter_card":"summary_large_image","twitter_misc":{"Szacowany czas czytania":"1 minuta"},"schema":{"@context":"https:\/\/schema.org","@graph":[{"@type":"WebPage","@id":"https:\/\/sigma-shooting.pl\/?page_id=534","url":"https:\/\/sigma-shooting.pl\/?page_id=534","name":"LISTA STARTOWA DZIE\u0143 DZIECKA OPEN 02 06 2024 - TOWARZYSTWO STRZELECKIE SIGMA SHOOTING","isPartOf":{"@id":"https:\/\/sigma-shooting.pl\/#website"},"datePublished":"2024-05-29T05:52:56+00:00","dateModified":"2024-05-31T15:30:09+00:00","breadcrumb":{"@id":"https:\/\/sigma-shooting.pl\/?page_id=534#breadcrumb"},"inLanguage":"pl-PL","potentialAction":[{"@type":"ReadAction","target":["https:\/\/sigma-shooting.pl\/?page_id=534"]}]},{"@type":"BreadcrumbList","@id":"https:\/\/sigma-shooting.pl\/?page_id=534#breadcrumb","itemListElement":[{"@type":"ListItem","position":1,"name":"Home","item":"https:\/\/sigma-shooting.pl\/"},{"@type":"ListItem","position":2,"name":"LISTA STARTOWA DZIE\u0143 DZIECKA OPEN 02 06 2024"}]},{"@type":"WebSite","@id":"https:\/\/sigma-shooting.pl\/#website","url":"https:\/\/sigma-shooting.pl\/","name":"TOWARZYSTWO STRZELECKIE SIGMA SHOOTING","description":"Wszystko na bie\u017c\u0105co co dzieje si\u0119 w naszym Klubie, jak r\u00f3wnie\u017c o planach przysz\u0142ych, r\u00f3wnie\u017c o naszej historii.","publisher":{"@id":"https:\/\/sigma-shooting.pl\/#organization"},"potentialAction":[{"@type":"SearchAction","target":{"@type":"EntryPoint","urlTemplate":"https:\/\/sigma-shooting.pl\/?s={search_term_string}"},"query-input":{"@type":"PropertyValueSpecification","valueRequired":true,"valueName":"search_term_string"}}],"inLanguage":"pl-PL"},{"@type":"Organization","@id":"https:\/\/sigma-shooting.pl\/#organization","name":"TOWARZYSTWO STRZELECKIE SIGMA SHOOTING","url":"https:\/\/sigma-shooting.pl\/","logo":{"@type":"ImageObject","inLanguage":"pl-PL","@id":"https:\/\/sigma-shooting.pl\/#\/schema\/logo\/image\/","url":"https:\/\/sigma-shooting.pl\/wp-content\/uploads\/2023\/02\/cropped-ss_stopka.jpg","contentUrl":"https:\/\/sigma-shooting.pl\/wp-content\/uploads\/2023\/02\/cropped-ss_stopka.jpg","width":269,"height":211,"caption":"TOWARZYSTWO STRZELECKIE SIGMA SHOOTING"},"image":{"@id":"https:\/\/sigma-shooting.pl\/#\/schema\/logo\/image\/"},"sameAs":["https:\/\/www.facebook.com\/sigmashooting"]}]}},"_links":{"self":[{"href":"https:\/\/sigma-shooting.pl\/index.php?rest_route=\/wp\/v2\/pages\/534","targetHints":{"allow":["GET"]}}],"collection":[{"href":"https:\/\/sigma-shooting.pl\/index.php?rest_route=\/wp\/v2\/pages"}],"about":[{"href":"https:\/\/sigma-shooting.pl\/index.php?rest_route=\/wp\/v2\/types\/page"}],"author":[{"embeddable":true,"href":"https:\/\/sigma-shooting.pl\/index.php?rest_route=\/wp\/v2\/users\/2"}],"replies":[{"embeddable":true,"href":"https:\/\/sigma-shooting.pl\/index.php?rest_route=%2Fwp%2Fv2%2Fcomments&post=534"}],"version-history":[{"count":13,"href":"https:\/\/sigma-shooting.pl\/index.php?rest_route=\/wp\/v2\/pages\/534\/revisions"}],"predecessor-version":[{"id":597,"href":"https:\/\/sigma-shooting.pl\/index.php?rest_route=\/wp\/v2\/pages\/534\/revisions\/597"}],"wp:attachment":[{"href":"https:\/\/sigma-shooting.pl\/index.php?rest_route=%2Fwp%2Fv2%2Fmedia&parent=534"}],"curies":[{"name":"wp","href":"https:\/\/api.w.org\/{rel}","templated":true}]}}