{"id":454,"date":"2024-05-17T08:40:09","date_gmt":"2024-05-17T06:40:09","guid":{"rendered":"https:\/\/sigma-shooting.pl\/?page_id=454"},"modified":"2024-05-28T06:19:49","modified_gmt":"2024-05-28T04:19:49","slug":"vi-runda-pucharu-wojewodztwa-mlodzikow","status":"publish","type":"page","link":"https:\/\/sigma-shooting.pl\/?page_id=454","title":{"rendered":"VI RUNDA PUCHARU WOJEW\u00d3DZTWA M\u0141ODZIK\u00d3W"},"content":{"rendered":"\t\t<div data-elementor-type=\"wp-page\" data-elementor-id=\"454\" class=\"elementor elementor-454\">\n\t\t\t\t\t\t<section class=\"elementor-section elementor-top-section elementor-element elementor-element-a4fe470 elementor-section-boxed elementor-section-height-default elementor-section-height-default\" data-id=\"a4fe470\" data-element_type=\"section\">\n\t\t\t\t\t\t<div class=\"elementor-container elementor-column-gap-default\">\n\t\t\t\t\t<div class=\"elementor-column elementor-col-100 elementor-top-column elementor-element elementor-element-41c687d\" data-id=\"41c687d\" data-element_type=\"column\">\n\t\t\t<div class=\"elementor-widget-wrap elementor-element-populated\">\n\t\t\t\t\t\t<div class=\"elementor-element elementor-element-59d8aa1 elementor-widget elementor-widget-image\" data-id=\"59d8aa1\" data-element_type=\"widget\" data-widget_type=\"image.default\">\n\t\t\t\t<div class=\"elementor-widget-container\">\n\t\t\t\t\t\t\t\t\t\t\t\t\t\t\t<img fetchpriority=\"high\" decoding=\"async\" width=\"784\" height=\"295\" src=\"https:\/\/sigma-shooting.pl\/wp-content\/uploads\/2024\/05\/1.jpg\" class=\"attachment-large size-large wp-image-486\" alt=\"\" srcset=\"https:\/\/sigma-shooting.pl\/wp-content\/uploads\/2024\/05\/1.jpg 784w, https:\/\/sigma-shooting.pl\/wp-content\/uploads\/2024\/05\/1-300x113.jpg 300w, https:\/\/sigma-shooting.pl\/wp-content\/uploads\/2024\/05\/1-768x289.jpg 768w\" sizes=\"(max-width: 784px) 85vw, 784px\" \/>\t\t\t\t\t\t\t\t\t\t\t\t\t\t\t<\/div>\n\t\t\t\t<\/div>\n\t\t\t\t<div class=\"elementor-element elementor-element-bc35b17 elementor-widget__width-initial elementor-widget elementor-widget-text-editor\" data-id=\"bc35b17\" data-element_type=\"widget\" data-widget_type=\"text-editor.default\">\n\t\t\t\t<div class=\"elementor-widget-container\">\n\t\t\t\t\t\t\t\t\t<p>Formularz rejestracyjny :\u00a0<a href=\"https:\/\/www.strzelectwo.lodz.pl\/download\/zg%C5%82oszenie1062024.xlsx\" target=\"_blank\" rel=\"noopener\">https:\/\/www.strzelectwo.lodz.pl\/<\/a><\/p><p>REGULAMIN ZAWOD\u00d3W<\/p><p>\u201eDZIE\u0143 DZIECKA\u201d<\/p><p>VI RUNDA PUCHARU WOJEW\u00d3DZTWA M\u0141ODZIK\u00d3W<\/p><p>1.CEL ZAWOD\u00d3W<\/p><p>\u2212 mo\u017cliwo\u015b\u0107 rywalizacji zawodnik\u00f3w wojew\u00f3dztwa \u0142\u00f3dzkiego w kategorii m\u0142odzik\u00f3w,<\/p><p>\u2212 promocja sport\u00f3w strzeleckich w wojew\u00f3dztwie \u0142\u00f3dzkim,<\/p><p>\u2212 promocja Gminy Zel\u00f3w jako miasta przyjaznego dla sportu strzeleckiego<\/p><p>2.ORGANIZATOR<\/p><p>&#8211; \u0141\u00d3DZKI ZWI\u0104ZEK STRZELECTWA SPORTOWEGO<\/p><p>\u2212 TOWARZYSTWO STZRELECKIE SIGMA SHOOTING \u0141\u00f3d\u017a<\/p><p>3.TERMIN I MIEJSCE ZAWOD\u00d3W<\/p><p>\u2212 31 maja 2024 godzina 12.00 strzelnica SIGMA SHOOTING w Zelowie, ul. Pu\u0142kownika Witolda Pileckiego 2 (wjazd od ul. Ko\u015bciuszki)<\/p><p>\u00a0&#8211; 01 czerwca 2024 r. godz. 9:00, strzelnica SIGMA SHOOTING \u00a0w Zelowie, ul. Pu\u0142kownika Witolda Pileckiego 2 (wjazd od ul. Ko\u015bciuszki)<\/p><p>4.PROGRAM ZAWOD\u00d3W<\/p><p>\u2212 karabin pneumatyczny 40 m\u0142odzicy i m\u0142odziczki (pierwsze\u0144stwo w dniu 01.06.2024)<\/p><p>\u2212 pistolet pneumatyczny 40 m\u0142odzicy i m\u0142odziczki (pierwsze\u0144stwo w dniu 01.06.2024)<\/p><p>\u2212 karabin pneumatyczny 30 stoj\u0105c z podp\u00f3rk\u0105 &#8211; grupa szkolenia pocz\u0105tkowego tylko roczniki<\/p><p>2011 i m\u0142odsi (preferowany termin 31.05.2024)<\/p><p>\u2212 pistolet pneumatyczny 30 stoj\u0105c z podp\u00f3rk\u0105 &#8211; grupa szkolenia pocz\u0105tkowego roczniki 2011<\/p><p>i m\u0142odsi (preferowany termin 31.05.2024)<\/p><p>5.UCZESTNICTWO<\/p><p>\u2212 zawodnicy posiadaj\u0105cy licencj\u0119 PZSS<\/p><p>\u2212 grupa szkolenia pocz\u0105tkowego &#8211; zawodnicy trenuj\u0105cy w klubach<\/p><ol start=\"6\"><li>KLASYFIKACJA<\/li><\/ol><p>\u2212 indywidualna wed\u0142ug uzyskanych wynik\u00f3w<\/p><ol start=\"7\"><li>NAGRODY<\/li><\/ol><p>\u2212 indywidualnie za I miejsca puchary<\/p><p>\u2212 indywidualnie za miejsca I &#8211; III \u2013 medale<\/p><p>&#8211; indywidualne Dyplomy za uczestnictwo<\/p><ol start=\"8\"><li>ZG\u0141OSZENIA<\/li><\/ol><p>\u2212 zg\u0142oszenia prosimy przesy\u0142a\u0107 do dnia 24 maja 2024 roku na adres e-mail: <a href=\"mailto:zawody@sigma-shooting.pl\">zawody@sigma-shooting.pl<\/a> na formularzu zg\u0142oszeniowym, kt\u00f3ry znajduje si\u0119 na stronie www.sigma-shooting.pl w zak\u0142adce \u201eVI RUNDA PUCHARU WOJEW\u00d3DZTWA M\u0141ODZIK\u00d3W\u201d lub www.strzelectwo.lodz.pl &#8211; listy startowe ukazane b\u0119d\u0105 na stronie<\/p><p>www.sigma-shooting.pl w zak\u0142adce \u201eVI RUNDA PUCHARU WOJEW\u00d3DZTWA M\u0141ODZIK\u00d3W\u201d.<\/p><p>\u2212 W konkurencjach: karabin pneumatyczny 30 stoj\u0105c z podp\u00f3rk\u0105 OPEN &#8211; grupa szkolenia pocz\u0105tkowego tylko roczniki<\/p><p>2011 i m\u0142odsi<\/p><p>\u2212 pistolet pneumatyczny 30 stoj\u0105c z podp\u00f3rk\u0105 OPEN &#8211; grupa szkolenia pocz\u0105tkowego roczniki 2011<\/p><p>i m\u0142odsi<\/p><p>Ilo\u015b\u0107 miejsc ograniczona \u2013 m\u0142odzicy pierwsze\u0144stwo<\/p><p>\u2013 decyduje kolejno\u015b\u0107 zg\u0142osze\u0144<\/p><p>\u2212 Wszystkie informacje pod numerem telefonu: 600319307 \u2013 Bart\u0142omiej Zawierucha<\/p><ol start=\"9\"><li>KOSZTY UCZESTNICTWA<\/li><\/ol><p>\u2212 startowe 40 z\u0142 zawodnicy grupy szkolenia pocz\u0105tkowego<\/p><p>\u2212 startowe 50 z\u0142 m\u0142odzik<\/p><ol start=\"10\"><li>SPRAWY R\u00d3\u017bNE<\/li><\/ol><p>\u2212 zawody odb\u0119d\u0105 si\u0119 zgodnie z przepisami ISSF i powy\u017cszym regulaminem;<\/p><p>\u2212 uczestnicy zawod\u00f3w, bior\u0105c udzia\u0142 w tych zawodach, wyra\u017caj\u0105 zgod\u0119 na publikowanie ich danych<\/p><p>osobowych i wizerunku w komunikacie, relacjach z przebiegu i zako\u0144czenia zawod\u00f3w<\/p><p>zamieszczonych w materia\u0142ach promocyjnych organizatora, wsp\u00f3\u0142organizatora oraz w mediach, a<\/p><p>udzia\u0142 w zawodach jest r\u00f3wnoznaczny z akceptacj\u0105 niniejszego regulaminu. Zgodnie z<\/p><p>Rozporz\u0105dzeniem Parlamentu Europejskiego i Rady (UE) 2016\/679 z dn. 27.04.2016 r. i ustaw\u0105 z<\/p><p>dnia 10 maja 2018 r. o ochronie danych osobowych (Dz.U. 2018 poz.1000, z p\u00f3\u017an. zm.).<\/p><p>&#8211; organizatorzy zastrzegaj\u0105 sobie prawo do zmiany tre\u015bci niniejszego regulaminu;<\/p><p>&#8211; interpretacja niniejszego regulaminu oraz decyduj\u0105ce zdanie nale\u017cy do Organizator\u00f3w.<\/p>\t\t\t\t\t\t\t\t<\/div>\n\t\t\t\t<\/div>\n\t\t\t\t\t<\/div>\n\t\t<\/div>\n\t\t\t\t\t<\/div>\n\t\t<\/section>\n\t\t\t\t<section class=\"elementor-section elementor-top-section elementor-element elementor-element-ae7f433 elementor-section-boxed elementor-section-height-default elementor-section-height-default\" data-id=\"ae7f433\" data-element_type=\"section\">\n\t\t\t\t\t\t<div class=\"elementor-container elementor-column-gap-default\">\n\t\t\t\t\t<div class=\"elementor-column elementor-col-100 elementor-top-column elementor-element elementor-element-763ebb7\" data-id=\"763ebb7\" data-element_type=\"column\">\n\t\t\t<div class=\"elementor-widget-wrap elementor-element-populated\">\n\t\t\t\t\t\t<div class=\"elementor-element elementor-element-e93eb7a elementor-widget elementor-widget-google_maps\" data-id=\"e93eb7a\" data-element_type=\"widget\" data-widget_type=\"google_maps.default\">\n\t\t\t\t<div class=\"elementor-widget-container\">\n\t\t\t\t\t\t\t<div class=\"elementor-custom-embed\">\n\t\t\t<iframe loading=\"lazy\"\n\t\t\t\t\tsrc=\"https:\/\/maps.google.com\/maps?q=SIGMA%20SHOOTING%20ZEL%C3%93W&#038;t=m&#038;z=10&#038;output=embed&#038;iwloc=near\"\n\t\t\t\t\ttitle=\"SIGMA SHOOTING ZEL\u00d3W\"\n\t\t\t\t\taria-label=\"SIGMA SHOOTING ZEL\u00d3W\"\n\t\t\t><\/iframe>\n\t\t<\/div>\n\t\t\t\t\t\t<\/div>\n\t\t\t\t<\/div>\n\t\t\t\t\t<\/div>\n\t\t<\/div>\n\t\t\t\t\t<\/div>\n\t\t<\/section>\n\t\t\t\t<section class=\"elementor-section elementor-top-section elementor-element elementor-element-0a5f39b elementor-section-boxed elementor-section-height-default elementor-section-height-default\" data-id=\"0a5f39b\" data-element_type=\"section\">\n\t\t\t\t\t\t<div class=\"elementor-container elementor-column-gap-default\">\n\t\t\t\t\t<div class=\"elementor-column elementor-col-100 elementor-top-column elementor-element elementor-element-922cc9f\" data-id=\"922cc9f\" data-element_type=\"column\">\n\t\t\t<div class=\"elementor-widget-wrap\">\n\t\t\t\t\t\t\t<\/div>\n\t\t<\/div>\n\t\t\t\t\t<\/div>\n\t\t<\/section>\n\t\t\t\t<\/div>\n\t\t","protected":false},"excerpt":{"rendered":"<p>Formularz rejestracyjny :\u00a0https:\/\/www.strzelectwo.lodz.pl\/ REGULAMIN ZAWOD\u00d3W \u201eDZIE\u0143 DZIECKA\u201d VI RUNDA PUCHARU WOJEW\u00d3DZTWA M\u0141ODZIK\u00d3W 1.CEL ZAWOD\u00d3W \u2212 mo\u017cliwo\u015b\u0107 rywalizacji zawodnik\u00f3w wojew\u00f3dztwa \u0142\u00f3dzkiego w kategorii m\u0142odzik\u00f3w, \u2212 promocja sport\u00f3w strzeleckich w wojew\u00f3dztwie \u0142\u00f3dzkim, \u2212 promocja Gminy Zel\u00f3w jako miasta przyjaznego dla sportu strzeleckiego 2.ORGANIZATOR &#8211; \u0141\u00d3DZKI ZWI\u0104ZEK STRZELECTWA SPORTOWEGO \u2212 TOWARZYSTWO STZRELECKIE SIGMA SHOOTING \u0141\u00f3d\u017a 3.TERMIN I MIEJSCE &hellip; <a href=\"https:\/\/sigma-shooting.pl\/?page_id=454\" class=\"more-link\">Czytaj dalej<span class=\"screen-reader-text\"> \u201eVI RUNDA PUCHARU WOJEW\u00d3DZTWA M\u0141ODZIK\u00d3W\u201d<\/span><\/a><\/p>\n","protected":false},"author":2,"featured_media":0,"parent":0,"menu_order":0,"comment_status":"closed","ping_status":"closed","template":"","meta":{"footnotes":""},"class_list":["post-454","page","type-page","status-publish","hentry"],"yoast_head":"<!-- This site is optimized with the Yoast SEO plugin v24.3 - https:\/\/yoast.com\/wordpress\/plugins\/seo\/ -->\n<title>VI RUNDA PUCHARU WOJEW\u00d3DZTWA M\u0141ODZIK\u00d3W - TOWARZYSTWO STRZELECKIE SIGMA SHOOTING<\/title>\n<meta name=\"robots\" content=\"index, follow, max-snippet:-1, max-image-preview:large, max-video-preview:-1\" \/>\n<link rel=\"canonical\" href=\"https:\/\/sigma-shooting.pl\/?page_id=454\" \/>\n<meta property=\"og:locale\" content=\"pl_PL\" \/>\n<meta property=\"og:type\" content=\"article\" \/>\n<meta property=\"og:title\" content=\"VI RUNDA PUCHARU WOJEW\u00d3DZTWA M\u0141ODZIK\u00d3W - TOWARZYSTWO STRZELECKIE SIGMA SHOOTING\" \/>\n<meta property=\"og:description\" content=\"Formularz rejestracyjny :\u00a0https:\/\/www.strzelectwo.lodz.pl\/ REGULAMIN ZAWOD\u00d3W \u201eDZIE\u0143 DZIECKA\u201d VI RUNDA PUCHARU WOJEW\u00d3DZTWA M\u0141ODZIK\u00d3W 1.CEL ZAWOD\u00d3W \u2212 mo\u017cliwo\u015b\u0107 rywalizacji zawodnik\u00f3w wojew\u00f3dztwa \u0142\u00f3dzkiego w kategorii m\u0142odzik\u00f3w, \u2212 promocja sport\u00f3w strzeleckich w wojew\u00f3dztwie \u0142\u00f3dzkim, \u2212 promocja Gminy Zel\u00f3w jako miasta przyjaznego dla sportu strzeleckiego 2.ORGANIZATOR &#8211; \u0141\u00d3DZKI ZWI\u0104ZEK STRZELECTWA SPORTOWEGO \u2212 TOWARZYSTWO STZRELECKIE SIGMA SHOOTING \u0141\u00f3d\u017a 3.TERMIN I MIEJSCE &hellip; Czytaj dalej \u201eVI RUNDA PUCHARU WOJEW\u00d3DZTWA M\u0141ODZIK\u00d3W\u201d\" \/>\n<meta property=\"og:url\" content=\"https:\/\/sigma-shooting.pl\/?page_id=454\" \/>\n<meta property=\"og:site_name\" content=\"TOWARZYSTWO STRZELECKIE SIGMA SHOOTING\" \/>\n<meta property=\"article:publisher\" content=\"https:\/\/www.facebook.com\/sigmashooting\" \/>\n<meta property=\"article:modified_time\" content=\"2024-05-28T04:19:49+00:00\" \/>\n<meta property=\"og:image\" content=\"https:\/\/sigma-shooting.pl\/wp-content\/uploads\/2024\/05\/1.jpg\" \/>\n<meta name=\"twitter:card\" content=\"summary_large_image\" \/>\n<meta name=\"twitter:label1\" content=\"Szacowany czas czytania\" \/>\n\t<meta name=\"twitter:data1\" content=\"3 minuty\" \/>\n<script type=\"application\/ld+json\" class=\"yoast-schema-graph\">{\"@context\":\"https:\/\/schema.org\",\"@graph\":[{\"@type\":\"WebPage\",\"@id\":\"https:\/\/sigma-shooting.pl\/?page_id=454\",\"url\":\"https:\/\/sigma-shooting.pl\/?page_id=454\",\"name\":\"VI RUNDA PUCHARU WOJEW\u00d3DZTWA M\u0141ODZIK\u00d3W - TOWARZYSTWO STRZELECKIE SIGMA SHOOTING\",\"isPartOf\":{\"@id\":\"https:\/\/sigma-shooting.pl\/#website\"},\"primaryImageOfPage\":{\"@id\":\"https:\/\/sigma-shooting.pl\/?page_id=454#primaryimage\"},\"image\":{\"@id\":\"https:\/\/sigma-shooting.pl\/?page_id=454#primaryimage\"},\"thumbnailUrl\":\"https:\/\/sigma-shooting.pl\/wp-content\/uploads\/2024\/05\/1.jpg\",\"datePublished\":\"2024-05-17T06:40:09+00:00\",\"dateModified\":\"2024-05-28T04:19:49+00:00\",\"breadcrumb\":{\"@id\":\"https:\/\/sigma-shooting.pl\/?page_id=454#breadcrumb\"},\"inLanguage\":\"pl-PL\",\"potentialAction\":[{\"@type\":\"ReadAction\",\"target\":[\"https:\/\/sigma-shooting.pl\/?page_id=454\"]}]},{\"@type\":\"ImageObject\",\"inLanguage\":\"pl-PL\",\"@id\":\"https:\/\/sigma-shooting.pl\/?page_id=454#primaryimage\",\"url\":\"https:\/\/sigma-shooting.pl\/wp-content\/uploads\/2024\/05\/1.jpg\",\"contentUrl\":\"https:\/\/sigma-shooting.pl\/wp-content\/uploads\/2024\/05\/1.jpg\",\"width\":784,\"height\":295},{\"@type\":\"BreadcrumbList\",\"@id\":\"https:\/\/sigma-shooting.pl\/?page_id=454#breadcrumb\",\"itemListElement\":[{\"@type\":\"ListItem\",\"position\":1,\"name\":\"Home\",\"item\":\"https:\/\/sigma-shooting.pl\/\"},{\"@type\":\"ListItem\",\"position\":2,\"name\":\"VI RUNDA PUCHARU WOJEW\u00d3DZTWA M\u0141ODZIK\u00d3W\"}]},{\"@type\":\"WebSite\",\"@id\":\"https:\/\/sigma-shooting.pl\/#website\",\"url\":\"https:\/\/sigma-shooting.pl\/\",\"name\":\"TOWARZYSTWO STRZELECKIE SIGMA SHOOTING\",\"description\":\"Wszystko na bie\u017c\u0105co co dzieje si\u0119 w naszym Klubie, jak r\u00f3wnie\u017c o planach przysz\u0142ych, r\u00f3wnie\u017c o naszej historii.\",\"publisher\":{\"@id\":\"https:\/\/sigma-shooting.pl\/#organization\"},\"potentialAction\":[{\"@type\":\"SearchAction\",\"target\":{\"@type\":\"EntryPoint\",\"urlTemplate\":\"https:\/\/sigma-shooting.pl\/?s={search_term_string}\"},\"query-input\":{\"@type\":\"PropertyValueSpecification\",\"valueRequired\":true,\"valueName\":\"search_term_string\"}}],\"inLanguage\":\"pl-PL\"},{\"@type\":\"Organization\",\"@id\":\"https:\/\/sigma-shooting.pl\/#organization\",\"name\":\"TOWARZYSTWO STRZELECKIE SIGMA SHOOTING\",\"url\":\"https:\/\/sigma-shooting.pl\/\",\"logo\":{\"@type\":\"ImageObject\",\"inLanguage\":\"pl-PL\",\"@id\":\"https:\/\/sigma-shooting.pl\/#\/schema\/logo\/image\/\",\"url\":\"https:\/\/sigma-shooting.pl\/wp-content\/uploads\/2023\/02\/cropped-ss_stopka.jpg\",\"contentUrl\":\"https:\/\/sigma-shooting.pl\/wp-content\/uploads\/2023\/02\/cropped-ss_stopka.jpg\",\"width\":269,\"height\":211,\"caption\":\"TOWARZYSTWO STRZELECKIE SIGMA SHOOTING\"},\"image\":{\"@id\":\"https:\/\/sigma-shooting.pl\/#\/schema\/logo\/image\/\"},\"sameAs\":[\"https:\/\/www.facebook.com\/sigmashooting\"]}]}<\/script>\n<!-- \/ Yoast SEO plugin. -->","yoast_head_json":{"title":"VI RUNDA PUCHARU WOJEW\u00d3DZTWA M\u0141ODZIK\u00d3W - TOWARZYSTWO STRZELECKIE SIGMA SHOOTING","robots":{"index":"index","follow":"follow","max-snippet":"max-snippet:-1","max-image-preview":"max-image-preview:large","max-video-preview":"max-video-preview:-1"},"canonical":"https:\/\/sigma-shooting.pl\/?page_id=454","og_locale":"pl_PL","og_type":"article","og_title":"VI RUNDA PUCHARU WOJEW\u00d3DZTWA M\u0141ODZIK\u00d3W - TOWARZYSTWO STRZELECKIE SIGMA SHOOTING","og_description":"Formularz rejestracyjny :\u00a0https:\/\/www.strzelectwo.lodz.pl\/ REGULAMIN ZAWOD\u00d3W \u201eDZIE\u0143 DZIECKA\u201d VI RUNDA PUCHARU WOJEW\u00d3DZTWA M\u0141ODZIK\u00d3W 1.CEL ZAWOD\u00d3W \u2212 mo\u017cliwo\u015b\u0107 rywalizacji zawodnik\u00f3w wojew\u00f3dztwa \u0142\u00f3dzkiego w kategorii m\u0142odzik\u00f3w, \u2212 promocja sport\u00f3w strzeleckich w wojew\u00f3dztwie \u0142\u00f3dzkim, \u2212 promocja Gminy Zel\u00f3w jako miasta przyjaznego dla sportu strzeleckiego 2.ORGANIZATOR &#8211; \u0141\u00d3DZKI ZWI\u0104ZEK STRZELECTWA SPORTOWEGO \u2212 TOWARZYSTWO STZRELECKIE SIGMA SHOOTING \u0141\u00f3d\u017a 3.TERMIN I MIEJSCE &hellip; Czytaj dalej \u201eVI RUNDA PUCHARU WOJEW\u00d3DZTWA M\u0141ODZIK\u00d3W\u201d","og_url":"https:\/\/sigma-shooting.pl\/?page_id=454","og_site_name":"TOWARZYSTWO STRZELECKIE SIGMA SHOOTING","article_publisher":"https:\/\/www.facebook.com\/sigmashooting","article_modified_time":"2024-05-28T04:19:49+00:00","og_image":[{"url":"https:\/\/sigma-shooting.pl\/wp-content\/uploads\/2024\/05\/1.jpg","type":"","width":"","height":""}],"twitter_card":"summary_large_image","twitter_misc":{"Szacowany czas czytania":"3 minuty"},"schema":{"@context":"https:\/\/schema.org","@graph":[{"@type":"WebPage","@id":"https:\/\/sigma-shooting.pl\/?page_id=454","url":"https:\/\/sigma-shooting.pl\/?page_id=454","name":"VI RUNDA PUCHARU WOJEW\u00d3DZTWA M\u0141ODZIK\u00d3W - TOWARZYSTWO STRZELECKIE SIGMA SHOOTING","isPartOf":{"@id":"https:\/\/sigma-shooting.pl\/#website"},"primaryImageOfPage":{"@id":"https:\/\/sigma-shooting.pl\/?page_id=454#primaryimage"},"image":{"@id":"https:\/\/sigma-shooting.pl\/?page_id=454#primaryimage"},"thumbnailUrl":"https:\/\/sigma-shooting.pl\/wp-content\/uploads\/2024\/05\/1.jpg","datePublished":"2024-05-17T06:40:09+00:00","dateModified":"2024-05-28T04:19:49+00:00","breadcrumb":{"@id":"https:\/\/sigma-shooting.pl\/?page_id=454#breadcrumb"},"inLanguage":"pl-PL","potentialAction":[{"@type":"ReadAction","target":["https:\/\/sigma-shooting.pl\/?page_id=454"]}]},{"@type":"ImageObject","inLanguage":"pl-PL","@id":"https:\/\/sigma-shooting.pl\/?page_id=454#primaryimage","url":"https:\/\/sigma-shooting.pl\/wp-content\/uploads\/2024\/05\/1.jpg","contentUrl":"https:\/\/sigma-shooting.pl\/wp-content\/uploads\/2024\/05\/1.jpg","width":784,"height":295},{"@type":"BreadcrumbList","@id":"https:\/\/sigma-shooting.pl\/?page_id=454#breadcrumb","itemListElement":[{"@type":"ListItem","position":1,"name":"Home","item":"https:\/\/sigma-shooting.pl\/"},{"@type":"ListItem","position":2,"name":"VI RUNDA PUCHARU WOJEW\u00d3DZTWA M\u0141ODZIK\u00d3W"}]},{"@type":"WebSite","@id":"https:\/\/sigma-shooting.pl\/#website","url":"https:\/\/sigma-shooting.pl\/","name":"TOWARZYSTWO STRZELECKIE SIGMA SHOOTING","description":"Wszystko na bie\u017c\u0105co co dzieje si\u0119 w naszym Klubie, jak r\u00f3wnie\u017c o planach przysz\u0142ych, r\u00f3wnie\u017c o naszej historii.","publisher":{"@id":"https:\/\/sigma-shooting.pl\/#organization"},"potentialAction":[{"@type":"SearchAction","target":{"@type":"EntryPoint","urlTemplate":"https:\/\/sigma-shooting.pl\/?s={search_term_string}"},"query-input":{"@type":"PropertyValueSpecification","valueRequired":true,"valueName":"search_term_string"}}],"inLanguage":"pl-PL"},{"@type":"Organization","@id":"https:\/\/sigma-shooting.pl\/#organization","name":"TOWARZYSTWO STRZELECKIE SIGMA SHOOTING","url":"https:\/\/sigma-shooting.pl\/","logo":{"@type":"ImageObject","inLanguage":"pl-PL","@id":"https:\/\/sigma-shooting.pl\/#\/schema\/logo\/image\/","url":"https:\/\/sigma-shooting.pl\/wp-content\/uploads\/2023\/02\/cropped-ss_stopka.jpg","contentUrl":"https:\/\/sigma-shooting.pl\/wp-content\/uploads\/2023\/02\/cropped-ss_stopka.jpg","width":269,"height":211,"caption":"TOWARZYSTWO STRZELECKIE SIGMA SHOOTING"},"image":{"@id":"https:\/\/sigma-shooting.pl\/#\/schema\/logo\/image\/"},"sameAs":["https:\/\/www.facebook.com\/sigmashooting"]}]}},"_links":{"self":[{"href":"https:\/\/sigma-shooting.pl\/index.php?rest_route=\/wp\/v2\/pages\/454","targetHints":{"allow":["GET"]}}],"collection":[{"href":"https:\/\/sigma-shooting.pl\/index.php?rest_route=\/wp\/v2\/pages"}],"about":[{"href":"https:\/\/sigma-shooting.pl\/index.php?rest_route=\/wp\/v2\/types\/page"}],"author":[{"embeddable":true,"href":"https:\/\/sigma-shooting.pl\/index.php?rest_route=\/wp\/v2\/users\/2"}],"replies":[{"embeddable":true,"href":"https:\/\/sigma-shooting.pl\/index.php?rest_route=%2Fwp%2Fv2%2Fcomments&post=454"}],"version-history":[{"count":31,"href":"https:\/\/sigma-shooting.pl\/index.php?rest_route=\/wp\/v2\/pages\/454\/revisions"}],"predecessor-version":[{"id":497,"href":"https:\/\/sigma-shooting.pl\/index.php?rest_route=\/wp\/v2\/pages\/454\/revisions\/497"}],"wp:attachment":[{"href":"https:\/\/sigma-shooting.pl\/index.php?rest_route=%2Fwp%2Fv2%2Fmedia&parent=454"}],"curies":[{"name":"wp","href":"https:\/\/api.w.org\/{rel}","templated":true}]}}