{"id":396,"date":"2024-02-14T18:05:36","date_gmt":"2024-02-14T17:05:36","guid":{"rendered":"https:\/\/sigma-shooting.pl\/?page_id=396"},"modified":"2024-02-14T18:16:42","modified_gmt":"2024-02-14T17:16:42","slug":"turniej-noworoczny-i-runda-pucharu-wojewodztwa-mlodzikow","status":"publish","type":"page","link":"https:\/\/sigma-shooting.pl\/?page_id=396","title":{"rendered":"TURNIEJ NOWOROCZNY I RUNDA PUCHARU WOJEW\u00d3DZTWA M\u0141ODZIK\u00d3W"},"content":{"rendered":"\t\t<div data-elementor-type=\"wp-page\" data-elementor-id=\"396\" class=\"elementor elementor-396\">\n\t\t\t\t\t\t<section class=\"elementor-section elementor-top-section elementor-element elementor-element-33bee7f elementor-section-boxed elementor-section-height-default elementor-section-height-default\" data-id=\"33bee7f\" data-element_type=\"section\">\n\t\t\t\t\t\t<div class=\"elementor-container elementor-column-gap-default\">\n\t\t\t\t\t<div class=\"elementor-column elementor-col-100 elementor-top-column elementor-element elementor-element-47ecd7e\" data-id=\"47ecd7e\" data-element_type=\"column\">\n\t\t\t<div class=\"elementor-widget-wrap elementor-element-populated\">\n\t\t\t\t\t\t<div class=\"elementor-element elementor-element-0c3fe36 elementor-widget elementor-widget-image\" data-id=\"0c3fe36\" data-element_type=\"widget\" data-widget_type=\"image.default\">\n\t\t\t\t<div class=\"elementor-widget-container\">\n\t\t\t\t\t\t\t\t\t\t\t\t\t\t\t<img fetchpriority=\"high\" decoding=\"async\" width=\"840\" height=\"630\" src=\"https:\/\/sigma-shooting.pl\/wp-content\/uploads\/2024\/02\/20240120_150558-1024x768.jpg\" class=\"attachment-large size-large wp-image-398\" alt=\"\" srcset=\"https:\/\/sigma-shooting.pl\/wp-content\/uploads\/2024\/02\/20240120_150558-1024x768.jpg 1024w, https:\/\/sigma-shooting.pl\/wp-content\/uploads\/2024\/02\/20240120_150558-300x225.jpg 300w, https:\/\/sigma-shooting.pl\/wp-content\/uploads\/2024\/02\/20240120_150558-768x576.jpg 768w, https:\/\/sigma-shooting.pl\/wp-content\/uploads\/2024\/02\/20240120_150558-1536x1152.jpg 1536w, https:\/\/sigma-shooting.pl\/wp-content\/uploads\/2024\/02\/20240120_150558-2048x1536.jpg 2048w, https:\/\/sigma-shooting.pl\/wp-content\/uploads\/2024\/02\/20240120_150558-1200x900.jpg 1200w\" sizes=\"(max-width: 709px) 85vw, (max-width: 909px) 67vw, (max-width: 1362px) 62vw, 840px\" \/>\t\t\t\t\t\t\t\t\t\t\t\t\t\t\t<\/div>\n\t\t\t\t<\/div>\n\t\t\t\t\t<\/div>\n\t\t<\/div>\n\t\t\t\t\t<\/div>\n\t\t<\/section>\n\t\t\t\t<section class=\"elementor-section elementor-top-section elementor-element elementor-element-4f9292a8 elementor-section-full_width elementor-section-height-default elementor-section-height-default\" data-id=\"4f9292a8\" data-element_type=\"section\">\n\t\t\t\t\t\t<div class=\"elementor-container elementor-column-gap-default\">\n\t\t\t\t\t<div class=\"elementor-column elementor-col-100 elementor-top-column elementor-element elementor-element-b3bf91e\" data-id=\"b3bf91e\" data-element_type=\"column\">\n\t\t\t<div class=\"elementor-widget-wrap elementor-element-populated\">\n\t\t\t\t\t\t<div class=\"elementor-element elementor-element-61a9826d elementor-widget__width-initial elementor-widget elementor-widget-text-editor\" data-id=\"61a9826d\" data-element_type=\"widget\" data-widget_type=\"text-editor.default\">\n\t\t\t\t<div class=\"elementor-widget-container\">\n\t\t\t\t\t\t\t\t\t<p><\/p>\n<p>SOK\u0141\u00d3\u0141 Zdu\u0144ska Wola<\/p>\n<p><\/p>\n<p><\/p>\n<p><b>10m &#8211; Karabin pneumatyczny 60 strza\u0142\u00f3w m\u0119\u017cczyzn <\/b><\/p>\n<p><\/p>\n<p><\/p>\n<ol class=\"wp-block-list\">\n<li style=\"list-style-type: none;\">\n<ol><\/ol>\n<\/li>\n<\/ol>\n<ol>\n<li style=\"list-style-type: none;\">\n<ol>\n<li>ZGOLAK Krystian 07 &#8211; 585,9 pkt<\/li>\n<\/ol>\n<\/li>\n<\/ol>\n<p><\/p>\n<p><\/p>\n<ol>\n<li style=\"list-style-type: none;\">\n<ol>\n<li>R\u0104KOWSKI Dominik 77 340,0 pkt<\/li>\n<\/ol>\n<\/li>\n<\/ol>\n<p><\/p>\n<p><\/p>\n<p><\/p>\n<p><b>10m &#8211; Karabin pneumatyczny 60 strza\u0142\u00f3w kobiet<\/b><\/p>\n<p><\/p>\n<p><\/p>\n<p>5. S\u0141OMCZY\u0143SKA Kamila 08 387,6 pkt<\/p>\n<p><\/p>\n<p><\/p>\n<p><b>10m &#8211; Karabin pneumatyczny 40 strza\u0142\u00f3w &#8211; m\u0142odzicy<\/b><\/p>\n<p><\/p>\n<p><\/p>\n<p>5. OLCZAK Oliwier 09 360,7<\/p>\n<p><\/p>\n<p><\/p>\n<p>10. R\u0104KOWSKI Karol 10 179,1<\/p>\n<p><\/p>\n<p><\/p>\n<p><b>10m &#8211; Karabin pneumatyczny y 40 strza\u0142\u00f3w &#8211; m\u0142odziczki<\/b><\/p>\n<p><\/p>\n<p><\/p>\n<ul class=\"wp-block-list\">\n<li style=\"list-style-type: none;\">\n<ul><\/ul>\n<\/li>\n<\/ul>\n<ul>\n<li style=\"list-style-type: none;\">\n<ul>\n<li>1. KARASI\u0143SKA Iga 09 385,0pkt<\/li>\n<\/ul>\n<\/li>\n<\/ul>\n<p><\/p>\n<p><\/p>\n<ul>\n<li>5. GAPIK Adrianna 09 190,2pkt<\/li>\n<\/ul>\n<div><b>10m &#8211; Karabin pneumatyczny 30 strza\u0142\u00f3w &#8211; pocz\u0105tkuj\u0105cy stoj\u0105c open<br \/><\/b><\/div>\n<div>6. PIETRZAK Oskar 12 205,4pkt<\/div>\n<div>\u00a0<\/div>\n<div><b>10m &#8211; Pistolet pneumatyczny 60 strza\u0142\u00f3w &#8211; m\u0119\u017cczyzn<\/b><\/div>\n<div><span style=\"color: var( --e-global-color-text ); font-family: var( --e-global-typography-text-font-family ), Sans-serif; font-weight: var( --e-global-typography-text-font-weight ); font-size: 1rem;\">4. KARASI\u0143SKI Piotr 81 543pkt<\/span><\/div>\n<div>7. ZAWIERUCHA Bart\u0142omiej 83 537pkt<span style=\"color: var( --e-global-color-text ); font-family: var( --e-global-typography-text-font-family ), Sans-serif; font-weight: var( --e-global-typography-text-font-weight ); font-size: 1rem;\"><br \/><\/span><\/div>\n<div>10. EJSMONT Pawe\u0142 78 526pkt<\/div>\n<div>13. PRZEGALI\u0143SKI Kamil 78 438pkt<\/div>\n<div>\u00a0<\/div>\n<div>10m &#8211; Pistolet pneumatyczny 60 strza\u0142\u00f3w &#8211; kobiet<\/div>\n<div>3. BARTOS-MIELCZAREK Ilona 79 SIGMA SHOOTING \u0141\u00f3d\u017a 83 496pkt<\/div>\n<div>\u00a0<\/div>\n<div>10m &#8211; Pistolet pneumatyczny 40 strza\u0142\u00f3w &#8211; m\u0142odzicy<\/div>\n<div>7. ZAWIERUCHA Wiktor 09 326pkt<\/div>\n<div>\u00a0<\/div>\n<p><\/p>\n<p><\/p>\t\t\t\t\t\t\t\t<\/div>\n\t\t\t\t<\/div>\n\t\t\t\t<div class=\"elementor-element elementor-element-88ff488 elementor-widget elementor-widget-image\" data-id=\"88ff488\" data-element_type=\"widget\" data-widget_type=\"image.default\">\n\t\t\t\t<div class=\"elementor-widget-container\">\n\t\t\t\t\t\t\t\t\t\t\t\t\t\t\t<img decoding=\"async\" width=\"840\" height=\"630\" src=\"https:\/\/sigma-shooting.pl\/wp-content\/uploads\/2024\/02\/20240120_105940-1024x768.jpg\" class=\"attachment-large size-large wp-image-403\" alt=\"\" srcset=\"https:\/\/sigma-shooting.pl\/wp-content\/uploads\/2024\/02\/20240120_105940-1024x768.jpg 1024w, https:\/\/sigma-shooting.pl\/wp-content\/uploads\/2024\/02\/20240120_105940-300x225.jpg 300w, https:\/\/sigma-shooting.pl\/wp-content\/uploads\/2024\/02\/20240120_105940-768x576.jpg 768w, https:\/\/sigma-shooting.pl\/wp-content\/uploads\/2024\/02\/20240120_105940-1536x1152.jpg 1536w, https:\/\/sigma-shooting.pl\/wp-content\/uploads\/2024\/02\/20240120_105940-2048x1536.jpg 2048w, https:\/\/sigma-shooting.pl\/wp-content\/uploads\/2024\/02\/20240120_105940-1200x900.jpg 1200w\" sizes=\"(max-width: 709px) 85vw, (max-width: 909px) 67vw, (max-width: 1362px) 62vw, 840px\" \/>\t\t\t\t\t\t\t\t\t\t\t\t\t\t\t<\/div>\n\t\t\t\t<\/div>\n\t\t\t\t<div class=\"elementor-element elementor-element-c0e0dbd elementor-widget elementor-widget-image\" data-id=\"c0e0dbd\" data-element_type=\"widget\" data-widget_type=\"image.default\">\n\t\t\t\t<div class=\"elementor-widget-container\">\n\t\t\t\t\t\t\t\t\t\t\t\t\t\t\t<img decoding=\"async\" width=\"768\" height=\"1024\" src=\"https:\/\/sigma-shooting.pl\/wp-content\/uploads\/2024\/02\/20240120_141317-768x1024.jpg\" class=\"attachment-medium_large size-medium_large wp-image-406\" alt=\"\" srcset=\"https:\/\/sigma-shooting.pl\/wp-content\/uploads\/2024\/02\/20240120_141317-768x1024.jpg 768w, https:\/\/sigma-shooting.pl\/wp-content\/uploads\/2024\/02\/20240120_141317-225x300.jpg 225w, https:\/\/sigma-shooting.pl\/wp-content\/uploads\/2024\/02\/20240120_141317-1152x1536.jpg 1152w, https:\/\/sigma-shooting.pl\/wp-content\/uploads\/2024\/02\/20240120_141317-1536x2048.jpg 1536w, https:\/\/sigma-shooting.pl\/wp-content\/uploads\/2024\/02\/20240120_141317-1200x1600.jpg 1200w, https:\/\/sigma-shooting.pl\/wp-content\/uploads\/2024\/02\/20240120_141317-scaled.jpg 1920w\" sizes=\"(max-width: 768px) 85vw, 768px\" \/>\t\t\t\t\t\t\t\t\t\t\t\t\t\t\t<\/div>\n\t\t\t\t<\/div>\n\t\t\t\t\t<\/div>\n\t\t<\/div>\n\t\t\t\t\t<\/div>\n\t\t<\/section>\n\t\t\t\t<section class=\"elementor-section elementor-top-section elementor-element elementor-element-54be15a elementor-section-boxed elementor-section-height-default elementor-section-height-default\" data-id=\"54be15a\" data-element_type=\"section\">\n\t\t\t\t\t\t<div class=\"elementor-container elementor-column-gap-default\">\n\t\t\t\t\t<div class=\"elementor-column elementor-col-50 elementor-top-column elementor-element elementor-element-be7c92d\" data-id=\"be7c92d\" data-element_type=\"column\">\n\t\t\t<div class=\"elementor-widget-wrap\">\n\t\t\t\t\t\t\t<\/div>\n\t\t<\/div>\n\t\t\t\t<div class=\"elementor-column elementor-col-50 elementor-top-column elementor-element elementor-element-220d957\" data-id=\"220d957\" data-element_type=\"column\">\n\t\t\t<div class=\"elementor-widget-wrap\">\n\t\t\t\t\t\t\t<\/div>\n\t\t<\/div>\n\t\t\t\t\t<\/div>\n\t\t<\/section>\n\t\t\t\t<section class=\"elementor-section elementor-top-section elementor-element elementor-element-1a5fd7f elementor-section-boxed elementor-section-height-default elementor-section-height-default\" data-id=\"1a5fd7f\" data-element_type=\"section\">\n\t\t\t\t\t\t<div class=\"elementor-container elementor-column-gap-default\">\n\t\t\t\t\t<div class=\"elementor-column elementor-col-100 elementor-top-column elementor-element elementor-element-2f866b6\" data-id=\"2f866b6\" data-element_type=\"column\">\n\t\t\t<div class=\"elementor-widget-wrap elementor-element-populated\">\n\t\t\t\t\t\t<div class=\"elementor-element elementor-element-308e54e elementor-widget elementor-widget-image\" data-id=\"308e54e\" data-element_type=\"widget\" data-widget_type=\"image.default\">\n\t\t\t\t<div class=\"elementor-widget-container\">\n\t\t\t\t\t\t\t\t\t\t\t\t\t\t\t<img loading=\"lazy\" decoding=\"async\" width=\"768\" height=\"1024\" src=\"https:\/\/sigma-shooting.pl\/wp-content\/uploads\/2024\/02\/20240120_154023-768x1024.jpg\" class=\"attachment-large size-large wp-image-413\" alt=\"\" srcset=\"https:\/\/sigma-shooting.pl\/wp-content\/uploads\/2024\/02\/20240120_154023-768x1024.jpg 768w, https:\/\/sigma-shooting.pl\/wp-content\/uploads\/2024\/02\/20240120_154023-225x300.jpg 225w, https:\/\/sigma-shooting.pl\/wp-content\/uploads\/2024\/02\/20240120_154023-1152x1536.jpg 1152w, https:\/\/sigma-shooting.pl\/wp-content\/uploads\/2024\/02\/20240120_154023-1536x2048.jpg 1536w, https:\/\/sigma-shooting.pl\/wp-content\/uploads\/2024\/02\/20240120_154023-1200x1600.jpg 1200w, https:\/\/sigma-shooting.pl\/wp-content\/uploads\/2024\/02\/20240120_154023-scaled.jpg 1920w\" sizes=\"(max-width: 768px) 85vw, 768px\" \/>\t\t\t\t\t\t\t\t\t\t\t\t\t\t\t<\/div>\n\t\t\t\t<\/div>\n\t\t\t\t\t<\/div>\n\t\t<\/div>\n\t\t\t\t\t<\/div>\n\t\t<\/section>\n\t\t\t\t<\/div>\n\t\t","protected":false},"excerpt":{"rendered":"<p>SOK\u0141\u00d3\u0141 Zdu\u0144ska Wola 10m &#8211; Karabin pneumatyczny 60 strza\u0142\u00f3w m\u0119\u017cczyzn 10m &#8211; Karabin pneumatyczny 60 strza\u0142\u00f3w kobiet 5. S\u0141OMCZY\u0143SKA Kamila 08 387,6 pkt 10m &#8211; Karabin pneumatyczny 40 strza\u0142\u00f3w &#8211; m\u0142odzicy 5. OLCZAK Oliwier 09 360,7 10. R\u0104KOWSKI Karol 10 179,1 10m &#8211; Karabin pneumatyczny y 40 strza\u0142\u00f3w &#8211; m\u0142odziczki<\/p>\n","protected":false},"author":2,"featured_media":0,"parent":0,"menu_order":0,"comment_status":"closed","ping_status":"closed","template":"","meta":{"footnotes":""},"class_list":["post-396","page","type-page","status-publish","hentry"],"yoast_head":"<!-- This site is optimized with the Yoast SEO plugin v24.3 - https:\/\/yoast.com\/wordpress\/plugins\/seo\/ -->\n<title>TURNIEJ NOWOROCZNY I RUNDA PUCHARU WOJEW\u00d3DZTWA M\u0141ODZIK\u00d3W - TOWARZYSTWO STRZELECKIE SIGMA SHOOTING<\/title>\n<meta name=\"robots\" content=\"index, follow, max-snippet:-1, max-image-preview:large, max-video-preview:-1\" \/>\n<link rel=\"canonical\" href=\"https:\/\/sigma-shooting.pl\/?page_id=396\" \/>\n<meta property=\"og:locale\" content=\"pl_PL\" \/>\n<meta property=\"og:type\" content=\"article\" \/>\n<meta property=\"og:title\" content=\"TURNIEJ NOWOROCZNY I RUNDA PUCHARU WOJEW\u00d3DZTWA M\u0141ODZIK\u00d3W - TOWARZYSTWO STRZELECKIE SIGMA SHOOTING\" \/>\n<meta property=\"og:description\" content=\"SOK\u0141\u00d3\u0141 Zdu\u0144ska Wola 10m &#8211; Karabin pneumatyczny 60 strza\u0142\u00f3w m\u0119\u017cczyzn 10m &#8211; Karabin pneumatyczny 60 strza\u0142\u00f3w kobiet 5. S\u0141OMCZY\u0143SKA Kamila 08 387,6 pkt 10m &#8211; Karabin pneumatyczny 40 strza\u0142\u00f3w &#8211; m\u0142odzicy 5. OLCZAK Oliwier 09 360,7 10. R\u0104KOWSKI Karol 10 179,1 10m &#8211; Karabin pneumatyczny y 40 strza\u0142\u00f3w &#8211; m\u0142odziczki\" \/>\n<meta property=\"og:url\" content=\"https:\/\/sigma-shooting.pl\/?page_id=396\" \/>\n<meta property=\"og:site_name\" content=\"TOWARZYSTWO STRZELECKIE SIGMA SHOOTING\" \/>\n<meta property=\"article:publisher\" content=\"https:\/\/www.facebook.com\/sigmashooting\" \/>\n<meta property=\"article:modified_time\" content=\"2024-02-14T17:16:42+00:00\" \/>\n<meta property=\"og:image\" content=\"https:\/\/sigma-shooting.pl\/wp-content\/uploads\/2024\/02\/20240120_150558-1024x768.jpg\" \/>\n<meta name=\"twitter:card\" content=\"summary_large_image\" \/>\n<meta name=\"twitter:label1\" content=\"Szacowany czas czytania\" \/>\n\t<meta name=\"twitter:data1\" content=\"2 minuty\" \/>\n<script type=\"application\/ld+json\" class=\"yoast-schema-graph\">{\"@context\":\"https:\/\/schema.org\",\"@graph\":[{\"@type\":\"WebPage\",\"@id\":\"https:\/\/sigma-shooting.pl\/?page_id=396\",\"url\":\"https:\/\/sigma-shooting.pl\/?page_id=396\",\"name\":\"TURNIEJ NOWOROCZNY I RUNDA PUCHARU WOJEW\u00d3DZTWA M\u0141ODZIK\u00d3W - TOWARZYSTWO STRZELECKIE SIGMA SHOOTING\",\"isPartOf\":{\"@id\":\"https:\/\/sigma-shooting.pl\/#website\"},\"primaryImageOfPage\":{\"@id\":\"https:\/\/sigma-shooting.pl\/?page_id=396#primaryimage\"},\"image\":{\"@id\":\"https:\/\/sigma-shooting.pl\/?page_id=396#primaryimage\"},\"thumbnailUrl\":\"https:\/\/sigma-shooting.pl\/wp-content\/uploads\/2024\/02\/20240120_150558-1024x768.jpg\",\"datePublished\":\"2024-02-14T17:05:36+00:00\",\"dateModified\":\"2024-02-14T17:16:42+00:00\",\"breadcrumb\":{\"@id\":\"https:\/\/sigma-shooting.pl\/?page_id=396#breadcrumb\"},\"inLanguage\":\"pl-PL\",\"potentialAction\":[{\"@type\":\"ReadAction\",\"target\":[\"https:\/\/sigma-shooting.pl\/?page_id=396\"]}]},{\"@type\":\"ImageObject\",\"inLanguage\":\"pl-PL\",\"@id\":\"https:\/\/sigma-shooting.pl\/?page_id=396#primaryimage\",\"url\":\"https:\/\/sigma-shooting.pl\/wp-content\/uploads\/2024\/02\/20240120_150558-scaled.jpg\",\"contentUrl\":\"https:\/\/sigma-shooting.pl\/wp-content\/uploads\/2024\/02\/20240120_150558-scaled.jpg\",\"width\":2560,\"height\":1920},{\"@type\":\"BreadcrumbList\",\"@id\":\"https:\/\/sigma-shooting.pl\/?page_id=396#breadcrumb\",\"itemListElement\":[{\"@type\":\"ListItem\",\"position\":1,\"name\":\"Home\",\"item\":\"https:\/\/sigma-shooting.pl\/\"},{\"@type\":\"ListItem\",\"position\":2,\"name\":\"TURNIEJ NOWOROCZNY I RUNDA PUCHARU WOJEW\u00d3DZTWA M\u0141ODZIK\u00d3W\"}]},{\"@type\":\"WebSite\",\"@id\":\"https:\/\/sigma-shooting.pl\/#website\",\"url\":\"https:\/\/sigma-shooting.pl\/\",\"name\":\"TOWARZYSTWO STRZELECKIE SIGMA SHOOTING\",\"description\":\"Wszystko na bie\u017c\u0105co co dzieje si\u0119 w naszym Klubie, jak r\u00f3wnie\u017c o planach przysz\u0142ych, r\u00f3wnie\u017c o naszej historii.\",\"publisher\":{\"@id\":\"https:\/\/sigma-shooting.pl\/#organization\"},\"potentialAction\":[{\"@type\":\"SearchAction\",\"target\":{\"@type\":\"EntryPoint\",\"urlTemplate\":\"https:\/\/sigma-shooting.pl\/?s={search_term_string}\"},\"query-input\":{\"@type\":\"PropertyValueSpecification\",\"valueRequired\":true,\"valueName\":\"search_term_string\"}}],\"inLanguage\":\"pl-PL\"},{\"@type\":\"Organization\",\"@id\":\"https:\/\/sigma-shooting.pl\/#organization\",\"name\":\"TOWARZYSTWO STRZELECKIE SIGMA SHOOTING\",\"url\":\"https:\/\/sigma-shooting.pl\/\",\"logo\":{\"@type\":\"ImageObject\",\"inLanguage\":\"pl-PL\",\"@id\":\"https:\/\/sigma-shooting.pl\/#\/schema\/logo\/image\/\",\"url\":\"https:\/\/sigma-shooting.pl\/wp-content\/uploads\/2023\/02\/cropped-ss_stopka.jpg\",\"contentUrl\":\"https:\/\/sigma-shooting.pl\/wp-content\/uploads\/2023\/02\/cropped-ss_stopka.jpg\",\"width\":269,\"height\":211,\"caption\":\"TOWARZYSTWO STRZELECKIE SIGMA SHOOTING\"},\"image\":{\"@id\":\"https:\/\/sigma-shooting.pl\/#\/schema\/logo\/image\/\"},\"sameAs\":[\"https:\/\/www.facebook.com\/sigmashooting\"]}]}<\/script>\n<!-- \/ Yoast SEO plugin. -->","yoast_head_json":{"title":"TURNIEJ NOWOROCZNY I RUNDA PUCHARU WOJEW\u00d3DZTWA M\u0141ODZIK\u00d3W - TOWARZYSTWO STRZELECKIE SIGMA SHOOTING","robots":{"index":"index","follow":"follow","max-snippet":"max-snippet:-1","max-image-preview":"max-image-preview:large","max-video-preview":"max-video-preview:-1"},"canonical":"https:\/\/sigma-shooting.pl\/?page_id=396","og_locale":"pl_PL","og_type":"article","og_title":"TURNIEJ NOWOROCZNY I RUNDA PUCHARU WOJEW\u00d3DZTWA M\u0141ODZIK\u00d3W - TOWARZYSTWO STRZELECKIE SIGMA SHOOTING","og_description":"SOK\u0141\u00d3\u0141 Zdu\u0144ska Wola 10m &#8211; Karabin pneumatyczny 60 strza\u0142\u00f3w m\u0119\u017cczyzn 10m &#8211; Karabin pneumatyczny 60 strza\u0142\u00f3w kobiet 5. S\u0141OMCZY\u0143SKA Kamila 08 387,6 pkt 10m &#8211; Karabin pneumatyczny 40 strza\u0142\u00f3w &#8211; m\u0142odzicy 5. OLCZAK Oliwier 09 360,7 10. R\u0104KOWSKI Karol 10 179,1 10m &#8211; Karabin pneumatyczny y 40 strza\u0142\u00f3w &#8211; m\u0142odziczki","og_url":"https:\/\/sigma-shooting.pl\/?page_id=396","og_site_name":"TOWARZYSTWO STRZELECKIE SIGMA SHOOTING","article_publisher":"https:\/\/www.facebook.com\/sigmashooting","article_modified_time":"2024-02-14T17:16:42+00:00","og_image":[{"url":"https:\/\/sigma-shooting.pl\/wp-content\/uploads\/2024\/02\/20240120_150558-1024x768.jpg","type":"","width":"","height":""}],"twitter_card":"summary_large_image","twitter_misc":{"Szacowany czas czytania":"2 minuty"},"schema":{"@context":"https:\/\/schema.org","@graph":[{"@type":"WebPage","@id":"https:\/\/sigma-shooting.pl\/?page_id=396","url":"https:\/\/sigma-shooting.pl\/?page_id=396","name":"TURNIEJ NOWOROCZNY I RUNDA PUCHARU WOJEW\u00d3DZTWA M\u0141ODZIK\u00d3W - TOWARZYSTWO STRZELECKIE SIGMA SHOOTING","isPartOf":{"@id":"https:\/\/sigma-shooting.pl\/#website"},"primaryImageOfPage":{"@id":"https:\/\/sigma-shooting.pl\/?page_id=396#primaryimage"},"image":{"@id":"https:\/\/sigma-shooting.pl\/?page_id=396#primaryimage"},"thumbnailUrl":"https:\/\/sigma-shooting.pl\/wp-content\/uploads\/2024\/02\/20240120_150558-1024x768.jpg","datePublished":"2024-02-14T17:05:36+00:00","dateModified":"2024-02-14T17:16:42+00:00","breadcrumb":{"@id":"https:\/\/sigma-shooting.pl\/?page_id=396#breadcrumb"},"inLanguage":"pl-PL","potentialAction":[{"@type":"ReadAction","target":["https:\/\/sigma-shooting.pl\/?page_id=396"]}]},{"@type":"ImageObject","inLanguage":"pl-PL","@id":"https:\/\/sigma-shooting.pl\/?page_id=396#primaryimage","url":"https:\/\/sigma-shooting.pl\/wp-content\/uploads\/2024\/02\/20240120_150558-scaled.jpg","contentUrl":"https:\/\/sigma-shooting.pl\/wp-content\/uploads\/2024\/02\/20240120_150558-scaled.jpg","width":2560,"height":1920},{"@type":"BreadcrumbList","@id":"https:\/\/sigma-shooting.pl\/?page_id=396#breadcrumb","itemListElement":[{"@type":"ListItem","position":1,"name":"Home","item":"https:\/\/sigma-shooting.pl\/"},{"@type":"ListItem","position":2,"name":"TURNIEJ NOWOROCZNY I RUNDA PUCHARU WOJEW\u00d3DZTWA M\u0141ODZIK\u00d3W"}]},{"@type":"WebSite","@id":"https:\/\/sigma-shooting.pl\/#website","url":"https:\/\/sigma-shooting.pl\/","name":"TOWARZYSTWO STRZELECKIE SIGMA SHOOTING","description":"Wszystko na bie\u017c\u0105co co dzieje si\u0119 w naszym Klubie, jak r\u00f3wnie\u017c o planach przysz\u0142ych, r\u00f3wnie\u017c o naszej historii.","publisher":{"@id":"https:\/\/sigma-shooting.pl\/#organization"},"potentialAction":[{"@type":"SearchAction","target":{"@type":"EntryPoint","urlTemplate":"https:\/\/sigma-shooting.pl\/?s={search_term_string}"},"query-input":{"@type":"PropertyValueSpecification","valueRequired":true,"valueName":"search_term_string"}}],"inLanguage":"pl-PL"},{"@type":"Organization","@id":"https:\/\/sigma-shooting.pl\/#organization","name":"TOWARZYSTWO STRZELECKIE SIGMA SHOOTING","url":"https:\/\/sigma-shooting.pl\/","logo":{"@type":"ImageObject","inLanguage":"pl-PL","@id":"https:\/\/sigma-shooting.pl\/#\/schema\/logo\/image\/","url":"https:\/\/sigma-shooting.pl\/wp-content\/uploads\/2023\/02\/cropped-ss_stopka.jpg","contentUrl":"https:\/\/sigma-shooting.pl\/wp-content\/uploads\/2023\/02\/cropped-ss_stopka.jpg","width":269,"height":211,"caption":"TOWARZYSTWO STRZELECKIE SIGMA SHOOTING"},"image":{"@id":"https:\/\/sigma-shooting.pl\/#\/schema\/logo\/image\/"},"sameAs":["https:\/\/www.facebook.com\/sigmashooting"]}]}},"_links":{"self":[{"href":"https:\/\/sigma-shooting.pl\/index.php?rest_route=\/wp\/v2\/pages\/396","targetHints":{"allow":["GET"]}}],"collection":[{"href":"https:\/\/sigma-shooting.pl\/index.php?rest_route=\/wp\/v2\/pages"}],"about":[{"href":"https:\/\/sigma-shooting.pl\/index.php?rest_route=\/wp\/v2\/types\/page"}],"author":[{"embeddable":true,"href":"https:\/\/sigma-shooting.pl\/index.php?rest_route=\/wp\/v2\/users\/2"}],"replies":[{"embeddable":true,"href":"https:\/\/sigma-shooting.pl\/index.php?rest_route=%2Fwp%2Fv2%2Fcomments&post=396"}],"version-history":[{"count":7,"href":"https:\/\/sigma-shooting.pl\/index.php?rest_route=\/wp\/v2\/pages\/396\/revisions"}],"predecessor-version":[{"id":418,"href":"https:\/\/sigma-shooting.pl\/index.php?rest_route=\/wp\/v2\/pages\/396\/revisions\/418"}],"wp:attachment":[{"href":"https:\/\/sigma-shooting.pl\/index.php?rest_route=%2Fwp%2Fv2%2Fmedia&parent=396"}],"curies":[{"name":"wp","href":"https:\/\/api.w.org\/{rel}","templated":true}]}}