{"id":392,"date":"2024-02-14T10:39:47","date_gmt":"2024-02-14T09:39:47","guid":{"rendered":"https:\/\/sigma-shooting.pl\/?page_id=392"},"modified":"2025-02-03T11:31:33","modified_gmt":"2025-02-03T10:31:33","slug":"plan-zawodow-na-2024","status":"publish","type":"page","link":"https:\/\/sigma-shooting.pl\/?page_id=392","title":{"rendered":"Plan zawod\u00f3w na 2024"},"content":{"rendered":"<p>Stycze\u0144<\/p>\n<p><!-- \/wp:post-content --><\/p>\n<p><!-- wp:paragraph --><\/p>\n<p>20.01.2024 &#8211; SOK\u00d3\u0141 Zdu\u0144ska Wola &#8211; Turniej Noworoczny<\/p>\n<p>28.01.2024 &#8211; SIGMA SHOOTING Zel\u00f3w &#8211; WIELKA ORKIESTRA<\/p>\n<p><!-- \/wp:paragraph --><\/p>\n<p><!-- wp:paragraph --><\/p>\n<p><b>Luty<\/b><\/p>\n<p>04-05.02.2024 XIV Og\u00f3lnopolskie Podziemne Zawody Strzeleckie<\/p>\n<p>17.02.2024 IGLICA Be\u0142chat\u00f3w IX Otwarte Zawody &#8222;O szabl\u0119 J\u00f3zefa Turczynowicza&#8221;<\/p>\n<p>18.02.2024 &#8211; Indor mecz IPSC\u00a0<\/p>\n<p>24.02.2024 &#8211; SNAJPER Wi\u015bniowa G\u00f3ra &#8211; Puchar Zimy<\/p>\n<p><!-- \/wp:paragraph --><\/p>\n<p><!-- wp:paragraph --><\/p>\n<p><b>Marzec<\/b><\/p>\n<p>2.03.2024 &#8211; Powo\u0142anie Kadry Wojew\u00f3dzkiej\u00a0 &#8211; Zel\u00f3w<\/p>\n<p>8.03.2024 &#8211; SPO\u0141EM \u0141\u00f3d\u017a &#8211; Dzie\u0144 Kobiet<\/p>\n<p>21-24.03.2024 Zgrupowanie Kadry Wojew\u00f3dzkiej M\u0142odzik\u00f3w<\/p>\n<p>21-24.03.2024 Zlot Orlik\u00f3w Siedlce<\/p>\n<p><!-- \/wp:paragraph --><\/p>\n<p><!-- wp:paragraph --><\/p>\n<p><b>Kwiecie\u0144<\/b><\/p>\n<p>13.04.2024 &#8211; 10-ka Sulmierzyce &#8211; Puchar Wiosny<\/p>\n<p><!-- \/wp:paragraph --><\/p>\n<p><!-- wp:paragraph --><\/p>\n<p><b>Maj<\/b><\/p>\n<p>4.05.2024 &#8211; SOK\u00d3\u0141 Zdu\u0144ska Wola &#8211; Turniej Zwyci\u0119stwa<\/p>\n<p>23-26.05.2024 &#8211; BENELLI SHOTGUN MARYNINO &#8211; L3 Mistrzostwa Polski Strzelba IPSC<\/p>\n<p><!-- \/wp:paragraph --><\/p>\n<p><!-- wp:paragraph --><\/p>\n<p>Czerwiec<\/p>\n<p>1.06.2024 &#8211; SIGMA SHOOTING Zel\u00f3w &#8211; Dzie\u0144 Dziecka<\/p>\n<p>13-16.06.2024 -Konsultacja M\u0142odzik<\/p>\n<p>15.06.2024 &#8211; 10-ka Sulmierzyce &#8211; VII runda Pucharu Wojew\u00f3dztwa<\/p>\n<p>22-23.06.2024 Letnia Strzelba IPSC L2 o Puchar Prezesa WZSS L2<\/p>\n<p><!-- \/wp:paragraph --><\/p>\n<p><!-- wp:paragraph --><\/p>\n<p>Lipiec<\/p>\n<p><!-- \/wp:paragraph --><\/p>\n<p><!-- wp:paragraph --><\/p>\n<p>Sierpie\u0144<\/p>\n<p>19-26.08.2024 Zgrupowanie Ustka M\u0142odzik<\/p>\n<p><!-- \/wp:paragraph --><\/p>\n<p><!-- wp:paragraph --><\/p>\n<p>Wrzesie\u0144<\/p>\n<p>7.09.2024 SNAJPER Wi\u015bniowa G\u00f3ra &#8211; Puchar Lata<\/p>\n<p>28-29.09.2024 Mistrzostwa Wielkopolski Strzelba IPSC L2 Nieczajna<\/p>\n\u00a0\n<p><!-- \/wp:paragraph --><\/p>\n<p><!-- wp:paragraph --><\/p>\n<p>Pa\u017adziernik<\/p>\n<p>12.10.2024 SNAJPER Wi\u015bniowa G\u00f3ra &#8211; Puchar Jesieni<\/p>\n<p>24-27.10.2024 Konsultacje KW M\u0142odzik<\/p>\n<p><!-- \/wp:paragraph --><\/p>\n<p><!-- wp:paragraph --><\/p>\n<p>Listopad<\/p>\n<p>23.11.2024 SOK\u00d3\u0141 Zdu\u0144ska Wola &#8211; Turniej Niepodleg\u0142o\u015bci<\/p>\n<p>23-24.11.2024 Mistrzostwa Polski AA IPSC &#8211; SIGMA SHOOTING Zel\u00f3w<\/p>\n<p><!-- \/wp:paragraph --><\/p>\n<p><!-- wp:paragraph --><\/p>\n<p>Grudzie\u0144<\/p>\n<p>7.12.2024 10-ka Sulmierzyce\u00a0 -Mistrzostwa Wojew\u00f3dztwa \u0141\u00f3dzkiego<\/p>\n<p>28.12.2024 Zawody klubowe dla zapominalskich &#8211; zawody ostatniej szansy\u00a0 REGULAMIN <a href=\"https:\/\/sigma-shooting.pl\/wp-content\/uploads\/2024\/12\/SIGMA-SHOOTING-28.12.2024.pdf\">SIGMA SHOOTING 28.12.2024<\/a><\/p>\n<p><!-- \/wp:paragraph --><\/p>","protected":false},"excerpt":{"rendered":"<p>Stycze\u0144 20.01.2024 &#8211; SOK\u00d3\u0141 Zdu\u0144ska Wola &#8211; Turniej Noworoczny 28.01.2024 &#8211; SIGMA SHOOTING Zel\u00f3w &#8211; WIELKA ORKIESTRA Luty 04-05.02.2024 XIV Og\u00f3lnopolskie Podziemne Zawody Strzeleckie 17.02.2024 IGLICA Be\u0142chat\u00f3w IX Otwarte Zawody &#8222;O szabl\u0119 J\u00f3zefa Turczynowicza&#8221; 18.02.2024 &#8211; Indor mecz IPSC\u00a0 24.02.2024 &#8211; SNAJPER Wi\u015bniowa G\u00f3ra &#8211; Puchar Zimy Marzec 2.03.2024 &#8211; Powo\u0142anie Kadry Wojew\u00f3dzkiej\u00a0 &#8211; Zel\u00f3w &hellip; <a href=\"https:\/\/sigma-shooting.pl\/?page_id=392\" class=\"more-link\">Czytaj dalej<span class=\"screen-reader-text\"> \u201ePlan zawod\u00f3w na 2024\u201d<\/span><\/a><\/p>\n","protected":false},"author":2,"featured_media":0,"parent":0,"menu_order":0,"comment_status":"closed","ping_status":"closed","template":"","meta":{"footnotes":""},"class_list":["post-392","page","type-page","status-publish","hentry"],"yoast_head":"<!-- This site is optimized with the Yoast SEO plugin v24.3 - https:\/\/yoast.com\/wordpress\/plugins\/seo\/ -->\n<title>Plan zawod\u00f3w na 2024 - TOWARZYSTWO STRZELECKIE SIGMA SHOOTING<\/title>\n<meta name=\"robots\" content=\"index, follow, max-snippet:-1, max-image-preview:large, max-video-preview:-1\" \/>\n<link rel=\"canonical\" href=\"https:\/\/sigma-shooting.pl\/?page_id=392\" \/>\n<meta property=\"og:locale\" content=\"pl_PL\" \/>\n<meta property=\"og:type\" content=\"article\" \/>\n<meta property=\"og:title\" content=\"Plan zawod\u00f3w na 2024 - TOWARZYSTWO STRZELECKIE SIGMA SHOOTING\" \/>\n<meta property=\"og:description\" content=\"Stycze\u0144 20.01.2024 &#8211; SOK\u00d3\u0141 Zdu\u0144ska Wola &#8211; Turniej Noworoczny 28.01.2024 &#8211; SIGMA SHOOTING Zel\u00f3w &#8211; WIELKA ORKIESTRA Luty 04-05.02.2024 XIV Og\u00f3lnopolskie Podziemne Zawody Strzeleckie 17.02.2024 IGLICA Be\u0142chat\u00f3w IX Otwarte Zawody &#8222;O szabl\u0119 J\u00f3zefa Turczynowicza&#8221; 18.02.2024 &#8211; Indor mecz IPSC\u00a0 24.02.2024 &#8211; SNAJPER Wi\u015bniowa G\u00f3ra &#8211; Puchar Zimy Marzec 2.03.2024 &#8211; Powo\u0142anie Kadry Wojew\u00f3dzkiej\u00a0 &#8211; Zel\u00f3w &hellip; Czytaj dalej \u201ePlan zawod\u00f3w na 2024\u201d\" \/>\n<meta property=\"og:url\" content=\"https:\/\/sigma-shooting.pl\/?page_id=392\" \/>\n<meta property=\"og:site_name\" content=\"TOWARZYSTWO STRZELECKIE SIGMA SHOOTING\" \/>\n<meta property=\"article:publisher\" content=\"https:\/\/www.facebook.com\/sigmashooting\" \/>\n<meta property=\"article:modified_time\" content=\"2025-02-03T10:31:33+00:00\" \/>\n<meta name=\"twitter:card\" content=\"summary_large_image\" \/>\n<meta name=\"twitter:label1\" content=\"Szacowany czas czytania\" \/>\n\t<meta name=\"twitter:data1\" content=\"2 minuty\" \/>\n<script type=\"application\/ld+json\" class=\"yoast-schema-graph\">{\"@context\":\"https:\/\/schema.org\",\"@graph\":[{\"@type\":\"WebPage\",\"@id\":\"https:\/\/sigma-shooting.pl\/?page_id=392\",\"url\":\"https:\/\/sigma-shooting.pl\/?page_id=392\",\"name\":\"Plan zawod\u00f3w na 2024 - TOWARZYSTWO STRZELECKIE SIGMA SHOOTING\",\"isPartOf\":{\"@id\":\"https:\/\/sigma-shooting.pl\/#website\"},\"datePublished\":\"2024-02-14T09:39:47+00:00\",\"dateModified\":\"2025-02-03T10:31:33+00:00\",\"breadcrumb\":{\"@id\":\"https:\/\/sigma-shooting.pl\/?page_id=392#breadcrumb\"},\"inLanguage\":\"pl-PL\",\"potentialAction\":[{\"@type\":\"ReadAction\",\"target\":[\"https:\/\/sigma-shooting.pl\/?page_id=392\"]}]},{\"@type\":\"BreadcrumbList\",\"@id\":\"https:\/\/sigma-shooting.pl\/?page_id=392#breadcrumb\",\"itemListElement\":[{\"@type\":\"ListItem\",\"position\":1,\"name\":\"Home\",\"item\":\"https:\/\/sigma-shooting.pl\/\"},{\"@type\":\"ListItem\",\"position\":2,\"name\":\"Plan zawod\u00f3w na 2024\"}]},{\"@type\":\"WebSite\",\"@id\":\"https:\/\/sigma-shooting.pl\/#website\",\"url\":\"https:\/\/sigma-shooting.pl\/\",\"name\":\"TOWARZYSTWO STRZELECKIE SIGMA SHOOTING\",\"description\":\"Wszystko na bie\u017c\u0105co co dzieje si\u0119 w naszym Klubie, jak r\u00f3wnie\u017c o planach przysz\u0142ych, r\u00f3wnie\u017c o naszej historii.\",\"publisher\":{\"@id\":\"https:\/\/sigma-shooting.pl\/#organization\"},\"potentialAction\":[{\"@type\":\"SearchAction\",\"target\":{\"@type\":\"EntryPoint\",\"urlTemplate\":\"https:\/\/sigma-shooting.pl\/?s={search_term_string}\"},\"query-input\":{\"@type\":\"PropertyValueSpecification\",\"valueRequired\":true,\"valueName\":\"search_term_string\"}}],\"inLanguage\":\"pl-PL\"},{\"@type\":\"Organization\",\"@id\":\"https:\/\/sigma-shooting.pl\/#organization\",\"name\":\"TOWARZYSTWO STRZELECKIE SIGMA SHOOTING\",\"url\":\"https:\/\/sigma-shooting.pl\/\",\"logo\":{\"@type\":\"ImageObject\",\"inLanguage\":\"pl-PL\",\"@id\":\"https:\/\/sigma-shooting.pl\/#\/schema\/logo\/image\/\",\"url\":\"https:\/\/sigma-shooting.pl\/wp-content\/uploads\/2023\/02\/cropped-ss_stopka.jpg\",\"contentUrl\":\"https:\/\/sigma-shooting.pl\/wp-content\/uploads\/2023\/02\/cropped-ss_stopka.jpg\",\"width\":269,\"height\":211,\"caption\":\"TOWARZYSTWO STRZELECKIE SIGMA SHOOTING\"},\"image\":{\"@id\":\"https:\/\/sigma-shooting.pl\/#\/schema\/logo\/image\/\"},\"sameAs\":[\"https:\/\/www.facebook.com\/sigmashooting\"]}]}<\/script>\n<!-- \/ Yoast SEO plugin. -->","yoast_head_json":{"title":"Plan zawod\u00f3w na 2024 - TOWARZYSTWO STRZELECKIE SIGMA SHOOTING","robots":{"index":"index","follow":"follow","max-snippet":"max-snippet:-1","max-image-preview":"max-image-preview:large","max-video-preview":"max-video-preview:-1"},"canonical":"https:\/\/sigma-shooting.pl\/?page_id=392","og_locale":"pl_PL","og_type":"article","og_title":"Plan zawod\u00f3w na 2024 - TOWARZYSTWO STRZELECKIE SIGMA SHOOTING","og_description":"Stycze\u0144 20.01.2024 &#8211; SOK\u00d3\u0141 Zdu\u0144ska Wola &#8211; Turniej Noworoczny 28.01.2024 &#8211; SIGMA SHOOTING Zel\u00f3w &#8211; WIELKA ORKIESTRA Luty 04-05.02.2024 XIV Og\u00f3lnopolskie Podziemne Zawody Strzeleckie 17.02.2024 IGLICA Be\u0142chat\u00f3w IX Otwarte Zawody &#8222;O szabl\u0119 J\u00f3zefa Turczynowicza&#8221; 18.02.2024 &#8211; Indor mecz IPSC\u00a0 24.02.2024 &#8211; SNAJPER Wi\u015bniowa G\u00f3ra &#8211; Puchar Zimy Marzec 2.03.2024 &#8211; Powo\u0142anie Kadry Wojew\u00f3dzkiej\u00a0 &#8211; Zel\u00f3w &hellip; Czytaj dalej \u201ePlan zawod\u00f3w na 2024\u201d","og_url":"https:\/\/sigma-shooting.pl\/?page_id=392","og_site_name":"TOWARZYSTWO STRZELECKIE SIGMA SHOOTING","article_publisher":"https:\/\/www.facebook.com\/sigmashooting","article_modified_time":"2025-02-03T10:31:33+00:00","twitter_card":"summary_large_image","twitter_misc":{"Szacowany czas czytania":"2 minuty"},"schema":{"@context":"https:\/\/schema.org","@graph":[{"@type":"WebPage","@id":"https:\/\/sigma-shooting.pl\/?page_id=392","url":"https:\/\/sigma-shooting.pl\/?page_id=392","name":"Plan zawod\u00f3w na 2024 - TOWARZYSTWO STRZELECKIE SIGMA SHOOTING","isPartOf":{"@id":"https:\/\/sigma-shooting.pl\/#website"},"datePublished":"2024-02-14T09:39:47+00:00","dateModified":"2025-02-03T10:31:33+00:00","breadcrumb":{"@id":"https:\/\/sigma-shooting.pl\/?page_id=392#breadcrumb"},"inLanguage":"pl-PL","potentialAction":[{"@type":"ReadAction","target":["https:\/\/sigma-shooting.pl\/?page_id=392"]}]},{"@type":"BreadcrumbList","@id":"https:\/\/sigma-shooting.pl\/?page_id=392#breadcrumb","itemListElement":[{"@type":"ListItem","position":1,"name":"Home","item":"https:\/\/sigma-shooting.pl\/"},{"@type":"ListItem","position":2,"name":"Plan zawod\u00f3w na 2024"}]},{"@type":"WebSite","@id":"https:\/\/sigma-shooting.pl\/#website","url":"https:\/\/sigma-shooting.pl\/","name":"TOWARZYSTWO STRZELECKIE SIGMA SHOOTING","description":"Wszystko na bie\u017c\u0105co co dzieje si\u0119 w naszym Klubie, jak r\u00f3wnie\u017c o planach przysz\u0142ych, r\u00f3wnie\u017c o naszej historii.","publisher":{"@id":"https:\/\/sigma-shooting.pl\/#organization"},"potentialAction":[{"@type":"SearchAction","target":{"@type":"EntryPoint","urlTemplate":"https:\/\/sigma-shooting.pl\/?s={search_term_string}"},"query-input":{"@type":"PropertyValueSpecification","valueRequired":true,"valueName":"search_term_string"}}],"inLanguage":"pl-PL"},{"@type":"Organization","@id":"https:\/\/sigma-shooting.pl\/#organization","name":"TOWARZYSTWO STRZELECKIE SIGMA SHOOTING","url":"https:\/\/sigma-shooting.pl\/","logo":{"@type":"ImageObject","inLanguage":"pl-PL","@id":"https:\/\/sigma-shooting.pl\/#\/schema\/logo\/image\/","url":"https:\/\/sigma-shooting.pl\/wp-content\/uploads\/2023\/02\/cropped-ss_stopka.jpg","contentUrl":"https:\/\/sigma-shooting.pl\/wp-content\/uploads\/2023\/02\/cropped-ss_stopka.jpg","width":269,"height":211,"caption":"TOWARZYSTWO STRZELECKIE SIGMA SHOOTING"},"image":{"@id":"https:\/\/sigma-shooting.pl\/#\/schema\/logo\/image\/"},"sameAs":["https:\/\/www.facebook.com\/sigmashooting"]}]}},"_links":{"self":[{"href":"https:\/\/sigma-shooting.pl\/index.php?rest_route=\/wp\/v2\/pages\/392","targetHints":{"allow":["GET"]}}],"collection":[{"href":"https:\/\/sigma-shooting.pl\/index.php?rest_route=\/wp\/v2\/pages"}],"about":[{"href":"https:\/\/sigma-shooting.pl\/index.php?rest_route=\/wp\/v2\/types\/page"}],"author":[{"embeddable":true,"href":"https:\/\/sigma-shooting.pl\/index.php?rest_route=\/wp\/v2\/users\/2"}],"replies":[{"embeddable":true,"href":"https:\/\/sigma-shooting.pl\/index.php?rest_route=%2Fwp%2Fv2%2Fcomments&post=392"}],"version-history":[{"count":38,"href":"https:\/\/sigma-shooting.pl\/index.php?rest_route=\/wp\/v2\/pages\/392\/revisions"}],"predecessor-version":[{"id":713,"href":"https:\/\/sigma-shooting.pl\/index.php?rest_route=\/wp\/v2\/pages\/392\/revisions\/713"}],"wp:attachment":[{"href":"https:\/\/sigma-shooting.pl\/index.php?rest_route=%2Fwp%2Fv2%2Fmedia&parent=392"}],"curies":[{"name":"wp","href":"https:\/\/api.w.org\/{rel}","templated":true}]}}