{"id":247,"date":"2023-07-05T19:31:22","date_gmt":"2023-07-05T17:31:22","guid":{"rendered":"https:\/\/sigma-shooting.pl\/?page_id=247"},"modified":"2023-10-04T11:10:18","modified_gmt":"2023-10-04T09:10:18","slug":"start-do-strzelectwa","status":"publish","type":"page","link":"https:\/\/sigma-shooting.pl\/?page_id=247","title":{"rendered":"&#8222;START DO STRZELECTWA&#8221;"},"content":{"rendered":"\n<figure class=\"wp-block-gallery has-nested-images columns-default is-cropped wp-block-gallery-1 is-layout-flex wp-block-gallery-is-layout-flex\">\n<figure class=\"wp-block-image size-large\"><img fetchpriority=\"high\" decoding=\"async\" width=\"724\" height=\"1024\" data-id=\"248\" src=\"https:\/\/sigma-shooting.pl\/wp-content\/uploads\/2023\/07\/PLAKAT-1-724x1024.jpg\" alt=\"\" class=\"wp-image-248\" srcset=\"https:\/\/sigma-shooting.pl\/wp-content\/uploads\/2023\/07\/PLAKAT-1-724x1024.jpg 724w, https:\/\/sigma-shooting.pl\/wp-content\/uploads\/2023\/07\/PLAKAT-1-212x300.jpg 212w, https:\/\/sigma-shooting.pl\/wp-content\/uploads\/2023\/07\/PLAKAT-1-768x1086.jpg 768w, https:\/\/sigma-shooting.pl\/wp-content\/uploads\/2023\/07\/PLAKAT-1-1086x1536.jpg 1086w, https:\/\/sigma-shooting.pl\/wp-content\/uploads\/2023\/07\/PLAKAT-1-1200x1697.jpg 1200w, https:\/\/sigma-shooting.pl\/wp-content\/uploads\/2023\/07\/PLAKAT-1.jpg 1241w\" sizes=\"(max-width: 724px) 85vw, 724px\" \/><\/figure>\n<\/figure>\n\n\n\n<p><\/p>\n\n\n\n<p><strong><mark>Zapraszamy Szko\u0142y<\/mark><\/strong>\u00a0do wsp\u00f3\u0142pracy. Prosimy o zg\u0142aszanie ch\u0119ci przeprowadzenia zaj\u0119\u0107 dla Waszych uczni\u00f3w. Program przewidziany jest dla m\u0142odzie\u017cy w wieku 13-18 lat. Zaj\u0119cia prowadzone s\u0105 w grupach do 20 os\u00f3b. Zaj\u0119cia teoretyczne prowadzimy u Was w Szko\u0142ach. Nasi instruktorzy doje\u017cd\u017caj\u0105 wraz z niezb\u0119dnym sprz\u0119tem do WAS. Zaj\u0119cia praktyczne prowadzone s\u0105 w ci\u0105gu jednodniowych zaj\u0119\u0107 na Strzelnicy gminnej w Grabicy. Pomagamy lub organizujemy transport Waszych uczni\u00f3w. Na zaj\u0119ciach tych pod nadzorem prowadz\u0105cych strzelanie przeprowadzone jest strzelanie z broni pneumatycznej (pistolet, karabin). W trakcie tych zaj\u0119\u0107 prowadzone s\u0105 r\u00f3wnie\u017c zaj\u0119cia z bezpiecznego pos\u0142ugiwania oraz budowy broni palnej (pistolety centralnego i bocznego zap\u0142onu, rewolwer, karabiny centralnego i bocznego zap\u0142onu, strzelby g\u0142adkolufowe). Ka\u017cdy z uczestnik\u00f3w dowie si\u0119 w jaki spos\u00f3b jest zbudowana ka\u017cda z jednostek broni, jak r\u00f3wnie\u017c b\u0119dzie mia\u0142 mo\u017cliwo\u015b\u0107 roz\u0142o\u017cenia pistoletu typu Glock oraz karabinu AK \u2013 47 (Ka\u0142acha).<\/p>\n\n\n\n<p><\/p>\n\n\n\n<p>Je\u017celi jeste\u015b osob\u0105 <strong>mi\u0119dzy 13 a 18 rokiem \u00a0\u017cycia<\/strong>, \u00a0i nie nale\u017cysz do \u017cadnego klubu strzeleckiego, ani organizacji strzeleckiej te zaj\u0119cia s\u0105 dla <strong>Ciebie<\/strong>.<\/p>\n\n\n\n<p>Ka\u017cde szkolenie to 20h wiedzy zar\u00f3wno teoretycznej jak i praktycznej. <\/p>\n\n\n\n<p>PROGRAM ZAJ\u0118\u0106 ZAWIERA TEMATYK\u0118:<\/p>\n\n\n\n<ul class=\"wp-block-list\">\n<li>BUDOWY BRONI<\/li>\n\n\n\n<li>HISTORII STRZELECTWA<\/li>\n\n\n\n<li>ZASAD BEZPIECZNEGO POS\u0141UGIWANIA SI\u0118 BRONI\u0104<\/li>\n\n\n\n<li>ZASAD BEZPIECZE\u0143STWA NA STRZELNICY<\/li>\n\n\n\n<li>PIERWSZEJ POMOCY W SYTUACJACH ZWI\u0104ZANYCH Z U\u017bYCIEM BRONI<\/li>\n\n\n\n<li><strong>PRAKTYCZNE ZAJ\u0118CIA STRZELECKIE<\/strong> &#8211; zaj\u0119cia na strzelnicy<\/li>\n<\/ul>\n\n\n\n<p><strong>Nasze zaj\u0119cia to przede wszystkim:<\/strong><\/p>\n\n\n\n<p><strong>dobra zabawa, ciekawe zaj<\/strong><strong>\u0119<\/strong><strong>cia i szansa nawi<\/strong><strong>\u0105<\/strong><strong>zanie nowych przyja<\/strong><strong>\u017a<\/strong><strong>ni.<\/strong><\/p>\n\n\n\n<p>Koordynatorem szkole\u0144 jest nasz Trener klubowy Dorota Zawierucha i to do niej prosimy kierowa\u0107 wszelkie zapytania dotycz\u0105ce udzia\u0142u w poszczeg\u00f3lnych terminach szkole\u0144. Ka\u017cda grupa liczy\u0107 ma maksymalnie 20 os\u00f3b, dlatego je\u017celi &nbsp;b\u0119dzie wi\u0119cej ch\u0119tnych, zapiszemy oczywi\u015bcie jako osoby rezerwowe i w razie zwolnienia miejsca poinformujemy o mo\u017cliwo\u015bci udzia\u0142u w szkoleniu.<\/p>\n\n\n\n<p>Kontakt: Dorota Zawierucha &#8211; TRENER &#8211; tel. 505 591 083 mail: szkolenia@sigma-shooting.pl<\/p>\n\n\n\n<figure class=\"wp-block-image size-large\"><img decoding=\"async\" width=\"1024\" height=\"342\" src=\"https:\/\/sigma-shooting.pl\/wp-content\/uploads\/2023\/07\/Dotacje_2023_Herb_WL_Dot_finans_color-1024x342.jpg\" alt=\"\" class=\"wp-image-278\" srcset=\"https:\/\/sigma-shooting.pl\/wp-content\/uploads\/2023\/07\/Dotacje_2023_Herb_WL_Dot_finans_color-1024x342.jpg 1024w, https:\/\/sigma-shooting.pl\/wp-content\/uploads\/2023\/07\/Dotacje_2023_Herb_WL_Dot_finans_color-300x100.jpg 300w, https:\/\/sigma-shooting.pl\/wp-content\/uploads\/2023\/07\/Dotacje_2023_Herb_WL_Dot_finans_color-768x256.jpg 768w, https:\/\/sigma-shooting.pl\/wp-content\/uploads\/2023\/07\/Dotacje_2023_Herb_WL_Dot_finans_color-1536x512.jpg 1536w, https:\/\/sigma-shooting.pl\/wp-content\/uploads\/2023\/07\/Dotacje_2023_Herb_WL_Dot_finans_color-2048x683.jpg 2048w, https:\/\/sigma-shooting.pl\/wp-content\/uploads\/2023\/07\/Dotacje_2023_Herb_WL_Dot_finans_color-1200x400.jpg 1200w\" sizes=\"(max-width: 709px) 85vw, (max-width: 909px) 67vw, (max-width: 1362px) 62vw, 840px\" \/><figcaption class=\"wp-element-caption\"><a href=\"http:\/\/www.lodzkie.pl\">www.lodzkie.pl<\/a><\/figcaption><\/figure>\n\n\n\n<p>Za wsparcie dzi\u0119kujemy r\u00f3wnie\u017c:<\/p>\n\n\n\n<figure class=\"wp-block-image size-full\"><img decoding=\"async\" width=\"260\" height=\"108\" src=\"https:\/\/sigma-shooting.pl\/wp-content\/uploads\/2023\/07\/logo-ugbelchatow.png\" alt=\"\" class=\"wp-image-270\"\/><\/figure>\n\n\n\n<figure class=\"wp-block-gallery alignleft has-nested-images columns-default is-cropped wp-block-gallery-2 is-layout-flex wp-block-gallery-is-layout-flex\">\n<figure class=\"wp-block-image size-full is-style-default\"><img loading=\"lazy\" decoding=\"async\" width=\"338\" height=\"149\" data-id=\"283\" src=\"https:\/\/sigma-shooting.pl\/wp-content\/uploads\/2023\/07\/8-544.png\" alt=\"\" class=\"wp-image-283\" srcset=\"https:\/\/sigma-shooting.pl\/wp-content\/uploads\/2023\/07\/8-544.png 338w, https:\/\/sigma-shooting.pl\/wp-content\/uploads\/2023\/07\/8-544-300x132.png 300w\" sizes=\"(max-width: 338px) 85vw, 338px\" \/><\/figure>\n<\/figure>\n\n\n\n<figure class=\"wp-block-gallery has-nested-images columns-default is-cropped wp-block-gallery-3 is-layout-flex wp-block-gallery-is-layout-flex\">\n<figure class=\"wp-block-image size-full\"><img loading=\"lazy\" decoding=\"async\" width=\"234\" height=\"229\" data-id=\"276\" src=\"https:\/\/sigma-shooting.pl\/wp-content\/uploads\/2023\/07\/logo-bastion.jpg\" alt=\"\" class=\"wp-image-276\"\/><\/figure>\n<\/figure>\n\n\n\n<figure class=\"wp-block-image size-full is-resized\"><img loading=\"lazy\" decoding=\"async\" src=\"https:\/\/sigma-shooting.pl\/wp-content\/uploads\/2023\/07\/zsm-t.png\" alt=\"\" class=\"wp-image-282\" style=\"width:722px;height:236px\" width=\"722\" height=\"236\" srcset=\"https:\/\/sigma-shooting.pl\/wp-content\/uploads\/2023\/07\/zsm-t.png 458w, https:\/\/sigma-shooting.pl\/wp-content\/uploads\/2023\/07\/zsm-t-300x98.png 300w\" sizes=\"(max-width: 722px) 85vw, 722px\" \/><\/figure>\n","protected":false},"excerpt":{"rendered":"<p>Zapraszamy Szko\u0142y\u00a0do wsp\u00f3\u0142pracy. Prosimy o zg\u0142aszanie ch\u0119ci przeprowadzenia zaj\u0119\u0107 dla Waszych uczni\u00f3w. Program przewidziany jest dla m\u0142odzie\u017cy w wieku 13-18 lat. Zaj\u0119cia prowadzone s\u0105 w grupach do 20 os\u00f3b. Zaj\u0119cia teoretyczne prowadzimy u Was w Szko\u0142ach. Nasi instruktorzy doje\u017cd\u017caj\u0105 wraz z niezb\u0119dnym sprz\u0119tem do WAS. Zaj\u0119cia praktyczne prowadzone s\u0105 w ci\u0105gu jednodniowych zaj\u0119\u0107 na Strzelnicy &hellip; <a href=\"https:\/\/sigma-shooting.pl\/?page_id=247\" class=\"more-link\">Czytaj dalej<span class=\"screen-reader-text\"> \u201e&#8222;START DO STRZELECTWA&#8221;\u201d<\/span><\/a><\/p>\n","protected":false},"author":2,"featured_media":0,"parent":0,"menu_order":0,"comment_status":"closed","ping_status":"closed","template":"","meta":{"footnotes":""},"class_list":["post-247","page","type-page","status-publish","hentry"],"yoast_head":"<!-- This site is optimized with the Yoast SEO plugin v24.3 - https:\/\/yoast.com\/wordpress\/plugins\/seo\/ -->\n<title>&quot;START DO STRZELECTWA&quot; - TOWARZYSTWO STRZELECKIE SIGMA SHOOTING<\/title>\n<meta name=\"robots\" content=\"index, follow, max-snippet:-1, max-image-preview:large, max-video-preview:-1\" \/>\n<link rel=\"canonical\" href=\"https:\/\/sigma-shooting.pl\/?page_id=247\" \/>\n<meta property=\"og:locale\" content=\"pl_PL\" \/>\n<meta property=\"og:type\" content=\"article\" \/>\n<meta property=\"og:title\" content=\"&quot;START DO STRZELECTWA&quot; - TOWARZYSTWO STRZELECKIE SIGMA SHOOTING\" \/>\n<meta property=\"og:description\" content=\"Zapraszamy Szko\u0142y\u00a0do wsp\u00f3\u0142pracy. Prosimy o zg\u0142aszanie ch\u0119ci przeprowadzenia zaj\u0119\u0107 dla Waszych uczni\u00f3w. Program przewidziany jest dla m\u0142odzie\u017cy w wieku 13-18 lat. Zaj\u0119cia prowadzone s\u0105 w grupach do 20 os\u00f3b. Zaj\u0119cia teoretyczne prowadzimy u Was w Szko\u0142ach. Nasi instruktorzy doje\u017cd\u017caj\u0105 wraz z niezb\u0119dnym sprz\u0119tem do WAS. Zaj\u0119cia praktyczne prowadzone s\u0105 w ci\u0105gu jednodniowych zaj\u0119\u0107 na Strzelnicy &hellip; Czytaj dalej \u201e&#8222;START DO STRZELECTWA&#8221;\u201d\" \/>\n<meta property=\"og:url\" content=\"https:\/\/sigma-shooting.pl\/?page_id=247\" \/>\n<meta property=\"og:site_name\" content=\"TOWARZYSTWO STRZELECKIE SIGMA SHOOTING\" \/>\n<meta property=\"article:publisher\" content=\"https:\/\/www.facebook.com\/sigmashooting\" \/>\n<meta property=\"article:modified_time\" content=\"2023-10-04T09:10:18+00:00\" \/>\n<meta property=\"og:image\" content=\"https:\/\/sigma-shooting.pl\/wp-content\/uploads\/2023\/07\/PLAKAT-1-724x1024.jpg\" \/>\n<meta name=\"twitter:card\" content=\"summary_large_image\" \/>\n<meta name=\"twitter:label1\" content=\"Szacowany czas czytania\" \/>\n\t<meta name=\"twitter:data1\" content=\"3 minuty\" \/>\n<script type=\"application\/ld+json\" class=\"yoast-schema-graph\">{\"@context\":\"https:\/\/schema.org\",\"@graph\":[{\"@type\":\"WebPage\",\"@id\":\"https:\/\/sigma-shooting.pl\/?page_id=247\",\"url\":\"https:\/\/sigma-shooting.pl\/?page_id=247\",\"name\":\"\\\"START DO STRZELECTWA\\\" - TOWARZYSTWO STRZELECKIE SIGMA SHOOTING\",\"isPartOf\":{\"@id\":\"https:\/\/sigma-shooting.pl\/#website\"},\"primaryImageOfPage\":{\"@id\":\"https:\/\/sigma-shooting.pl\/?page_id=247#primaryimage\"},\"image\":{\"@id\":\"https:\/\/sigma-shooting.pl\/?page_id=247#primaryimage\"},\"thumbnailUrl\":\"https:\/\/sigma-shooting.pl\/wp-content\/uploads\/2023\/07\/PLAKAT-1-724x1024.jpg\",\"datePublished\":\"2023-07-05T17:31:22+00:00\",\"dateModified\":\"2023-10-04T09:10:18+00:00\",\"breadcrumb\":{\"@id\":\"https:\/\/sigma-shooting.pl\/?page_id=247#breadcrumb\"},\"inLanguage\":\"pl-PL\",\"potentialAction\":[{\"@type\":\"ReadAction\",\"target\":[\"https:\/\/sigma-shooting.pl\/?page_id=247\"]}]},{\"@type\":\"ImageObject\",\"inLanguage\":\"pl-PL\",\"@id\":\"https:\/\/sigma-shooting.pl\/?page_id=247#primaryimage\",\"url\":\"https:\/\/sigma-shooting.pl\/wp-content\/uploads\/2023\/07\/PLAKAT-1.jpg\",\"contentUrl\":\"https:\/\/sigma-shooting.pl\/wp-content\/uploads\/2023\/07\/PLAKAT-1.jpg\",\"width\":1241,\"height\":1755},{\"@type\":\"BreadcrumbList\",\"@id\":\"https:\/\/sigma-shooting.pl\/?page_id=247#breadcrumb\",\"itemListElement\":[{\"@type\":\"ListItem\",\"position\":1,\"name\":\"Home\",\"item\":\"https:\/\/sigma-shooting.pl\/\"},{\"@type\":\"ListItem\",\"position\":2,\"name\":\"&#8222;START DO STRZELECTWA&#8221;\"}]},{\"@type\":\"WebSite\",\"@id\":\"https:\/\/sigma-shooting.pl\/#website\",\"url\":\"https:\/\/sigma-shooting.pl\/\",\"name\":\"TOWARZYSTWO STRZELECKIE SIGMA SHOOTING\",\"description\":\"Wszystko na bie\u017c\u0105co co dzieje si\u0119 w naszym Klubie, jak r\u00f3wnie\u017c o planach przysz\u0142ych, r\u00f3wnie\u017c o naszej historii.\",\"publisher\":{\"@id\":\"https:\/\/sigma-shooting.pl\/#organization\"},\"potentialAction\":[{\"@type\":\"SearchAction\",\"target\":{\"@type\":\"EntryPoint\",\"urlTemplate\":\"https:\/\/sigma-shooting.pl\/?s={search_term_string}\"},\"query-input\":{\"@type\":\"PropertyValueSpecification\",\"valueRequired\":true,\"valueName\":\"search_term_string\"}}],\"inLanguage\":\"pl-PL\"},{\"@type\":\"Organization\",\"@id\":\"https:\/\/sigma-shooting.pl\/#organization\",\"name\":\"TOWARZYSTWO STRZELECKIE SIGMA SHOOTING\",\"url\":\"https:\/\/sigma-shooting.pl\/\",\"logo\":{\"@type\":\"ImageObject\",\"inLanguage\":\"pl-PL\",\"@id\":\"https:\/\/sigma-shooting.pl\/#\/schema\/logo\/image\/\",\"url\":\"https:\/\/sigma-shooting.pl\/wp-content\/uploads\/2023\/02\/cropped-ss_stopka.jpg\",\"contentUrl\":\"https:\/\/sigma-shooting.pl\/wp-content\/uploads\/2023\/02\/cropped-ss_stopka.jpg\",\"width\":269,\"height\":211,\"caption\":\"TOWARZYSTWO STRZELECKIE SIGMA SHOOTING\"},\"image\":{\"@id\":\"https:\/\/sigma-shooting.pl\/#\/schema\/logo\/image\/\"},\"sameAs\":[\"https:\/\/www.facebook.com\/sigmashooting\"]}]}<\/script>\n<!-- \/ Yoast SEO plugin. -->","yoast_head_json":{"title":"\"START DO STRZELECTWA\" - TOWARZYSTWO STRZELECKIE SIGMA SHOOTING","robots":{"index":"index","follow":"follow","max-snippet":"max-snippet:-1","max-image-preview":"max-image-preview:large","max-video-preview":"max-video-preview:-1"},"canonical":"https:\/\/sigma-shooting.pl\/?page_id=247","og_locale":"pl_PL","og_type":"article","og_title":"\"START DO STRZELECTWA\" - TOWARZYSTWO STRZELECKIE SIGMA SHOOTING","og_description":"Zapraszamy Szko\u0142y\u00a0do wsp\u00f3\u0142pracy. Prosimy o zg\u0142aszanie ch\u0119ci przeprowadzenia zaj\u0119\u0107 dla Waszych uczni\u00f3w. Program przewidziany jest dla m\u0142odzie\u017cy w wieku 13-18 lat. Zaj\u0119cia prowadzone s\u0105 w grupach do 20 os\u00f3b. Zaj\u0119cia teoretyczne prowadzimy u Was w Szko\u0142ach. Nasi instruktorzy doje\u017cd\u017caj\u0105 wraz z niezb\u0119dnym sprz\u0119tem do WAS. Zaj\u0119cia praktyczne prowadzone s\u0105 w ci\u0105gu jednodniowych zaj\u0119\u0107 na Strzelnicy &hellip; Czytaj dalej \u201e&#8222;START DO STRZELECTWA&#8221;\u201d","og_url":"https:\/\/sigma-shooting.pl\/?page_id=247","og_site_name":"TOWARZYSTWO STRZELECKIE SIGMA SHOOTING","article_publisher":"https:\/\/www.facebook.com\/sigmashooting","article_modified_time":"2023-10-04T09:10:18+00:00","og_image":[{"url":"https:\/\/sigma-shooting.pl\/wp-content\/uploads\/2023\/07\/PLAKAT-1-724x1024.jpg","type":"","width":"","height":""}],"twitter_card":"summary_large_image","twitter_misc":{"Szacowany czas czytania":"3 minuty"},"schema":{"@context":"https:\/\/schema.org","@graph":[{"@type":"WebPage","@id":"https:\/\/sigma-shooting.pl\/?page_id=247","url":"https:\/\/sigma-shooting.pl\/?page_id=247","name":"\"START DO STRZELECTWA\" - TOWARZYSTWO STRZELECKIE SIGMA SHOOTING","isPartOf":{"@id":"https:\/\/sigma-shooting.pl\/#website"},"primaryImageOfPage":{"@id":"https:\/\/sigma-shooting.pl\/?page_id=247#primaryimage"},"image":{"@id":"https:\/\/sigma-shooting.pl\/?page_id=247#primaryimage"},"thumbnailUrl":"https:\/\/sigma-shooting.pl\/wp-content\/uploads\/2023\/07\/PLAKAT-1-724x1024.jpg","datePublished":"2023-07-05T17:31:22+00:00","dateModified":"2023-10-04T09:10:18+00:00","breadcrumb":{"@id":"https:\/\/sigma-shooting.pl\/?page_id=247#breadcrumb"},"inLanguage":"pl-PL","potentialAction":[{"@type":"ReadAction","target":["https:\/\/sigma-shooting.pl\/?page_id=247"]}]},{"@type":"ImageObject","inLanguage":"pl-PL","@id":"https:\/\/sigma-shooting.pl\/?page_id=247#primaryimage","url":"https:\/\/sigma-shooting.pl\/wp-content\/uploads\/2023\/07\/PLAKAT-1.jpg","contentUrl":"https:\/\/sigma-shooting.pl\/wp-content\/uploads\/2023\/07\/PLAKAT-1.jpg","width":1241,"height":1755},{"@type":"BreadcrumbList","@id":"https:\/\/sigma-shooting.pl\/?page_id=247#breadcrumb","itemListElement":[{"@type":"ListItem","position":1,"name":"Home","item":"https:\/\/sigma-shooting.pl\/"},{"@type":"ListItem","position":2,"name":"&#8222;START DO STRZELECTWA&#8221;"}]},{"@type":"WebSite","@id":"https:\/\/sigma-shooting.pl\/#website","url":"https:\/\/sigma-shooting.pl\/","name":"TOWARZYSTWO STRZELECKIE SIGMA SHOOTING","description":"Wszystko na bie\u017c\u0105co co dzieje si\u0119 w naszym Klubie, jak r\u00f3wnie\u017c o planach przysz\u0142ych, r\u00f3wnie\u017c o naszej historii.","publisher":{"@id":"https:\/\/sigma-shooting.pl\/#organization"},"potentialAction":[{"@type":"SearchAction","target":{"@type":"EntryPoint","urlTemplate":"https:\/\/sigma-shooting.pl\/?s={search_term_string}"},"query-input":{"@type":"PropertyValueSpecification","valueRequired":true,"valueName":"search_term_string"}}],"inLanguage":"pl-PL"},{"@type":"Organization","@id":"https:\/\/sigma-shooting.pl\/#organization","name":"TOWARZYSTWO STRZELECKIE SIGMA SHOOTING","url":"https:\/\/sigma-shooting.pl\/","logo":{"@type":"ImageObject","inLanguage":"pl-PL","@id":"https:\/\/sigma-shooting.pl\/#\/schema\/logo\/image\/","url":"https:\/\/sigma-shooting.pl\/wp-content\/uploads\/2023\/02\/cropped-ss_stopka.jpg","contentUrl":"https:\/\/sigma-shooting.pl\/wp-content\/uploads\/2023\/02\/cropped-ss_stopka.jpg","width":269,"height":211,"caption":"TOWARZYSTWO STRZELECKIE SIGMA SHOOTING"},"image":{"@id":"https:\/\/sigma-shooting.pl\/#\/schema\/logo\/image\/"},"sameAs":["https:\/\/www.facebook.com\/sigmashooting"]}]}},"_links":{"self":[{"href":"https:\/\/sigma-shooting.pl\/index.php?rest_route=\/wp\/v2\/pages\/247","targetHints":{"allow":["GET"]}}],"collection":[{"href":"https:\/\/sigma-shooting.pl\/index.php?rest_route=\/wp\/v2\/pages"}],"about":[{"href":"https:\/\/sigma-shooting.pl\/index.php?rest_route=\/wp\/v2\/types\/page"}],"author":[{"embeddable":true,"href":"https:\/\/sigma-shooting.pl\/index.php?rest_route=\/wp\/v2\/users\/2"}],"replies":[{"embeddable":true,"href":"https:\/\/sigma-shooting.pl\/index.php?rest_route=%2Fwp%2Fv2%2Fcomments&post=247"}],"version-history":[{"count":13,"href":"https:\/\/sigma-shooting.pl\/index.php?rest_route=\/wp\/v2\/pages\/247\/revisions"}],"predecessor-version":[{"id":382,"href":"https:\/\/sigma-shooting.pl\/index.php?rest_route=\/wp\/v2\/pages\/247\/revisions\/382"}],"wp:attachment":[{"href":"https:\/\/sigma-shooting.pl\/index.php?rest_route=%2Fwp%2Fv2%2Fmedia&parent=247"}],"curies":[{"name":"wp","href":"https:\/\/api.w.org\/{rel}","templated":true}]}}