{"id":221,"date":"2023-02-14T20:53:15","date_gmt":"2023-02-14T19:53:15","guid":{"rendered":"https:\/\/sigma-shooting.pl\/?page_id=221"},"modified":"2023-03-06T08:31:29","modified_gmt":"2023-03-06T07:31:29","slug":"klub-sigma-shooting","status":"publish","type":"page","link":"https:\/\/sigma-shooting.pl\/?page_id=221","title":{"rendered":"Klub SIGMA SHOOTING"},"content":{"rendered":"\n<p><strong>Koszty przynale\u017cno\u015bci do klubu:<\/strong><\/p>\n\n\n\n<p><strong>Sk\u0142adka cz\u0142onkowska:<\/strong><\/p>\n\n\n\n<ul class=\"wp-block-list\">\n<li><strong>SEKCJA SPORTOWA I KOLEKCJONERSKA<br><\/strong>(upowa\u017cnia do pe\u0142nych zni\u017cek)<\/li>\n\n\n\n<li>jednorazowe wpisowe &#8211; 200 z\u0142\/<\/li>\n\n\n\n<li>roczna &#8211;  600 Z\u0141<\/li>\n\n\n\n<li>p\u00f3\u0142roczna &#8211; 300 Z\u0141<\/li>\n\n\n\n<li>kwartalna &#8211; 150 Z\u0141<br>miesi\u0119czna &#8211; 50 z\u0142<\/li>\n\n\n\n<li><strong>SEKCJA KOLEKCJONERSKA<\/strong><\/li>\n\n\n\n<li>Pakiet podstawowy:<\/li>\n\n\n\n<li>\u2013 jednorazowe wpisowe \u2013 50 z\u0142<\/li>\n\n\n\n<li>\u2013 sk\u0142adka roczna \u2013 10 z\u0142<br><br><\/li>\n\n\n\n<li>Sk\u0142adki nale\u017cy wp\u0142aca\u0107 na konto klubu.<\/li>\n<\/ul>\n\n\n\n<p>Deklaracj\u0119 cz\u0142onkowsk\u0105 prosimy wype\u0142ni\u0107 i skan przes\u0142a\u0107 na adres pocztowy: kontakt@sigma-shooting.pl <\/p>\n","protected":false},"excerpt":{"rendered":"<p>Koszty przynale\u017cno\u015bci do klubu: Sk\u0142adka cz\u0142onkowska: Deklaracj\u0119 cz\u0142onkowsk\u0105 prosimy wype\u0142ni\u0107 i skan przes\u0142a\u0107 na adres pocztowy: kontakt@sigma-shooting.pl<\/p>\n","protected":false},"author":2,"featured_media":0,"parent":0,"menu_order":0,"comment_status":"closed","ping_status":"closed","template":"","meta":{"footnotes":""},"class_list":["post-221","page","type-page","status-publish","hentry"],"yoast_head":"<!-- This site is optimized with the Yoast SEO plugin v24.3 - https:\/\/yoast.com\/wordpress\/plugins\/seo\/ -->\n<title>Klub SIGMA SHOOTING - TOWARZYSTWO STRZELECKIE SIGMA SHOOTING<\/title>\n<meta name=\"robots\" content=\"index, follow, max-snippet:-1, max-image-preview:large, max-video-preview:-1\" \/>\n<link rel=\"canonical\" href=\"https:\/\/sigma-shooting.pl\/?page_id=221\" \/>\n<meta property=\"og:locale\" content=\"pl_PL\" \/>\n<meta property=\"og:type\" content=\"article\" \/>\n<meta property=\"og:title\" content=\"Klub SIGMA SHOOTING - TOWARZYSTWO STRZELECKIE SIGMA SHOOTING\" \/>\n<meta property=\"og:description\" content=\"Koszty przynale\u017cno\u015bci do klubu: Sk\u0142adka cz\u0142onkowska: Deklaracj\u0119 cz\u0142onkowsk\u0105 prosimy wype\u0142ni\u0107 i skan przes\u0142a\u0107 na adres pocztowy: kontakt@sigma-shooting.pl\" \/>\n<meta property=\"og:url\" content=\"https:\/\/sigma-shooting.pl\/?page_id=221\" \/>\n<meta property=\"og:site_name\" content=\"TOWARZYSTWO STRZELECKIE SIGMA SHOOTING\" \/>\n<meta property=\"article:publisher\" content=\"https:\/\/www.facebook.com\/sigmashooting\" \/>\n<meta property=\"article:modified_time\" content=\"2023-03-06T07:31:29+00:00\" \/>\n<meta name=\"twitter:card\" content=\"summary_large_image\" \/>\n<meta name=\"twitter:label1\" content=\"Szacowany czas czytania\" \/>\n\t<meta name=\"twitter:data1\" content=\"1 minuta\" \/>\n<script type=\"application\/ld+json\" class=\"yoast-schema-graph\">{\"@context\":\"https:\/\/schema.org\",\"@graph\":[{\"@type\":\"WebPage\",\"@id\":\"https:\/\/sigma-shooting.pl\/?page_id=221\",\"url\":\"https:\/\/sigma-shooting.pl\/?page_id=221\",\"name\":\"Klub SIGMA SHOOTING - TOWARZYSTWO STRZELECKIE SIGMA SHOOTING\",\"isPartOf\":{\"@id\":\"https:\/\/sigma-shooting.pl\/#website\"},\"datePublished\":\"2023-02-14T19:53:15+00:00\",\"dateModified\":\"2023-03-06T07:31:29+00:00\",\"breadcrumb\":{\"@id\":\"https:\/\/sigma-shooting.pl\/?page_id=221#breadcrumb\"},\"inLanguage\":\"pl-PL\",\"potentialAction\":[{\"@type\":\"ReadAction\",\"target\":[\"https:\/\/sigma-shooting.pl\/?page_id=221\"]}]},{\"@type\":\"BreadcrumbList\",\"@id\":\"https:\/\/sigma-shooting.pl\/?page_id=221#breadcrumb\",\"itemListElement\":[{\"@type\":\"ListItem\",\"position\":1,\"name\":\"Home\",\"item\":\"https:\/\/sigma-shooting.pl\/\"},{\"@type\":\"ListItem\",\"position\":2,\"name\":\"Klub SIGMA SHOOTING\"}]},{\"@type\":\"WebSite\",\"@id\":\"https:\/\/sigma-shooting.pl\/#website\",\"url\":\"https:\/\/sigma-shooting.pl\/\",\"name\":\"TOWARZYSTWO STRZELECKIE SIGMA SHOOTING\",\"description\":\"Wszystko na bie\u017c\u0105co co dzieje si\u0119 w naszym Klubie, jak r\u00f3wnie\u017c o planach przysz\u0142ych, r\u00f3wnie\u017c o naszej historii.\",\"publisher\":{\"@id\":\"https:\/\/sigma-shooting.pl\/#organization\"},\"potentialAction\":[{\"@type\":\"SearchAction\",\"target\":{\"@type\":\"EntryPoint\",\"urlTemplate\":\"https:\/\/sigma-shooting.pl\/?s={search_term_string}\"},\"query-input\":{\"@type\":\"PropertyValueSpecification\",\"valueRequired\":true,\"valueName\":\"search_term_string\"}}],\"inLanguage\":\"pl-PL\"},{\"@type\":\"Organization\",\"@id\":\"https:\/\/sigma-shooting.pl\/#organization\",\"name\":\"TOWARZYSTWO STRZELECKIE SIGMA SHOOTING\",\"url\":\"https:\/\/sigma-shooting.pl\/\",\"logo\":{\"@type\":\"ImageObject\",\"inLanguage\":\"pl-PL\",\"@id\":\"https:\/\/sigma-shooting.pl\/#\/schema\/logo\/image\/\",\"url\":\"https:\/\/sigma-shooting.pl\/wp-content\/uploads\/2023\/02\/cropped-ss_stopka.jpg\",\"contentUrl\":\"https:\/\/sigma-shooting.pl\/wp-content\/uploads\/2023\/02\/cropped-ss_stopka.jpg\",\"width\":269,\"height\":211,\"caption\":\"TOWARZYSTWO STRZELECKIE SIGMA SHOOTING\"},\"image\":{\"@id\":\"https:\/\/sigma-shooting.pl\/#\/schema\/logo\/image\/\"},\"sameAs\":[\"https:\/\/www.facebook.com\/sigmashooting\"]}]}<\/script>\n<!-- \/ Yoast SEO plugin. -->","yoast_head_json":{"title":"Klub SIGMA SHOOTING - TOWARZYSTWO STRZELECKIE SIGMA SHOOTING","robots":{"index":"index","follow":"follow","max-snippet":"max-snippet:-1","max-image-preview":"max-image-preview:large","max-video-preview":"max-video-preview:-1"},"canonical":"https:\/\/sigma-shooting.pl\/?page_id=221","og_locale":"pl_PL","og_type":"article","og_title":"Klub SIGMA SHOOTING - TOWARZYSTWO STRZELECKIE SIGMA SHOOTING","og_description":"Koszty przynale\u017cno\u015bci do klubu: Sk\u0142adka cz\u0142onkowska: Deklaracj\u0119 cz\u0142onkowsk\u0105 prosimy wype\u0142ni\u0107 i skan przes\u0142a\u0107 na adres pocztowy: kontakt@sigma-shooting.pl","og_url":"https:\/\/sigma-shooting.pl\/?page_id=221","og_site_name":"TOWARZYSTWO STRZELECKIE SIGMA SHOOTING","article_publisher":"https:\/\/www.facebook.com\/sigmashooting","article_modified_time":"2023-03-06T07:31:29+00:00","twitter_card":"summary_large_image","twitter_misc":{"Szacowany czas czytania":"1 minuta"},"schema":{"@context":"https:\/\/schema.org","@graph":[{"@type":"WebPage","@id":"https:\/\/sigma-shooting.pl\/?page_id=221","url":"https:\/\/sigma-shooting.pl\/?page_id=221","name":"Klub SIGMA SHOOTING - TOWARZYSTWO STRZELECKIE SIGMA SHOOTING","isPartOf":{"@id":"https:\/\/sigma-shooting.pl\/#website"},"datePublished":"2023-02-14T19:53:15+00:00","dateModified":"2023-03-06T07:31:29+00:00","breadcrumb":{"@id":"https:\/\/sigma-shooting.pl\/?page_id=221#breadcrumb"},"inLanguage":"pl-PL","potentialAction":[{"@type":"ReadAction","target":["https:\/\/sigma-shooting.pl\/?page_id=221"]}]},{"@type":"BreadcrumbList","@id":"https:\/\/sigma-shooting.pl\/?page_id=221#breadcrumb","itemListElement":[{"@type":"ListItem","position":1,"name":"Home","item":"https:\/\/sigma-shooting.pl\/"},{"@type":"ListItem","position":2,"name":"Klub SIGMA SHOOTING"}]},{"@type":"WebSite","@id":"https:\/\/sigma-shooting.pl\/#website","url":"https:\/\/sigma-shooting.pl\/","name":"TOWARZYSTWO STRZELECKIE SIGMA SHOOTING","description":"Wszystko na bie\u017c\u0105co co dzieje si\u0119 w naszym Klubie, jak r\u00f3wnie\u017c o planach przysz\u0142ych, r\u00f3wnie\u017c o naszej historii.","publisher":{"@id":"https:\/\/sigma-shooting.pl\/#organization"},"potentialAction":[{"@type":"SearchAction","target":{"@type":"EntryPoint","urlTemplate":"https:\/\/sigma-shooting.pl\/?s={search_term_string}"},"query-input":{"@type":"PropertyValueSpecification","valueRequired":true,"valueName":"search_term_string"}}],"inLanguage":"pl-PL"},{"@type":"Organization","@id":"https:\/\/sigma-shooting.pl\/#organization","name":"TOWARZYSTWO STRZELECKIE SIGMA SHOOTING","url":"https:\/\/sigma-shooting.pl\/","logo":{"@type":"ImageObject","inLanguage":"pl-PL","@id":"https:\/\/sigma-shooting.pl\/#\/schema\/logo\/image\/","url":"https:\/\/sigma-shooting.pl\/wp-content\/uploads\/2023\/02\/cropped-ss_stopka.jpg","contentUrl":"https:\/\/sigma-shooting.pl\/wp-content\/uploads\/2023\/02\/cropped-ss_stopka.jpg","width":269,"height":211,"caption":"TOWARZYSTWO STRZELECKIE SIGMA SHOOTING"},"image":{"@id":"https:\/\/sigma-shooting.pl\/#\/schema\/logo\/image\/"},"sameAs":["https:\/\/www.facebook.com\/sigmashooting"]}]}},"_links":{"self":[{"href":"https:\/\/sigma-shooting.pl\/index.php?rest_route=\/wp\/v2\/pages\/221","targetHints":{"allow":["GET"]}}],"collection":[{"href":"https:\/\/sigma-shooting.pl\/index.php?rest_route=\/wp\/v2\/pages"}],"about":[{"href":"https:\/\/sigma-shooting.pl\/index.php?rest_route=\/wp\/v2\/types\/page"}],"author":[{"embeddable":true,"href":"https:\/\/sigma-shooting.pl\/index.php?rest_route=\/wp\/v2\/users\/2"}],"replies":[{"embeddable":true,"href":"https:\/\/sigma-shooting.pl\/index.php?rest_route=%2Fwp%2Fv2%2Fcomments&post=221"}],"version-history":[{"count":3,"href":"https:\/\/sigma-shooting.pl\/index.php?rest_route=\/wp\/v2\/pages\/221\/revisions"}],"predecessor-version":[{"id":233,"href":"https:\/\/sigma-shooting.pl\/index.php?rest_route=\/wp\/v2\/pages\/221\/revisions\/233"}],"wp:attachment":[{"href":"https:\/\/sigma-shooting.pl\/index.php?rest_route=%2Fwp%2Fv2%2Fmedia&parent=221"}],"curies":[{"name":"wp","href":"https:\/\/api.w.org\/{rel}","templated":true}]}}