{"id":18,"date":"2023-02-05T00:32:25","date_gmt":"2023-02-04T23:32:25","guid":{"rendered":"https:\/\/sigma-shooting.pl\/?page_id=18"},"modified":"2025-02-13T11:19:22","modified_gmt":"2025-02-13T10:19:22","slug":"strona-glowna","status":"publish","type":"page","link":"https:\/\/sigma-shooting.pl\/","title":{"rendered":"Strona g\u0142\u00f3wna"},"content":{"rendered":"\n<p>Witamy na stronie Towarzystwa Strzeleckiego SIGMA SHOOTING . Jeste\u015bmy grup\u0105 pasjonat\u00f3w broni palnej i strzelectwa sportowego. Cyklicznie organizujemy szkolenia i zawody strzeleckie. Interesujesz si\u0119 broni\u0105 i strzelectwem? Chcia\u0142by\u015b przekona\u0107 si\u0119 jak to dzia\u0142a? My\u015blisz o zdobyciu pozwolenia na bro\u0144 paln\u0105? Zapraszamy!<\/p>\n\n\n<div class=\"wp-block-image\">\n<figure class=\"aligncenter size-full\"><img fetchpriority=\"high\" decoding=\"async\" width=\"277\" height=\"211\" src=\"https:\/\/sigma-shooting.pl\/wp-content\/uploads\/2023\/02\/Zalacznik-bez-tytulu-00627.jpg\" alt=\"\" class=\"wp-image-200\"\/><\/figure><\/div>\n\n\n<p>FERIE ZIMOWE 2025<\/p>\n\n\n\n<figure class=\"wp-block-gallery has-nested-images columns-default is-cropped wp-block-gallery-1 is-layout-flex wp-block-gallery-is-layout-flex\">\n<figure class=\"wp-block-image size-large\"><img decoding=\"async\" width=\"1024\" height=\"1024\" data-id=\"738\" src=\"https:\/\/sigma-shooting.pl\/wp-content\/uploads\/2025\/02\/ferie-w-zelowie-1024x1024.jpg\" alt=\"\" class=\"wp-image-738\" srcset=\"https:\/\/sigma-shooting.pl\/wp-content\/uploads\/2025\/02\/ferie-w-zelowie-1024x1024.jpg 1024w, https:\/\/sigma-shooting.pl\/wp-content\/uploads\/2025\/02\/ferie-w-zelowie-300x300.jpg 300w, https:\/\/sigma-shooting.pl\/wp-content\/uploads\/2025\/02\/ferie-w-zelowie-150x150.jpg 150w, https:\/\/sigma-shooting.pl\/wp-content\/uploads\/2025\/02\/ferie-w-zelowie-768x768.jpg 768w, https:\/\/sigma-shooting.pl\/wp-content\/uploads\/2025\/02\/ferie-w-zelowie-1536x1536.jpg 1536w, https:\/\/sigma-shooting.pl\/wp-content\/uploads\/2025\/02\/ferie-w-zelowie-1200x1200.jpg 1200w, https:\/\/sigma-shooting.pl\/wp-content\/uploads\/2025\/02\/ferie-w-zelowie.jpg 2048w\" sizes=\"(max-width: 709px) 85vw, (max-width: 909px) 67vw, (max-width: 1362px) 62vw, 840px\" \/><\/figure>\n<\/figure>\n\n\n\n<p>Opracowanie graficzne: Gmina Zel\u00f3w<\/p>\n\n\n\n<p><\/p>\n\n\n\n<p><strong><mark style=\"background-color:rgba(0, 0, 0, 0)\" class=\"has-inline-color has-bright-blue-color\">TURNIEJ UCZNI\u00d3W KLAS MUNDUROWYCH<\/mark><\/strong><\/p>\n\n\n\n<figure class=\"wp-block-gallery has-nested-images columns-default is-cropped wp-block-gallery-2 is-layout-flex wp-block-gallery-is-layout-flex\">\n<figure class=\"wp-block-image size-large\"><img decoding=\"async\" data-id=\"700\" src=\"https:\/\/sigma-shooting.pl\/wp-content\/uploads\/2024\/12\/20241218_112823.jpg\" alt=\"\" class=\"wp-image-700\"\/><\/figure>\n\n\n\n<figure class=\"wp-block-image size-large\"><img decoding=\"async\" width=\"1024\" height=\"768\" data-id=\"666\" src=\"https:\/\/sigma-shooting.pl\/wp-content\/uploads\/2024\/12\/IMG-20241218-WA0031-1024x768.jpg\" alt=\"\" class=\"wp-image-666\" srcset=\"https:\/\/sigma-shooting.pl\/wp-content\/uploads\/2024\/12\/IMG-20241218-WA0031-1024x768.jpg 1024w, https:\/\/sigma-shooting.pl\/wp-content\/uploads\/2024\/12\/IMG-20241218-WA0031-300x225.jpg 300w, https:\/\/sigma-shooting.pl\/wp-content\/uploads\/2024\/12\/IMG-20241218-WA0031-768x576.jpg 768w, https:\/\/sigma-shooting.pl\/wp-content\/uploads\/2024\/12\/IMG-20241218-WA0031-1536x1152.jpg 1536w, https:\/\/sigma-shooting.pl\/wp-content\/uploads\/2024\/12\/IMG-20241218-WA0031-1200x900.jpg 1200w, https:\/\/sigma-shooting.pl\/wp-content\/uploads\/2024\/12\/IMG-20241218-WA0031.jpg 2048w\" sizes=\"(max-width: 709px) 85vw, (max-width: 909px) 67vw, (max-width: 1362px) 62vw, 840px\" \/><\/figure>\n\n\n\n<figure class=\"wp-block-image size-large\"><img loading=\"lazy\" decoding=\"async\" width=\"1024\" height=\"768\" data-id=\"663\" src=\"https:\/\/sigma-shooting.pl\/wp-content\/uploads\/2024\/12\/IMG-20241218-WA0038-1024x768.jpg\" alt=\"\" class=\"wp-image-663\" srcset=\"https:\/\/sigma-shooting.pl\/wp-content\/uploads\/2024\/12\/IMG-20241218-WA0038-1024x768.jpg 1024w, https:\/\/sigma-shooting.pl\/wp-content\/uploads\/2024\/12\/IMG-20241218-WA0038-300x225.jpg 300w, https:\/\/sigma-shooting.pl\/wp-content\/uploads\/2024\/12\/IMG-20241218-WA0038-768x576.jpg 768w, https:\/\/sigma-shooting.pl\/wp-content\/uploads\/2024\/12\/IMG-20241218-WA0038-1536x1152.jpg 1536w, https:\/\/sigma-shooting.pl\/wp-content\/uploads\/2024\/12\/IMG-20241218-WA0038-1200x900.jpg 1200w, https:\/\/sigma-shooting.pl\/wp-content\/uploads\/2024\/12\/IMG-20241218-WA0038.jpg 2048w\" sizes=\"(max-width: 709px) 85vw, (max-width: 909px) 67vw, (max-width: 1362px) 62vw, 840px\" \/><\/figure>\n\n\n\n<figure class=\"wp-block-image size-large\"><img loading=\"lazy\" decoding=\"async\" width=\"1024\" height=\"768\" data-id=\"662\" src=\"https:\/\/sigma-shooting.pl\/wp-content\/uploads\/2024\/12\/IMG-20241218-WA0005-1024x768.jpg\" alt=\"\" class=\"wp-image-662\" srcset=\"https:\/\/sigma-shooting.pl\/wp-content\/uploads\/2024\/12\/IMG-20241218-WA0005-1024x768.jpg 1024w, https:\/\/sigma-shooting.pl\/wp-content\/uploads\/2024\/12\/IMG-20241218-WA0005-300x225.jpg 300w, https:\/\/sigma-shooting.pl\/wp-content\/uploads\/2024\/12\/IMG-20241218-WA0005-768x576.jpg 768w, https:\/\/sigma-shooting.pl\/wp-content\/uploads\/2024\/12\/IMG-20241218-WA0005-1536x1152.jpg 1536w, https:\/\/sigma-shooting.pl\/wp-content\/uploads\/2024\/12\/IMG-20241218-WA0005-1200x900.jpg 1200w, https:\/\/sigma-shooting.pl\/wp-content\/uploads\/2024\/12\/IMG-20241218-WA0005.jpg 2048w\" sizes=\"(max-width: 709px) 85vw, (max-width: 909px) 67vw, (max-width: 1362px) 62vw, 840px\" \/><\/figure>\n<\/figure>\n\n\n\n<p><\/p>\n\n\n\n<p>Turniej by\u0142 wsp\u00f3\u0142finansowany przez Ministerstwo Obrony Narodowej. <\/p>\n\n\n\n<p><strong>Koszt<\/strong> uczestnika: transport i obiad &#8211; 40z\u0142 (mieszka\u0144cy Gminy Zel\u00f3w zwolnieni z wszelkich op\u0142at).<\/p>\n\n\n\n<p> Ilo\u015b\u0107 miejsc ograniczona \u2013 <strong>60 os\u00f3b<\/strong> \u2013 zg\u0142oszenia uczestnik\u00f3w mailowo na adres: szkolenia@sigma-shooting.pl \u2013 koordynator<\/p>\n\n\n\n<p><\/p>\n\n\n\n<h2 class=\"wp-block-heading\">OCZEKUJEMY NA KOLEJN\u0104 EDYCJ\u0118  -ZAJ\u0118CIA DLA M\u0141ODZIE\u017bY W WIEKU 13-18 LAT.<\/h2>\n\n\n\n<p><strong><mark style=\"background-color:rgba(0, 0, 0, 0)\" class=\"has-inline-color has-bright-red-color\">Zapraszamy Szko\u0142y<\/mark><\/strong> do wsp\u00f3\u0142pracy. Prosimy o zg\u0142aszanie ch\u0119ci przeprowadzenia zaj\u0119\u0107 dla Waszych uczni\u00f3w. Program przewidziany jest dla m\u0142odzie\u017cy w wieku 13-18 lat. Zaj\u0119cia prowadzone s\u0105 w grupach do 20 os\u00f3b. Zaj\u0119cia teoretyczne prowadzimy u Was w Szko\u0142ach. Nasi instruktorzy doje\u017cd\u017caj\u0105 wraz z niezb\u0119dnym sprz\u0119tem do WAS. Zaj\u0119cia praktyczne prowadzone s\u0105 w ci\u0105gu jednodniowych zaj\u0119\u0107 na Strzelnicy gminnej w Grabicy. Pomagamy lub organizujemy transport Waszych uczni\u00f3w. Na zaj\u0119ciach tych pod nadzorem prowadz\u0105cych strzelanie przeprowadzone jest strzelanie z broni pneumatycznej (pistolet, karabin). W trakcie tych zaj\u0119\u0107 prowadzone s\u0105 r\u00f3wnie\u017c zaj\u0119cia z bezpiecznego pos\u0142ugiwania oraz budowy broni palnej (pistolety centralnego i bocznego zap\u0142onu, rewolwer, karabiny centralnego i bocznego zap\u0142onu, strzelby g\u0142adkolufowe). Ka\u017cdy z uczestnik\u00f3w dowie si\u0119 w jaki spos\u00f3b jest zbudowana ka\u017cda z jednostek broni, jak r\u00f3wnie\u017c b\u0119dzie mia\u0142 mo\u017cliwo\u015b\u0107 roz\u0142o\u017cenia pistoletu typu Glock oraz karabinu AK &#8211; 47 (Ka\u0142acha).<\/p>\n\n\n\n<p>O wi\u0119cej informacji prosimy kierowa\u0107 zapytania pod numer telefonu 505 591 083 (Dorota Zawierucha &#8211; koordynator zaj\u0119\u0107, instruktor strzelectwa, trener) lub na maila szkolenia@sigma-shooting.pl .<\/p>\n\n\n\n<figure class=\"wp-block-gallery has-nested-images columns-default is-cropped wp-block-gallery-3 is-layout-flex wp-block-gallery-is-layout-flex\">\n<figure class=\"wp-block-image size-large\"><img loading=\"lazy\" decoding=\"async\" width=\"1024\" height=\"683\" data-id=\"652\" src=\"https:\/\/sigma-shooting.pl\/wp-content\/uploads\/2024\/12\/12a8c520eb132834c7d92285064ab6ab_XL.jpg\" alt=\"\" class=\"wp-image-652\" srcset=\"https:\/\/sigma-shooting.pl\/wp-content\/uploads\/2024\/12\/12a8c520eb132834c7d92285064ab6ab_XL.jpg 1024w, https:\/\/sigma-shooting.pl\/wp-content\/uploads\/2024\/12\/12a8c520eb132834c7d92285064ab6ab_XL-300x200.jpg 300w, https:\/\/sigma-shooting.pl\/wp-content\/uploads\/2024\/12\/12a8c520eb132834c7d92285064ab6ab_XL-768x512.jpg 768w\" sizes=\"(max-width: 709px) 85vw, (max-width: 909px) 67vw, (max-width: 1362px) 62vw, 840px\" \/><\/figure>\n<\/figure>\n\n\n\n<p>Wi\u0119cej informacji w zak\u0142adce &#8222;<a href=\"https:\/\/sigma-shooting.pl\/?page_id=247\">Start do strzelectwa<\/a>&#8222;<\/p>\n\n\n\n<p>Posiadamy aktualn\u0105 Licencj\u0119 <a href=\"https:\/\/www.pzss.org.pl\/\" target=\"_blank\" rel=\"noreferrer noopener\">Polskiego Zwi\u0105zku Strzelectwa Sportowego<\/a> o numerze LK-1404\/2023 na wszystkie Dyscypliny, tj. pistolet, strzelba, karabin.<\/p>\n\n\n<div class=\"wp-block-image\">\n<figure class=\"aligncenter size-full\"><img loading=\"lazy\" decoding=\"async\" width=\"400\" height=\"400\" src=\"https:\/\/sigma-shooting.pl\/wp-content\/uploads\/2023\/02\/pzsslogo-400x400-1.jpg\" alt=\"\" class=\"wp-image-171\" srcset=\"https:\/\/sigma-shooting.pl\/wp-content\/uploads\/2023\/02\/pzsslogo-400x400-1.jpg 400w, https:\/\/sigma-shooting.pl\/wp-content\/uploads\/2023\/02\/pzsslogo-400x400-1-300x300.jpg 300w, https:\/\/sigma-shooting.pl\/wp-content\/uploads\/2023\/02\/pzsslogo-400x400-1-150x150.jpg 150w\" sizes=\"(max-width: 400px) 85vw, 400px\" \/><figcaption class=\"wp-element-caption\"><a href=\"https:\/\/www.pzss.org.pl\/\" target=\"_blank\" rel=\"noreferrer noopener\">https:\/\/www.pzss.org.pl\/<\/a><\/figcaption><\/figure><\/div>\n\n\n<p>Jeste\u015bmy zarejestrowani w <a href=\"http:\/\/www.strzelectwo.lodz.pl\/\">\u0141\u00f3dzkim Zwi\u0105zku Strzelectwa Sportowego<\/a> pod numerem 27 <\/p>\n\n\n<div class=\"wp-block-image\">\n<figure class=\"aligncenter size-full\"><img loading=\"lazy\" decoding=\"async\" width=\"399\" height=\"399\" src=\"https:\/\/sigma-shooting.pl\/wp-content\/uploads\/2023\/02\/LZSSlogo.gif\" alt=\"\" class=\"wp-image-207\"\/><figcaption class=\"wp-element-caption\"><a href=\"http:\/\/www.strzelectwo.lodz.pl\/\">http:\/\/www.strzelectwo.lodz.pl\/<\/a><\/figcaption><\/figure><\/div>\n\n\n<p>Partnerzy:<\/p>\n\n\n\n<figure class=\"wp-block-gallery has-nested-images columns-default is-cropped wp-block-gallery-4 is-layout-flex wp-block-gallery-is-layout-flex\"><\/figure>\n","protected":false},"excerpt":{"rendered":"<p>Witamy na stronie Towarzystwa Strzeleckiego SIGMA SHOOTING . Jeste\u015bmy grup\u0105 pasjonat\u00f3w broni palnej i strzelectwa sportowego. Cyklicznie organizujemy szkolenia i zawody strzeleckie. Interesujesz si\u0119 broni\u0105 i strzelectwem? Chcia\u0142by\u015b przekona\u0107 si\u0119 jak to dzia\u0142a? My\u015blisz o zdobyciu pozwolenia na bro\u0144 paln\u0105? Zapraszamy! FERIE ZIMOWE 2025 Opracowanie graficzne: Gmina Zel\u00f3w TURNIEJ UCZNI\u00d3W KLAS MUNDUROWYCH Turniej by\u0142 wsp\u00f3\u0142finansowany &hellip; <a href=\"https:\/\/sigma-shooting.pl\/\" class=\"more-link\">Czytaj dalej<span class=\"screen-reader-text\"> \u201eStrona g\u0142\u00f3wna\u201d<\/span><\/a><\/p>\n","protected":false},"author":2,"featured_media":0,"parent":0,"menu_order":0,"comment_status":"closed","ping_status":"closed","template":"","meta":{"footnotes":""},"class_list":["post-18","page","type-page","status-publish","hentry"],"yoast_head":"<!-- This site is optimized with the Yoast SEO plugin v24.3 - https:\/\/yoast.com\/wordpress\/plugins\/seo\/ -->\n<title>Strona g\u0142\u00f3wna - TOWARZYSTWO STRZELECKIE SIGMA SHOOTING<\/title>\n<meta name=\"description\" content=\"Witamy na stronie Towarzystwa Strzeleckiego SIGMA SHOOTING . My\u015blisz o zdobyciu pozwolenia na bro\u0144 paln\u0105? Zapraszamy!\" \/>\n<meta name=\"robots\" content=\"index, follow, max-snippet:-1, max-image-preview:large, max-video-preview:-1\" \/>\n<link rel=\"canonical\" href=\"https:\/\/sigma-shooting.pl\/\" \/>\n<meta property=\"og:locale\" content=\"pl_PL\" \/>\n<meta property=\"og:type\" content=\"article\" \/>\n<meta property=\"og:title\" content=\"Strona g\u0142\u00f3wna - TOWARZYSTWO STRZELECKIE SIGMA SHOOTING\" \/>\n<meta property=\"og:description\" content=\"Witamy na stronie Towarzystwa Strzeleckiego SIGMA SHOOTING . My\u015blisz o zdobyciu pozwolenia na bro\u0144 paln\u0105? Zapraszamy!\" \/>\n<meta property=\"og:url\" content=\"https:\/\/sigma-shooting.pl\/\" \/>\n<meta property=\"og:site_name\" content=\"TOWARZYSTWO STRZELECKIE SIGMA SHOOTING\" \/>\n<meta property=\"article:publisher\" content=\"https:\/\/www.facebook.com\/sigmashooting\" \/>\n<meta property=\"article:modified_time\" content=\"2025-02-13T10:19:22+00:00\" \/>\n<meta property=\"og:image\" content=\"https:\/\/sigma-shooting.pl\/wp-content\/uploads\/2023\/02\/Zalacznik-bez-tytulu-00627.jpg\" \/>\n\t<meta property=\"og:image:width\" content=\"277\" \/>\n\t<meta property=\"og:image:height\" content=\"211\" \/>\n\t<meta property=\"og:image:type\" content=\"image\/jpeg\" \/>\n<meta name=\"twitter:card\" content=\"summary_large_image\" \/>\n<meta name=\"twitter:label1\" content=\"Szacowany czas czytania\" \/>\n\t<meta name=\"twitter:data1\" content=\"4 minuty\" \/>\n<script type=\"application\/ld+json\" class=\"yoast-schema-graph\">{\"@context\":\"https:\/\/schema.org\",\"@graph\":[{\"@type\":\"WebPage\",\"@id\":\"https:\/\/sigma-shooting.pl\/\",\"url\":\"https:\/\/sigma-shooting.pl\/\",\"name\":\"Strona g\u0142\u00f3wna - TOWARZYSTWO STRZELECKIE SIGMA SHOOTING\",\"isPartOf\":{\"@id\":\"https:\/\/sigma-shooting.pl\/#website\"},\"primaryImageOfPage\":{\"@id\":\"https:\/\/sigma-shooting.pl\/#primaryimage\"},\"image\":{\"@id\":\"https:\/\/sigma-shooting.pl\/#primaryimage\"},\"thumbnailUrl\":\"https:\/\/sigma-shooting.pl\/wp-content\/uploads\/2023\/02\/Zalacznik-bez-tytulu-00627.jpg\",\"datePublished\":\"2023-02-04T23:32:25+00:00\",\"dateModified\":\"2025-02-13T10:19:22+00:00\",\"description\":\"Witamy na stronie Towarzystwa Strzeleckiego SIGMA SHOOTING . My\u015blisz o zdobyciu pozwolenia na bro\u0144 paln\u0105? Zapraszamy!\",\"breadcrumb\":{\"@id\":\"https:\/\/sigma-shooting.pl\/#breadcrumb\"},\"inLanguage\":\"pl-PL\",\"potentialAction\":[{\"@type\":\"ReadAction\",\"target\":[\"https:\/\/sigma-shooting.pl\/\"]}]},{\"@type\":\"ImageObject\",\"inLanguage\":\"pl-PL\",\"@id\":\"https:\/\/sigma-shooting.pl\/#primaryimage\",\"url\":\"https:\/\/sigma-shooting.pl\/wp-content\/uploads\/2023\/02\/Zalacznik-bez-tytulu-00627.jpg\",\"contentUrl\":\"https:\/\/sigma-shooting.pl\/wp-content\/uploads\/2023\/02\/Zalacznik-bez-tytulu-00627.jpg\",\"width\":277,\"height\":211},{\"@type\":\"BreadcrumbList\",\"@id\":\"https:\/\/sigma-shooting.pl\/#breadcrumb\",\"itemListElement\":[{\"@type\":\"ListItem\",\"position\":1,\"name\":\"Home\",\"item\":\"https:\/\/sigma-shooting.pl\/\"},{\"@type\":\"ListItem\",\"position\":2,\"name\":\"Strona g\u0142\u00f3wna\"}]},{\"@type\":\"WebSite\",\"@id\":\"https:\/\/sigma-shooting.pl\/#website\",\"url\":\"https:\/\/sigma-shooting.pl\/\",\"name\":\"TOWARZYSTWO STRZELECKIE SIGMA SHOOTING\",\"description\":\"Wszystko na bie\u017c\u0105co co dzieje si\u0119 w naszym Klubie, jak r\u00f3wnie\u017c o planach przysz\u0142ych, r\u00f3wnie\u017c o naszej historii.\",\"publisher\":{\"@id\":\"https:\/\/sigma-shooting.pl\/#organization\"},\"potentialAction\":[{\"@type\":\"SearchAction\",\"target\":{\"@type\":\"EntryPoint\",\"urlTemplate\":\"https:\/\/sigma-shooting.pl\/?s={search_term_string}\"},\"query-input\":{\"@type\":\"PropertyValueSpecification\",\"valueRequired\":true,\"valueName\":\"search_term_string\"}}],\"inLanguage\":\"pl-PL\"},{\"@type\":\"Organization\",\"@id\":\"https:\/\/sigma-shooting.pl\/#organization\",\"name\":\"TOWARZYSTWO STRZELECKIE SIGMA SHOOTING\",\"url\":\"https:\/\/sigma-shooting.pl\/\",\"logo\":{\"@type\":\"ImageObject\",\"inLanguage\":\"pl-PL\",\"@id\":\"https:\/\/sigma-shooting.pl\/#\/schema\/logo\/image\/\",\"url\":\"https:\/\/sigma-shooting.pl\/wp-content\/uploads\/2023\/02\/cropped-ss_stopka.jpg\",\"contentUrl\":\"https:\/\/sigma-shooting.pl\/wp-content\/uploads\/2023\/02\/cropped-ss_stopka.jpg\",\"width\":269,\"height\":211,\"caption\":\"TOWARZYSTWO STRZELECKIE SIGMA SHOOTING\"},\"image\":{\"@id\":\"https:\/\/sigma-shooting.pl\/#\/schema\/logo\/image\/\"},\"sameAs\":[\"https:\/\/www.facebook.com\/sigmashooting\"]}]}<\/script>\n<!-- \/ Yoast SEO plugin. -->","yoast_head_json":{"title":"Strona g\u0142\u00f3wna - TOWARZYSTWO STRZELECKIE SIGMA SHOOTING","description":"Witamy na stronie Towarzystwa Strzeleckiego SIGMA SHOOTING . My\u015blisz o zdobyciu pozwolenia na bro\u0144 paln\u0105? Zapraszamy!","robots":{"index":"index","follow":"follow","max-snippet":"max-snippet:-1","max-image-preview":"max-image-preview:large","max-video-preview":"max-video-preview:-1"},"canonical":"https:\/\/sigma-shooting.pl\/","og_locale":"pl_PL","og_type":"article","og_title":"Strona g\u0142\u00f3wna - TOWARZYSTWO STRZELECKIE SIGMA SHOOTING","og_description":"Witamy na stronie Towarzystwa Strzeleckiego SIGMA SHOOTING . My\u015blisz o zdobyciu pozwolenia na bro\u0144 paln\u0105? Zapraszamy!","og_url":"https:\/\/sigma-shooting.pl\/","og_site_name":"TOWARZYSTWO STRZELECKIE SIGMA SHOOTING","article_publisher":"https:\/\/www.facebook.com\/sigmashooting","article_modified_time":"2025-02-13T10:19:22+00:00","og_image":[{"width":277,"height":211,"url":"https:\/\/sigma-shooting.pl\/wp-content\/uploads\/2023\/02\/Zalacznik-bez-tytulu-00627.jpg","type":"image\/jpeg"}],"twitter_card":"summary_large_image","twitter_misc":{"Szacowany czas czytania":"4 minuty"},"schema":{"@context":"https:\/\/schema.org","@graph":[{"@type":"WebPage","@id":"https:\/\/sigma-shooting.pl\/","url":"https:\/\/sigma-shooting.pl\/","name":"Strona g\u0142\u00f3wna - TOWARZYSTWO STRZELECKIE SIGMA SHOOTING","isPartOf":{"@id":"https:\/\/sigma-shooting.pl\/#website"},"primaryImageOfPage":{"@id":"https:\/\/sigma-shooting.pl\/#primaryimage"},"image":{"@id":"https:\/\/sigma-shooting.pl\/#primaryimage"},"thumbnailUrl":"https:\/\/sigma-shooting.pl\/wp-content\/uploads\/2023\/02\/Zalacznik-bez-tytulu-00627.jpg","datePublished":"2023-02-04T23:32:25+00:00","dateModified":"2025-02-13T10:19:22+00:00","description":"Witamy na stronie Towarzystwa Strzeleckiego SIGMA SHOOTING . My\u015blisz o zdobyciu pozwolenia na bro\u0144 paln\u0105? Zapraszamy!","breadcrumb":{"@id":"https:\/\/sigma-shooting.pl\/#breadcrumb"},"inLanguage":"pl-PL","potentialAction":[{"@type":"ReadAction","target":["https:\/\/sigma-shooting.pl\/"]}]},{"@type":"ImageObject","inLanguage":"pl-PL","@id":"https:\/\/sigma-shooting.pl\/#primaryimage","url":"https:\/\/sigma-shooting.pl\/wp-content\/uploads\/2023\/02\/Zalacznik-bez-tytulu-00627.jpg","contentUrl":"https:\/\/sigma-shooting.pl\/wp-content\/uploads\/2023\/02\/Zalacznik-bez-tytulu-00627.jpg","width":277,"height":211},{"@type":"BreadcrumbList","@id":"https:\/\/sigma-shooting.pl\/#breadcrumb","itemListElement":[{"@type":"ListItem","position":1,"name":"Home","item":"https:\/\/sigma-shooting.pl\/"},{"@type":"ListItem","position":2,"name":"Strona g\u0142\u00f3wna"}]},{"@type":"WebSite","@id":"https:\/\/sigma-shooting.pl\/#website","url":"https:\/\/sigma-shooting.pl\/","name":"TOWARZYSTWO STRZELECKIE SIGMA SHOOTING","description":"Wszystko na bie\u017c\u0105co co dzieje si\u0119 w naszym Klubie, jak r\u00f3wnie\u017c o planach przysz\u0142ych, r\u00f3wnie\u017c o naszej historii.","publisher":{"@id":"https:\/\/sigma-shooting.pl\/#organization"},"potentialAction":[{"@type":"SearchAction","target":{"@type":"EntryPoint","urlTemplate":"https:\/\/sigma-shooting.pl\/?s={search_term_string}"},"query-input":{"@type":"PropertyValueSpecification","valueRequired":true,"valueName":"search_term_string"}}],"inLanguage":"pl-PL"},{"@type":"Organization","@id":"https:\/\/sigma-shooting.pl\/#organization","name":"TOWARZYSTWO STRZELECKIE SIGMA SHOOTING","url":"https:\/\/sigma-shooting.pl\/","logo":{"@type":"ImageObject","inLanguage":"pl-PL","@id":"https:\/\/sigma-shooting.pl\/#\/schema\/logo\/image\/","url":"https:\/\/sigma-shooting.pl\/wp-content\/uploads\/2023\/02\/cropped-ss_stopka.jpg","contentUrl":"https:\/\/sigma-shooting.pl\/wp-content\/uploads\/2023\/02\/cropped-ss_stopka.jpg","width":269,"height":211,"caption":"TOWARZYSTWO STRZELECKIE SIGMA SHOOTING"},"image":{"@id":"https:\/\/sigma-shooting.pl\/#\/schema\/logo\/image\/"},"sameAs":["https:\/\/www.facebook.com\/sigmashooting"]}]}},"_links":{"self":[{"href":"https:\/\/sigma-shooting.pl\/index.php?rest_route=\/wp\/v2\/pages\/18","targetHints":{"allow":["GET"]}}],"collection":[{"href":"https:\/\/sigma-shooting.pl\/index.php?rest_route=\/wp\/v2\/pages"}],"about":[{"href":"https:\/\/sigma-shooting.pl\/index.php?rest_route=\/wp\/v2\/types\/page"}],"author":[{"embeddable":true,"href":"https:\/\/sigma-shooting.pl\/index.php?rest_route=\/wp\/v2\/users\/2"}],"replies":[{"embeddable":true,"href":"https:\/\/sigma-shooting.pl\/index.php?rest_route=%2Fwp%2Fv2%2Fcomments&post=18"}],"version-history":[{"count":17,"href":"https:\/\/sigma-shooting.pl\/index.php?rest_route=\/wp\/v2\/pages\/18\/revisions"}],"predecessor-version":[{"id":745,"href":"https:\/\/sigma-shooting.pl\/index.php?rest_route=\/wp\/v2\/pages\/18\/revisions\/745"}],"wp:attachment":[{"href":"https:\/\/sigma-shooting.pl\/index.php?rest_route=%2Fwp%2Fv2%2Fmedia&parent=18"}],"curies":[{"name":"wp","href":"https:\/\/api.w.org\/{rel}","templated":true}]}}