{"id":101,"date":"2023-02-13T21:18:52","date_gmt":"2023-02-13T20:18:52","guid":{"rendered":"https:\/\/sigma-shooting.pl\/?page_id=101"},"modified":"2025-02-13T11:22:56","modified_gmt":"2025-02-13T10:22:56","slug":"dokumenty","status":"publish","type":"page","link":"https:\/\/sigma-shooting.pl\/?page_id=101","title":{"rendered":"Dokumenty"},"content":{"rendered":"\n<p>Tutaj zamieszczamy dokumenty, kt\u00f3re b\u0119d\u0105 Ci potrzebne w trakcie rozpocz\u0119cia przynale\u017cno\u015bci, jak r\u00f3wnie\u017c w trakcie bycia cz\u0142onkiem SIGMY SHOOTING.<\/p>\n\n\n\n<p>Gdyby tutaj Ci czego\u015b brakowa\u0142o pisz na maila: wsparcie@sigma-shooting.pl<\/p>\n\n\n\n<figure class=\"wp-block-gallery has-nested-images columns-default is-cropped wp-block-gallery-1 is-layout-flex wp-block-gallery-is-layout-flex\">\n<figure class=\"wp-block-image size-medium is-style-rounded\"><img fetchpriority=\"high\" decoding=\"async\" width=\"300\" height=\"300\" data-id=\"126\" src=\"https:\/\/sigma-shooting.pl\/wp-content\/uploads\/2023\/02\/ikona-poufne-dokumenty-650954-300x300.jpg\" alt=\"\" class=\"wp-image-126\" srcset=\"https:\/\/sigma-shooting.pl\/wp-content\/uploads\/2023\/02\/ikona-poufne-dokumenty-650954-300x300.jpg 300w, https:\/\/sigma-shooting.pl\/wp-content\/uploads\/2023\/02\/ikona-poufne-dokumenty-650954-150x150.jpg 150w, https:\/\/sigma-shooting.pl\/wp-content\/uploads\/2023\/02\/ikona-poufne-dokumenty-650954-768x768.jpg 768w, https:\/\/sigma-shooting.pl\/wp-content\/uploads\/2023\/02\/ikona-poufne-dokumenty-650954-60x60.jpg 60w, https:\/\/sigma-shooting.pl\/wp-content\/uploads\/2023\/02\/ikona-poufne-dokumenty-650954.jpg 800w\" sizes=\"(max-width: 300px) 85vw, 300px\" \/><\/figure>\n<\/figure>\n\n\n\n<p>Zgoda rodzica na udzia\u0142 w zaj\u0119ciach w czasie Ferii zimowych 2025: link<\/p>\n\n\n\n<p><a href=\"https:\/\/sigma-shooting.pl\/wp-content\/uploads\/2025\/02\/ZGODA-RODZICA-na-wycieczke.docx\">https:\/\/sigma-shooting.pl\/wp-content\/uploads\/2025\/02\/ZGODA-RODZICA-na-wycieczke.docx<\/a><\/p>\n\n\n\n<p><a href=\"https:\/\/sigma-shooting.pl\/wp-content\/uploads\/2025\/02\/ZGODA-RODZICA-na-zajecia.docx\">https:\/\/sigma-shooting.pl\/wp-content\/uploads\/2025\/02\/ZGODA-RODZICA-na-zajecia.docx<\/a><\/p>\n\n\n\n<p>Standardy ochrony ma\u0142oletnich: <em><a href=\"https:\/\/sigma-shooting.pl\/wp-content\/uploads\/2024\/11\/StandardyOchrony.pdf\">link<\/a><\/em><\/p>\n\n\n\n<p>Za\u0142\u0105cznik nr I o standard\u00f3w ochrony ma\u0142oletnich : <a href=\"https:\/\/sigma-shooting.pl\/wp-content\/uploads\/2024\/11\/StandardyOchrony_SS_Zalacznik_I.pdf\">link<\/a><\/p>\n\n\n\n<p>Za\u0142\u0105cznik II i III do standard\u00f3w ochrony ma\u0142oletnich: <a href=\"https:\/\/sigma-shooting.pl\/wp-content\/uploads\/2024\/11\/StandardyOchrony_SS_Zalacznik_II_III.pdf\">link<\/a><\/p>\n\n\n\n<p>Statut stowarzyszenia: <a href=\"https:\/\/sigma-shooting.pl\/wp-content\/uploads\/2023\/02\/STATUT_27_11_2016.pdf\" target=\"_blank\" rel=\"noreferrer noopener\">Link<\/a><\/p>\n\n\n\n<p>Aktualny KRS: <a href=\"https:\/\/sigma-shooting.pl\/wp-content\/uploads\/2023\/02\/odpis_aktualny_652508_1676233571970.pdf\" target=\"_blank\" rel=\"noreferrer noopener\">Link<\/a><\/p>\n\n\n\n<p>Deklaracja cz\u0142onkowska : <a href=\"https:\/\/sigma-shooting.pl\/wp-content\/uploads\/2023\/02\/deklaracjaSS.pdf\" target=\"_blank\" rel=\"noreferrer noopener\">Link<\/a><\/p>\n\n\n\n<p>Rezultaty z zawod\u00f3w w woj. \u0142\u00f3dzkim: <a href=\"http:\/\/www.strzelectwo.lodz.pl\/strzelectwo_kalendarz.php\">link<\/a><\/p>\n\n\n\n<script async=\"\" src=\"https:\/\/pagead2.googlesyndication.com\/pagead\/js\/adsbygoogle.js?client=ca-pub-7218641471018334\" crossorigin=\"anonymous\"><\/script>\n","protected":false},"excerpt":{"rendered":"<p>Tutaj zamieszczamy dokumenty, kt\u00f3re b\u0119d\u0105 Ci potrzebne w trakcie rozpocz\u0119cia przynale\u017cno\u015bci, jak r\u00f3wnie\u017c w trakcie bycia cz\u0142onkiem SIGMY SHOOTING. Gdyby tutaj Ci czego\u015b brakowa\u0142o pisz na maila: wsparcie@sigma-shooting.pl Zgoda rodzica na udzia\u0142 w zaj\u0119ciach w czasie Ferii zimowych 2025: link https:\/\/sigma-shooting.pl\/wp-content\/uploads\/2025\/02\/ZGODA-RODZICA-na-wycieczke.docx https:\/\/sigma-shooting.pl\/wp-content\/uploads\/2025\/02\/ZGODA-RODZICA-na-zajecia.docx Standardy ochrony ma\u0142oletnich: link Za\u0142\u0105cznik nr I o standard\u00f3w ochrony ma\u0142oletnich : link &hellip; <a href=\"https:\/\/sigma-shooting.pl\/?page_id=101\" class=\"more-link\">Czytaj dalej<span class=\"screen-reader-text\"> \u201eDokumenty\u201d<\/span><\/a><\/p>\n","protected":false},"author":2,"featured_media":0,"parent":0,"menu_order":0,"comment_status":"closed","ping_status":"closed","template":"","meta":{"footnotes":""},"class_list":["post-101","page","type-page","status-publish","hentry"],"yoast_head":"<!-- This site is optimized with the Yoast SEO plugin v24.3 - https:\/\/yoast.com\/wordpress\/plugins\/seo\/ -->\n<title>Dokumenty - TOWARZYSTWO STRZELECKIE SIGMA SHOOTING<\/title>\n<meta name=\"description\" content=\"Tutaj zamieszczamy dokumenty, kt\u00f3re b\u0119d\u0105 Ci potrzebne w trakcie rozpocz\u0119cia przynale\u017cno\u015bci, jak r\u00f3wnie\u017c w trakcie bycia cz\u0142onkiem SIGMY.\" \/>\n<meta name=\"robots\" content=\"index, follow, max-snippet:-1, max-image-preview:large, max-video-preview:-1\" \/>\n<link rel=\"canonical\" href=\"https:\/\/sigma-shooting.pl\/?page_id=101\" \/>\n<meta property=\"og:locale\" content=\"pl_PL\" \/>\n<meta property=\"og:type\" content=\"article\" \/>\n<meta property=\"og:title\" content=\"Dokumenty - TOWARZYSTWO STRZELECKIE SIGMA SHOOTING\" \/>\n<meta property=\"og:description\" content=\"Tutaj zamieszczamy dokumenty, kt\u00f3re b\u0119d\u0105 Ci potrzebne w trakcie rozpocz\u0119cia przynale\u017cno\u015bci, jak r\u00f3wnie\u017c w trakcie bycia cz\u0142onkiem SIGMY.\" \/>\n<meta property=\"og:url\" content=\"https:\/\/sigma-shooting.pl\/?page_id=101\" \/>\n<meta property=\"og:site_name\" content=\"TOWARZYSTWO STRZELECKIE SIGMA SHOOTING\" \/>\n<meta property=\"article:publisher\" content=\"https:\/\/www.facebook.com\/sigmashooting\" \/>\n<meta property=\"article:modified_time\" content=\"2025-02-13T10:22:56+00:00\" \/>\n<meta property=\"og:image\" content=\"https:\/\/sigma-shooting.pl\/wp-content\/uploads\/2023\/02\/ikona-poufne-dokumenty-650954.jpg\" \/>\n\t<meta property=\"og:image:width\" content=\"800\" \/>\n\t<meta property=\"og:image:height\" content=\"800\" \/>\n\t<meta property=\"og:image:type\" content=\"image\/jpeg\" \/>\n<meta name=\"twitter:card\" content=\"summary_large_image\" \/>\n<meta name=\"twitter:label1\" content=\"Szacowany czas czytania\" \/>\n\t<meta name=\"twitter:data1\" content=\"1 minuta\" \/>\n<script type=\"application\/ld+json\" class=\"yoast-schema-graph\">{\"@context\":\"https:\/\/schema.org\",\"@graph\":[{\"@type\":\"WebPage\",\"@id\":\"https:\/\/sigma-shooting.pl\/?page_id=101\",\"url\":\"https:\/\/sigma-shooting.pl\/?page_id=101\",\"name\":\"Dokumenty - TOWARZYSTWO STRZELECKIE SIGMA SHOOTING\",\"isPartOf\":{\"@id\":\"https:\/\/sigma-shooting.pl\/#website\"},\"primaryImageOfPage\":{\"@id\":\"https:\/\/sigma-shooting.pl\/?page_id=101#primaryimage\"},\"image\":{\"@id\":\"https:\/\/sigma-shooting.pl\/?page_id=101#primaryimage\"},\"thumbnailUrl\":\"https:\/\/sigma-shooting.pl\/wp-content\/uploads\/2023\/02\/ikona-poufne-dokumenty-650954-300x300.jpg\",\"datePublished\":\"2023-02-13T20:18:52+00:00\",\"dateModified\":\"2025-02-13T10:22:56+00:00\",\"description\":\"Tutaj zamieszczamy dokumenty, kt\u00f3re b\u0119d\u0105 Ci potrzebne w trakcie rozpocz\u0119cia przynale\u017cno\u015bci, jak r\u00f3wnie\u017c w trakcie bycia cz\u0142onkiem SIGMY.\",\"breadcrumb\":{\"@id\":\"https:\/\/sigma-shooting.pl\/?page_id=101#breadcrumb\"},\"inLanguage\":\"pl-PL\",\"potentialAction\":[{\"@type\":\"ReadAction\",\"target\":[\"https:\/\/sigma-shooting.pl\/?page_id=101\"]}]},{\"@type\":\"ImageObject\",\"inLanguage\":\"pl-PL\",\"@id\":\"https:\/\/sigma-shooting.pl\/?page_id=101#primaryimage\",\"url\":\"https:\/\/sigma-shooting.pl\/wp-content\/uploads\/2023\/02\/ikona-poufne-dokumenty-650954.jpg\",\"contentUrl\":\"https:\/\/sigma-shooting.pl\/wp-content\/uploads\/2023\/02\/ikona-poufne-dokumenty-650954.jpg\",\"width\":800,\"height\":800},{\"@type\":\"BreadcrumbList\",\"@id\":\"https:\/\/sigma-shooting.pl\/?page_id=101#breadcrumb\",\"itemListElement\":[{\"@type\":\"ListItem\",\"position\":1,\"name\":\"Home\",\"item\":\"https:\/\/sigma-shooting.pl\/\"},{\"@type\":\"ListItem\",\"position\":2,\"name\":\"Dokumenty\"}]},{\"@type\":\"WebSite\",\"@id\":\"https:\/\/sigma-shooting.pl\/#website\",\"url\":\"https:\/\/sigma-shooting.pl\/\",\"name\":\"TOWARZYSTWO STRZELECKIE SIGMA SHOOTING\",\"description\":\"Wszystko na bie\u017c\u0105co co dzieje si\u0119 w naszym Klubie, jak r\u00f3wnie\u017c o planach przysz\u0142ych, r\u00f3wnie\u017c o naszej historii.\",\"publisher\":{\"@id\":\"https:\/\/sigma-shooting.pl\/#organization\"},\"potentialAction\":[{\"@type\":\"SearchAction\",\"target\":{\"@type\":\"EntryPoint\",\"urlTemplate\":\"https:\/\/sigma-shooting.pl\/?s={search_term_string}\"},\"query-input\":{\"@type\":\"PropertyValueSpecification\",\"valueRequired\":true,\"valueName\":\"search_term_string\"}}],\"inLanguage\":\"pl-PL\"},{\"@type\":\"Organization\",\"@id\":\"https:\/\/sigma-shooting.pl\/#organization\",\"name\":\"TOWARZYSTWO STRZELECKIE SIGMA SHOOTING\",\"url\":\"https:\/\/sigma-shooting.pl\/\",\"logo\":{\"@type\":\"ImageObject\",\"inLanguage\":\"pl-PL\",\"@id\":\"https:\/\/sigma-shooting.pl\/#\/schema\/logo\/image\/\",\"url\":\"https:\/\/sigma-shooting.pl\/wp-content\/uploads\/2023\/02\/cropped-ss_stopka.jpg\",\"contentUrl\":\"https:\/\/sigma-shooting.pl\/wp-content\/uploads\/2023\/02\/cropped-ss_stopka.jpg\",\"width\":269,\"height\":211,\"caption\":\"TOWARZYSTWO STRZELECKIE SIGMA SHOOTING\"},\"image\":{\"@id\":\"https:\/\/sigma-shooting.pl\/#\/schema\/logo\/image\/\"},\"sameAs\":[\"https:\/\/www.facebook.com\/sigmashooting\"]}]}<\/script>\n<!-- \/ Yoast SEO plugin. -->","yoast_head_json":{"title":"Dokumenty - TOWARZYSTWO STRZELECKIE SIGMA SHOOTING","description":"Tutaj zamieszczamy dokumenty, kt\u00f3re b\u0119d\u0105 Ci potrzebne w trakcie rozpocz\u0119cia przynale\u017cno\u015bci, jak r\u00f3wnie\u017c w trakcie bycia cz\u0142onkiem SIGMY.","robots":{"index":"index","follow":"follow","max-snippet":"max-snippet:-1","max-image-preview":"max-image-preview:large","max-video-preview":"max-video-preview:-1"},"canonical":"https:\/\/sigma-shooting.pl\/?page_id=101","og_locale":"pl_PL","og_type":"article","og_title":"Dokumenty - TOWARZYSTWO STRZELECKIE SIGMA SHOOTING","og_description":"Tutaj zamieszczamy dokumenty, kt\u00f3re b\u0119d\u0105 Ci potrzebne w trakcie rozpocz\u0119cia przynale\u017cno\u015bci, jak r\u00f3wnie\u017c w trakcie bycia cz\u0142onkiem SIGMY.","og_url":"https:\/\/sigma-shooting.pl\/?page_id=101","og_site_name":"TOWARZYSTWO STRZELECKIE SIGMA SHOOTING","article_publisher":"https:\/\/www.facebook.com\/sigmashooting","article_modified_time":"2025-02-13T10:22:56+00:00","og_image":[{"width":800,"height":800,"url":"https:\/\/sigma-shooting.pl\/wp-content\/uploads\/2023\/02\/ikona-poufne-dokumenty-650954.jpg","type":"image\/jpeg"}],"twitter_card":"summary_large_image","twitter_misc":{"Szacowany czas czytania":"1 minuta"},"schema":{"@context":"https:\/\/schema.org","@graph":[{"@type":"WebPage","@id":"https:\/\/sigma-shooting.pl\/?page_id=101","url":"https:\/\/sigma-shooting.pl\/?page_id=101","name":"Dokumenty - TOWARZYSTWO STRZELECKIE SIGMA SHOOTING","isPartOf":{"@id":"https:\/\/sigma-shooting.pl\/#website"},"primaryImageOfPage":{"@id":"https:\/\/sigma-shooting.pl\/?page_id=101#primaryimage"},"image":{"@id":"https:\/\/sigma-shooting.pl\/?page_id=101#primaryimage"},"thumbnailUrl":"https:\/\/sigma-shooting.pl\/wp-content\/uploads\/2023\/02\/ikona-poufne-dokumenty-650954-300x300.jpg","datePublished":"2023-02-13T20:18:52+00:00","dateModified":"2025-02-13T10:22:56+00:00","description":"Tutaj zamieszczamy dokumenty, kt\u00f3re b\u0119d\u0105 Ci potrzebne w trakcie rozpocz\u0119cia przynale\u017cno\u015bci, jak r\u00f3wnie\u017c w trakcie bycia cz\u0142onkiem SIGMY.","breadcrumb":{"@id":"https:\/\/sigma-shooting.pl\/?page_id=101#breadcrumb"},"inLanguage":"pl-PL","potentialAction":[{"@type":"ReadAction","target":["https:\/\/sigma-shooting.pl\/?page_id=101"]}]},{"@type":"ImageObject","inLanguage":"pl-PL","@id":"https:\/\/sigma-shooting.pl\/?page_id=101#primaryimage","url":"https:\/\/sigma-shooting.pl\/wp-content\/uploads\/2023\/02\/ikona-poufne-dokumenty-650954.jpg","contentUrl":"https:\/\/sigma-shooting.pl\/wp-content\/uploads\/2023\/02\/ikona-poufne-dokumenty-650954.jpg","width":800,"height":800},{"@type":"BreadcrumbList","@id":"https:\/\/sigma-shooting.pl\/?page_id=101#breadcrumb","itemListElement":[{"@type":"ListItem","position":1,"name":"Home","item":"https:\/\/sigma-shooting.pl\/"},{"@type":"ListItem","position":2,"name":"Dokumenty"}]},{"@type":"WebSite","@id":"https:\/\/sigma-shooting.pl\/#website","url":"https:\/\/sigma-shooting.pl\/","name":"TOWARZYSTWO STRZELECKIE SIGMA SHOOTING","description":"Wszystko na bie\u017c\u0105co co dzieje si\u0119 w naszym Klubie, jak r\u00f3wnie\u017c o planach przysz\u0142ych, r\u00f3wnie\u017c o naszej historii.","publisher":{"@id":"https:\/\/sigma-shooting.pl\/#organization"},"potentialAction":[{"@type":"SearchAction","target":{"@type":"EntryPoint","urlTemplate":"https:\/\/sigma-shooting.pl\/?s={search_term_string}"},"query-input":{"@type":"PropertyValueSpecification","valueRequired":true,"valueName":"search_term_string"}}],"inLanguage":"pl-PL"},{"@type":"Organization","@id":"https:\/\/sigma-shooting.pl\/#organization","name":"TOWARZYSTWO STRZELECKIE SIGMA SHOOTING","url":"https:\/\/sigma-shooting.pl\/","logo":{"@type":"ImageObject","inLanguage":"pl-PL","@id":"https:\/\/sigma-shooting.pl\/#\/schema\/logo\/image\/","url":"https:\/\/sigma-shooting.pl\/wp-content\/uploads\/2023\/02\/cropped-ss_stopka.jpg","contentUrl":"https:\/\/sigma-shooting.pl\/wp-content\/uploads\/2023\/02\/cropped-ss_stopka.jpg","width":269,"height":211,"caption":"TOWARZYSTWO STRZELECKIE SIGMA SHOOTING"},"image":{"@id":"https:\/\/sigma-shooting.pl\/#\/schema\/logo\/image\/"},"sameAs":["https:\/\/www.facebook.com\/sigmashooting"]}]}},"_links":{"self":[{"href":"https:\/\/sigma-shooting.pl\/index.php?rest_route=\/wp\/v2\/pages\/101","targetHints":{"allow":["GET"]}}],"collection":[{"href":"https:\/\/sigma-shooting.pl\/index.php?rest_route=\/wp\/v2\/pages"}],"about":[{"href":"https:\/\/sigma-shooting.pl\/index.php?rest_route=\/wp\/v2\/types\/page"}],"author":[{"embeddable":true,"href":"https:\/\/sigma-shooting.pl\/index.php?rest_route=\/wp\/v2\/users\/2"}],"replies":[{"embeddable":true,"href":"https:\/\/sigma-shooting.pl\/index.php?rest_route=%2Fwp%2Fv2%2Fcomments&post=101"}],"version-history":[{"count":14,"href":"https:\/\/sigma-shooting.pl\/index.php?rest_route=\/wp\/v2\/pages\/101\/revisions"}],"predecessor-version":[{"id":750,"href":"https:\/\/sigma-shooting.pl\/index.php?rest_route=\/wp\/v2\/pages\/101\/revisions\/750"}],"wp:attachment":[{"href":"https:\/\/sigma-shooting.pl\/index.php?rest_route=%2Fwp%2Fv2%2Fmedia&parent=101"}],"curies":[{"name":"wp","href":"https:\/\/api.w.org\/{rel}","templated":true}]}}